{"id":13063,"date":"2024-02-05T17:01:26","date_gmt":"2024-02-05T18:01:26","guid":{"rendered":"https:\/\/guidetotheazores.pt\/?post_type=product&#038;p=13063"},"modified":"2024-02-06T05:25:37","modified_gmt":"2024-02-06T06:25:37","slug":"van-tour-west-coast-half-day","status":"publish","type":"product","link":"https:\/\/guidetotheazores.pt\/pt-pt\/produto\/van-tour-west-coast-half-day\/","title":{"rendered":"VAN TOUR &#8211; West Coast (Half Day)"},"content":{"rendered":"<h2>A zona oeste da ilha Terceira \u00e9 uma das zonas mais cobi\u00e7adas!<\/h2>\n<h3>Dura\u00e7\u00e3o: 3H<\/h3>\n<h3>Acerca de<\/h3>\n<p>A zona Oeste da ilha Terceira \u00e9 uma das zonas mais cobi\u00e7adas, tem belas paisagens proporcionadas por miradouros espalhados por diferentes localidades, tem tamb\u00e9m imensas zonas de lazer e muito mais para explorar. Este passeio inclui ainda uma prova de queijos.<\/p>\n<h3>Destaques<\/h3>\n<p>Monte Brasil<br \/>\nIgrejas e imp\u00e9rios<br \/>\nS\u00e3o Mateus<br \/>\nMata da Serreta<br \/>\nPiscinas naturais dos Biscoitos<\/p>\n<h3>Inclui:<\/h3>\n<p>Guia tur\u00edstico<br \/>\nProva de queijos<br \/>\nSeguro de Acidentes Pessoais<br \/>\nPick up e Drop off em Angra do Hero\u00edsmo<\/p>\n<h3>Ponto de encontro:<\/h3>\n<p>O nosso escrit\u00f3rio em Angra do Hero\u00edsmo<\/p>\n","protected":false},"excerpt":{"rendered":"<p>A zona Oeste da ilha Terceira \u00e9 uma das zonas mais cobi\u00e7adas, tem belas paisagens proporcionadas por miradouros espalhados por diferentes localidades, tem tamb\u00e9m imensas zonas de lazer e muito mais para explorar. Este passeio inclui ainda uma prova de queijos.<\/p>\n","protected":false},"featured_media":12608,"comment_status":"open","ping_status":"closed","template":"","meta":{"_acf_changed":false},"product_brand":[],"product_cat":[],"product_tag":[],"class_list":{"0":"post-13063","1":"product","2":"type-product","3":"status-publish","4":"has-post-thumbnail","7":"first","8":"instock","9":"sold-individually","10":"taxable","11":"shipping-taxable","12":"purchasable","13":"product-type-phive_booking"},"acf":[],"_links":{"self":[{"href":"https:\/\/guidetotheazores.pt\/pt-pt\/wp-json\/wp\/v2\/product\/13063","targetHints":{"allow":["GET"]}}],"collection":[{"href":"https:\/\/guidetotheazores.pt\/pt-pt\/wp-json\/wp\/v2\/product"}],"about":[{"href":"https:\/\/guidetotheazores.pt\/pt-pt\/wp-json\/wp\/v2\/types\/product"}],"replies":[{"embeddable":true,"href":"https:\/\/guidetotheazores.pt\/pt-pt\/wp-json\/wp\/v2\/comments?post=13063"}],"wp:featuredmedia":[{"embeddable":true,"href":"https:\/\/guidetotheazores.pt\/pt-pt\/wp-json\/wp\/v2\/media\/12608"}],"wp:attachment":[{"href":"https:\/\/guidetotheazores.pt\/pt-pt\/wp-json\/wp\/v2\/media?parent=13063"}],"wp:term":[{"taxonomy":"product_brand","embeddable":true,"href":"https:\/\/guidetotheazores.pt\/pt-pt\/wp-json\/wp\/v2\/product_brand?post=13063"},{"taxonomy":"product_cat","embeddable":true,"href":"https:\/\/guidetotheazores.pt\/pt-pt\/wp-json\/wp\/v2\/product_cat?post=13063"},{"taxonomy":"product_tag","embeddable":true,"href":"https:\/\/guidetotheazores.pt\/pt-pt\/wp-json\/wp\/v2\/product_tag?post=13063"}],"curies":[{"name":"wp","href":"https:\/\/api.w.org\/{rel}","templated":true}]}}