{"id":13213,"date":"2024-02-06T06:07:30","date_gmt":"2024-02-06T07:07:30","guid":{"rendered":"https:\/\/guidetotheazores.pt\/product\/o-refugio-patio-bbq-100-privado-espacoso-e-sereno-%e2%9b%b1\/"},"modified":"2026-02-01T10:00:38","modified_gmt":"2026-02-01T11:00:38","slug":"o-refugio-patio-bbq-100-privado-espacoso-e-sereno-%e2%9b%b1","status":"publish","type":"product","link":"https:\/\/guidetotheazores.pt\/pt-pt\/produto\/o-refugio-patio-bbq-100-privado-espacoso-e-sereno-%e2%9b%b1\/","title":{"rendered":"O Ref\u00fagio &#8211; P\u00e1tio &amp; BBQ | 100% privado | Espa\u00e7oso e tranquilo \u26f1"},"content":{"rendered":"<p>No Ref\u00fagio, vais sentir-te em casa. Gostamos de espa\u00e7os confort\u00e1veis, calmos e rodeados pela natureza e deix\u00e1mos isso transparecer nos nossos alojamentos.<\/p>\n<p>Aqui est\u00e3o alguns dos destaques que achamos que vais gostar:<\/p>\n<p>* Localiza\u00e7\u00e3o central mas privada<\/p>\n<p>* Bairro tranquilo e bem cuidado<\/p>\n<p>* \u00c1reas espa\u00e7osas<\/p>\n<p>* Grandma&#8217;s Haystack &#8211; Forno a lenha r\u00fastico com churrasco<\/p>\n<p>* Prime Video<\/p>\n<p>* Loft<\/p>\n<p>* Parque de estacionamento privado<\/p>\n<p>* Condi\u00e7\u00f5es especiais para as actividades tur\u00edsticas<\/p>\n<p>Bem-vindo &#8211; estamos ansiosos por te conhecer!<\/p>\n","protected":false},"excerpt":{"rendered":"<p>No Ref\u00fagio, vais sentir-te em casa. Gostamos de espa\u00e7os confort\u00e1veis, calmos e rodeados pela natureza e deix\u00e1mos isso transparecer nos nossos alojamentos.<\/p>\n<p>M\u00e1ximo 3 pessoas<\/p>\n","protected":false},"featured_media":13211,"comment_status":"open","ping_status":"closed","template":"","meta":{"_acf_changed":false},"product_brand":[],"product_cat":[536,533,19279,556],"product_tag":[19340],"class_list":{"0":"post-13213","1":"product","2":"type-product","3":"status-publish","4":"has-post-thumbnail","6":"product_cat-alojamento","7":"product_cat-alojamento-local-pt-pt","8":"product_cat-terceira-pt-pt","9":"product_cat-todas-as-ilhas","10":"product_tag-ilhaterceira","12":"first","13":"instock","14":"virtual","15":"sold-individually","16":"taxable","17":"purchasable","18":"product-type-phive_booking"},"acf":[],"_links":{"self":[{"href":"https:\/\/guidetotheazores.pt\/pt-pt\/wp-json\/wp\/v2\/product\/13213","targetHints":{"allow":["GET"]}}],"collection":[{"href":"https:\/\/guidetotheazores.pt\/pt-pt\/wp-json\/wp\/v2\/product"}],"about":[{"href":"https:\/\/guidetotheazores.pt\/pt-pt\/wp-json\/wp\/v2\/types\/product"}],"replies":[{"embeddable":true,"href":"https:\/\/guidetotheazores.pt\/pt-pt\/wp-json\/wp\/v2\/comments?post=13213"}],"wp:featuredmedia":[{"embeddable":true,"href":"https:\/\/guidetotheazores.pt\/pt-pt\/wp-json\/wp\/v2\/media\/13211"}],"wp:attachment":[{"href":"https:\/\/guidetotheazores.pt\/pt-pt\/wp-json\/wp\/v2\/media?parent=13213"}],"wp:term":[{"taxonomy":"product_brand","embeddable":true,"href":"https:\/\/guidetotheazores.pt\/pt-pt\/wp-json\/wp\/v2\/product_brand?post=13213"},{"taxonomy":"product_cat","embeddable":true,"href":"https:\/\/guidetotheazores.pt\/pt-pt\/wp-json\/wp\/v2\/product_cat?post=13213"},{"taxonomy":"product_tag","embeddable":true,"href":"https:\/\/guidetotheazores.pt\/pt-pt\/wp-json\/wp\/v2\/product_tag?post=13213"}],"curies":[{"name":"wp","href":"https:\/\/api.w.org\/{rel}","templated":true}]}}