{"id":13332,"date":"2024-02-06T14:42:59","date_gmt":"2024-02-06T15:42:59","guid":{"rendered":"https:\/\/guidetotheazores.pt\/product\/escalada-do-monte-pico\/"},"modified":"2026-02-01T10:02:58","modified_gmt":"2026-02-01T11:02:58","slug":"escalada-do-monte-pico","status":"publish","type":"product","link":"https:\/\/guidetotheazores.pt\/pt-pt\/produto\/escalada-do-monte-pico\/","title":{"rendered":"Subida Diurna \u00e0 Montanha do Pico"},"content":{"rendered":"<p><strong>Experimenta a majestade do pico mais alto de Portugal<\/strong> Embarca numa aventura inesquec\u00edvel com a Escalada de um Dia ao Monte Pico at\u00e9 ao cume do pico mais alto de Portugal enquanto o sol se p\u00f5e sobre o Atl\u00e2ntico. Sobe por paisagens vulc\u00e2nicas banhadas por uma luz dourada, chegando ao topo mesmo a tempo de testemunhar vistas panor\u00e2micas de cortar a respira\u00e7\u00e3o ao p\u00f4r do sol. Ao cair da noite, desce sob um c\u00e9u estrelado, fazendo desta uma experi\u00eancia m\u00e1gica que combina desafio, beleza e a emo\u00e7\u00e3o de explorar o Monte Pico do dia para a noite.  <\/p>\n<p><b>Participantes<\/b><br \/>\n&#8211; M\u00e1ximo de 12 pessoas por grupo\/guia<br \/>\n&#8211; Pre\u00e7o: \u20ac65 por pessoa<br \/>\n&#8211; Desconto de grupo dispon\u00edvel<br \/>\n&#8211; \u00c9 necess\u00e1ria boa forma f\u00edsica e experi\u00eancia em trilhos \u00edngremes<br \/>\n&#8211; Crian\u00e7as apenas a partir dos 5 anos (mediante pedido)<br \/>\n&#8211; Para escaladas com crian\u00e7as, recomendamos uma escalada privada<br \/>\n&#8211; Escalada privada dispon\u00edvel mediante pedido e sujeita a disponibilidade<br \/>\n&#8211; Se n\u00e3o houver um grupo dispon\u00edvel, aplica-se uma taxa adicional para a participa\u00e7\u00e3o a solo.<\/p>\n<p><b>Hor\u00e1rio e dura\u00e7\u00e3o<\/b><br \/>\n&#8211; \u00c9poca de ver\u00e3o: ~6 AM a 3 PM<br \/>\n&#8211; \u00c9poca de inverno: ~8 AM a 5 PM<br \/>\n&#8211; Dura\u00e7\u00e3o m\u00e9dia: 7 a 9 horas<\/p>\n<p><b>Destaques<\/b><br \/>\n&#8211; Atividade de montanhismo<br \/>\n&#8211; Grau de dificuldade m\u00e9dio a elevado<br \/>\n&#8211; Altitude m\u00e1xima: 2.351 m \/ 7.713 ft<br \/>\n&#8211; Experi\u00eancia de turismo ativo e de aventura<br \/>\n&#8211; Conhecimento da vulcanologia<\/p>\n<p><b>O que est\u00e1 inclu\u00eddo<\/b><br \/>\n\u2714 Guia Profissional e Certificado do Monte Pico<br \/>\n\u2714 Taxa de acesso \u00e0 Reserva Natural do Monte Pico<br \/>\n\u2714 Bast\u00f5es de caminhada<br \/>\n\u2714 Crampons (inverno)<br \/>\n\u2714 Manual Informativo de Escalada<br \/>\n\u2714 Seguro de Acidentes Pessoais<br \/>\n\u2714 Certificado de Realiza\u00e7\u00e3o de Escalada<\/p>\n<p><b>O que n\u00e3o est\u00e1 inclu\u00eddo<\/b><br \/>\n\u2716 Transfer do Escrit\u00f3rio do Tripix na Madalena &#8211; Casa da Montanha &#8211; Escrit\u00f3rio do Tripix na Madalena mediante pedido e sujeito a disponibilidade<br \/>\n\u2716 Esta atividade n\u00e3o inclui refei\u00e7\u00f5es &#8211; Lancheira mediante pedido.<\/p>\n","protected":false},"excerpt":{"rendered":"<p>Desfruta dos mais belos momentos no ponto mais alto de Portugal. A subida come\u00e7a com os primeiros raios de sol, aproveitando ao m\u00e1ximo cada passo desta desafiante atividade<br \/>\nPartilhamos informa\u00e7\u00f5es interessantes sobre a g\u00e9nese das ilhas e a biodiversidade do vulc\u00e3o.<br \/>\nA seguran\u00e7a e a experi\u00eancia na Montanha do Pico s\u00e3o a nossa prioridade <\/p>\n","protected":false},"featured_media":13322,"comment_status":"open","ping_status":"closed","template":"","meta":{"_acf_changed":false},"product_brand":[],"product_cat":[539],"product_tag":[],"class_list":{"0":"post-13332","1":"product","2":"type-product","3":"status-publish","4":"has-post-thumbnail","6":"product_cat-atividades-pt-pt","8":"first","9":"instock","10":"sold-individually","11":"taxable","12":"shipping-taxable","13":"purchasable","14":"product-type-phive_booking"},"acf":[],"_links":{"self":[{"href":"https:\/\/guidetotheazores.pt\/pt-pt\/wp-json\/wp\/v2\/product\/13332","targetHints":{"allow":["GET"]}}],"collection":[{"href":"https:\/\/guidetotheazores.pt\/pt-pt\/wp-json\/wp\/v2\/product"}],"about":[{"href":"https:\/\/guidetotheazores.pt\/pt-pt\/wp-json\/wp\/v2\/types\/product"}],"replies":[{"embeddable":true,"href":"https:\/\/guidetotheazores.pt\/pt-pt\/wp-json\/wp\/v2\/comments?post=13332"}],"wp:featuredmedia":[{"embeddable":true,"href":"https:\/\/guidetotheazores.pt\/pt-pt\/wp-json\/wp\/v2\/media\/13322"}],"wp:attachment":[{"href":"https:\/\/guidetotheazores.pt\/pt-pt\/wp-json\/wp\/v2\/media?parent=13332"}],"wp:term":[{"taxonomy":"product_brand","embeddable":true,"href":"https:\/\/guidetotheazores.pt\/pt-pt\/wp-json\/wp\/v2\/product_brand?post=13332"},{"taxonomy":"product_cat","embeddable":true,"href":"https:\/\/guidetotheazores.pt\/pt-pt\/wp-json\/wp\/v2\/product_cat?post=13332"},{"taxonomy":"product_tag","embeddable":true,"href":"https:\/\/guidetotheazores.pt\/pt-pt\/wp-json\/wp\/v2\/product_tag?post=13332"}],"curies":[{"name":"wp","href":"https:\/\/api.w.org\/{rel}","templated":true}]}}