{"id":13348,"date":"2024-02-06T15:03:00","date_gmt":"2024-02-06T16:03:00","guid":{"rendered":"https:\/\/guidetotheazores.pt\/product\/escalada-nocturna-do-monte-pico\/"},"modified":"2026-02-02T14:45:47","modified_gmt":"2026-02-02T15:45:47","slug":"escalada-nocturna-do-monte-pico","status":"publish","type":"product","link":"https:\/\/guidetotheazores.pt\/pt-pt\/produto\/escalada-nocturna-do-monte-pico\/","title":{"rendered":"Subida Noturna \u00e0 Montanha do Pico"},"content":{"rendered":"<p>Sob o v\u00e9u da escurid\u00e3o e um c\u00e9u iluminado por in\u00fameras estrelas, sobe com a Escalada Nocturna do Monte Pico e a Via L\u00e1ctea como pano de fundo de cortar a respira\u00e7\u00e3o. Dependendo da fase da lua, a visibilidade da Via L\u00e1ctea varia, dando um toque \u00fanico a cada subida. Guiado por um Guia Certificado do Monte Pico, esta subida nocturna eleva o desafio, tornando cada passo numa experi\u00eancia inesquec\u00edvel. A recompensa? Chegar ao cume quando os primeiros raios de sol pintam o horizonte em tons vibrantes, lan\u00e7ando a majestosa sombra da montanha sobre o oceano. Junta-te a n\u00f3s nesta viagem extraordin\u00e1ria e maravilha-te com as maravilhas do universo.     <\/p>\n<p><b>Participantes<\/b><br \/>\n&#8211; M\u00e1ximo de 12 pessoas por grupo\/guia<br \/>\n&#8211; Pre\u00e7o: 85 euros por pessoa<br \/>\n&#8211; Desconto para grupos dispon\u00edvel<br \/>\n&#8211; \u00c9 necess\u00e1ria boa forma f\u00edsica e experi\u00eancia em trilhos \u00edngremes<br \/>\n&#8211; Crian\u00e7as apenas a partir dos 5 anos (mediante pedido)<br \/>\n&#8211; Para escaladas com crian\u00e7as, recomendamos uma escalada privada<br \/>\n&#8211; Escalada privada dispon\u00edvel mediante pedido e sujeita a disponibilidade<br \/>\n&#8211; Se n\u00e3o houver um grupo dispon\u00edvel, aplica-se uma taxa adicional para a participa\u00e7\u00e3o a solo.<\/p>\n<p><b>Hor\u00e1rio e dura\u00e7\u00e3o<\/b><br \/>\n&#8211; \u00c9poca de ver\u00e3o: ~1 AM a 11 AM<br \/>\n&#8211; \u00c9poca de inverno: ~2 AM a 12 PM<br \/>\n&#8211; Dura\u00e7\u00e3o m\u00e9dia: 10 a 12 horas<\/p>\n<p><b>Destaques<\/b><br \/>\n&#8211; Atividade de montanhismo<br \/>\n&#8211; N\u00edvel de dificuldade elevado<br \/>\n&#8211; Altitude m\u00e1xima: 2.351 m \/ 7.713 ft<br \/>\n&#8211; Nascer do sol no cume<br \/>\n&#8211; Experi\u00eancia de turismo ativo e de aventura<br \/>\n&#8211; Conhecer a vulcanologia<\/p>\n<p><b>O que est\u00e1 inclu\u00eddo<\/b><br \/>\n\u2714 Guia Certificado do Monte Pico<br \/>\n\u2714 Taxa de acesso \u00e0 Reserva Natural do Monte Pico<br \/>\n\u2714 Bast\u00f5es de caminhada<br \/>\n\u2714 Lanterna de cabe\u00e7a<br \/>\n\u2714 Crampons (inverno)<br \/>\n\u2714 Manual Informativo de Escalada<br \/>\n\u2714 Seguro de Acidentes Pessoais<br \/>\n\u2714 Certificado de Realiza\u00e7\u00e3o de Escalada<\/p>\n<p><b>O que n\u00e3o est\u00e1 inclu\u00eddo<\/b><br \/>\n\u2716 Transfer do Escrit\u00f3rio do Tripix na Madalena &#8211; Casa da Montanha &#8211; Escrit\u00f3rio do Tripix na Madalena mediante pedido e sujeito a disponibilidade<br \/>\n\u2716 Esta atividade n\u00e3o inclui refei\u00e7\u00f5es &#8211; Lancheira mediante pedido.<\/p>\n","protected":false},"excerpt":{"rendered":"<p>Envoltos na escurid\u00e3o da noite e num c\u00e9u estrelado, partimos \u00e0 conquista da montanha do Pico, com a Via L\u00e1ctea como pano de fundo.<br \/>\nA aventura culmina com a chegada dos primeiros raios de sol, que banham de cores deslumbrantes o horizonte sobre o oceano. Junta-te a n\u00f3s nesta viagem c\u00f3smica e maravilha-te com a magnific\u00eancia do universo.<\/p>\n","protected":false},"featured_media":13346,"comment_status":"open","ping_status":"closed","template":"","meta":{"_acf_changed":false},"product_brand":[],"product_cat":[19262,539,548,556],"product_tag":[19327],"class_list":{"0":"post-13348","1":"product","2":"type-product","3":"status-publish","4":"has-post-thumbnail","6":"product_cat-pico-pt-pt","7":"product_cat-atividades-pt-pt","8":"product_cat-caminhadas","9":"product_cat-todas-as-ilhas","10":"product_tag-ilhadopico","12":"first","13":"instock","14":"virtual","15":"sold-individually","16":"taxable","17":"purchasable","18":"product-type-phive_booking"},"acf":[],"_links":{"self":[{"href":"https:\/\/guidetotheazores.pt\/pt-pt\/wp-json\/wp\/v2\/product\/13348","targetHints":{"allow":["GET"]}}],"collection":[{"href":"https:\/\/guidetotheazores.pt\/pt-pt\/wp-json\/wp\/v2\/product"}],"about":[{"href":"https:\/\/guidetotheazores.pt\/pt-pt\/wp-json\/wp\/v2\/types\/product"}],"replies":[{"embeddable":true,"href":"https:\/\/guidetotheazores.pt\/pt-pt\/wp-json\/wp\/v2\/comments?post=13348"}],"wp:featuredmedia":[{"embeddable":true,"href":"https:\/\/guidetotheazores.pt\/pt-pt\/wp-json\/wp\/v2\/media\/13346"}],"wp:attachment":[{"href":"https:\/\/guidetotheazores.pt\/pt-pt\/wp-json\/wp\/v2\/media?parent=13348"}],"wp:term":[{"taxonomy":"product_brand","embeddable":true,"href":"https:\/\/guidetotheazores.pt\/pt-pt\/wp-json\/wp\/v2\/product_brand?post=13348"},{"taxonomy":"product_cat","embeddable":true,"href":"https:\/\/guidetotheazores.pt\/pt-pt\/wp-json\/wp\/v2\/product_cat?post=13348"},{"taxonomy":"product_tag","embeddable":true,"href":"https:\/\/guidetotheazores.pt\/pt-pt\/wp-json\/wp\/v2\/product_tag?post=13348"}],"curies":[{"name":"wp","href":"https:\/\/api.w.org\/{rel}","templated":true}]}}