{"id":13375,"date":"2024-02-06T15:17:47","date_gmt":"2024-02-06T16:17:47","guid":{"rendered":"https:\/\/guidetotheazores.pt\/product\/subida-ao-monte-pico-durante-a-noite\/"},"modified":"2026-02-02T14:45:56","modified_gmt":"2026-02-02T15:45:56","slug":"subida-ao-monte-pico-durante-a-noite","status":"publish","type":"product","link":"https:\/\/guidetotheazores.pt\/pt-pt\/produto\/subida-ao-monte-pico-durante-a-noite\/","title":{"rendered":"Subida com pernoita \u00e0 Montanha do Pico"},"content":{"rendered":"<p><span style=\"color: #000000;font-family: Helvetica Neue, Helvetica, Roboto, Arial, sans-serif;font-size: medium\">A proposta \u00e9 tentadora, mas exige a melhor prepara\u00e7\u00e3o f\u00edsica.<\/span><\/p>\n<p><span style=\"color: #000000;font-family: Helvetica Neue, Helvetica, Roboto, Arial, sans-serif;font-size: medium\">Fazer a subida mais exigente, rodeado pela beleza selvagem da cratera vulc\u00e2nica e pela tranquilidade do c\u00e9u noturno, proporciona um sentimento de realiza\u00e7\u00e3o e uma liga\u00e7\u00e3o profunda com a natureza que \u00e9 indescrit\u00edvel.<\/span><\/p>\n<p><span style=\"color: #000000;font-family: Helvetica Neue, Helvetica, Roboto, Arial, sans-serif;font-size: medium\">Esta n\u00e3o \u00e9 apenas uma aventura, \u00e9 uma viagem de uma vida.<\/span><\/p>\n<p><strong>Nota importante! Antes de reservar, vai \u00e0 sec\u00e7\u00e3o &#8220;Anexos&#8221; acima, descarrega e preenche o formul\u00e1rio para cada participante. <\/strong><\/p>\n<p>&nbsp;<\/p>\n","protected":false},"excerpt":{"rendered":"<p>Fazer a subida mais exigente, rodeado pela beleza selvagem da cratera vulc\u00e2nica e pela tranquilidade do c\u00e9u noturno, proporciona um sentimento de realiza\u00e7\u00e3o e uma liga\u00e7\u00e3o profunda com a natureza que \u00e9 indescrit\u00edvel.<br \/>\nEsta n\u00e3o \u00e9 apenas uma aventura, \u00e9 uma viagem de uma vida.<br \/>\nNota importante! Antes de reservar, vai \u00e0 sec\u00e7\u00e3o &#8220;Anexos&#8221; abaixo, descarrega e preenche o formul\u00e1rio para cada participante <\/p>\n","protected":false},"featured_media":13370,"comment_status":"open","ping_status":"closed","template":"","meta":{"_acf_changed":false},"product_brand":[],"product_cat":[19262,539,548,556],"product_tag":[19327],"class_list":{"0":"post-13375","1":"product","2":"type-product","3":"status-publish","4":"has-post-thumbnail","6":"product_cat-pico-pt-pt","7":"product_cat-atividades-pt-pt","8":"product_cat-caminhadas","9":"product_cat-todas-as-ilhas","10":"product_tag-ilhadopico","12":"first","13":"instock","14":"virtual","15":"sold-individually","16":"taxable","17":"purchasable","18":"product-type-phive_booking"},"acf":[],"_links":{"self":[{"href":"https:\/\/guidetotheazores.pt\/pt-pt\/wp-json\/wp\/v2\/product\/13375","targetHints":{"allow":["GET"]}}],"collection":[{"href":"https:\/\/guidetotheazores.pt\/pt-pt\/wp-json\/wp\/v2\/product"}],"about":[{"href":"https:\/\/guidetotheazores.pt\/pt-pt\/wp-json\/wp\/v2\/types\/product"}],"replies":[{"embeddable":true,"href":"https:\/\/guidetotheazores.pt\/pt-pt\/wp-json\/wp\/v2\/comments?post=13375"}],"wp:featuredmedia":[{"embeddable":true,"href":"https:\/\/guidetotheazores.pt\/pt-pt\/wp-json\/wp\/v2\/media\/13370"}],"wp:attachment":[{"href":"https:\/\/guidetotheazores.pt\/pt-pt\/wp-json\/wp\/v2\/media?parent=13375"}],"wp:term":[{"taxonomy":"product_brand","embeddable":true,"href":"https:\/\/guidetotheazores.pt\/pt-pt\/wp-json\/wp\/v2\/product_brand?post=13375"},{"taxonomy":"product_cat","embeddable":true,"href":"https:\/\/guidetotheazores.pt\/pt-pt\/wp-json\/wp\/v2\/product_cat?post=13375"},{"taxonomy":"product_tag","embeddable":true,"href":"https:\/\/guidetotheazores.pt\/pt-pt\/wp-json\/wp\/v2\/product_tag?post=13375"}],"curies":[{"name":"wp","href":"https:\/\/api.w.org\/{rel}","templated":true}]}}