{"id":13389,"date":"2024-02-06T15:27:46","date_gmt":"2024-02-06T16:27:46","guid":{"rendered":"https:\/\/guidetotheazores.pt\/product\/excursao-de-dia-inteiro-ao-pico\/"},"modified":"2026-02-02T14:46:05","modified_gmt":"2026-02-02T15:46:05","slug":"excursao-de-dia-inteiro-ao-pico","status":"publish","type":"product","link":"https:\/\/guidetotheazores.pt\/pt-pt\/produto\/excursao-de-dia-inteiro-ao-pico\/","title":{"rendered":"Excurs\u00e3o de dia inteiro ao Pico"},"content":{"rendered":"<p><span style=\"color: #000000;font-family: Helvetica Neue, Helvetica, Roboto, Arial, sans-serif;font-size: medium\">Descobre a beleza natural, o patrim\u00f3nio cultural da paisagem vinhateira &#8211; Patrim\u00f3nio Mundial da UNESCO &#8211; e a tradi\u00e7\u00e3o baleeira que se unem para criar uma experi\u00eancia inesquec\u00edvel. Explora locais menos conhecidos que revelam a autenticidade da Ilha do Pico com a possibilidade de seres acompanhado pela presen\u00e7a da majestosa e omnipresente Montanha do Pico.<\/span><\/p>\n<p><span style=\"color: #000000;font-family: Helvetica Neue, Helvetica, Roboto, Arial, sans-serif;font-size: medium\">Desfruta de uma experi\u00eancia gastron\u00f3mica, almo\u00e7ando e degustando produtos locais que reflectem a autenticidade da cozinha local.<\/span><span style=\"color: #000000;font-family: 'Helvetica Neue', Helvetica, Roboto, Arial, sans-serif;font-size: medium\">.<\/span><\/p>\n","protected":false},"excerpt":{"rendered":"<p>Descobre a beleza natural, o patrim\u00f3nio cultural da paisagem vinhateira &#8211; Patrim\u00f3nio Mundial da UNESCO &#8211; e a tradi\u00e7\u00e3o baleeira que se unem para criar uma experi\u00eancia inesquec\u00edvel. Explora locais menos conhecidos que revelam a autenticidade da Ilha do Pico com a possibilidade de seres acompanhado pela presen\u00e7a da majestosa e omnipresente Montanha do Pico<\/p>\n","protected":false},"featured_media":13382,"comment_status":"open","ping_status":"closed","template":"","meta":{"_acf_changed":false},"product_brand":[],"product_cat":[19262,539,556,547],"product_tag":[19327],"class_list":{"0":"post-13389","1":"product","2":"type-product","3":"status-publish","4":"has-post-thumbnail","6":"product_cat-pico-pt-pt","7":"product_cat-atividades-pt-pt","8":"product_cat-todas-as-ilhas","9":"product_cat-visitas-guiadas","10":"product_tag-ilhadopico","12":"first","13":"instock","14":"virtual","15":"sold-individually","16":"taxable","17":"purchasable","18":"product-type-phive_booking"},"acf":[],"_links":{"self":[{"href":"https:\/\/guidetotheazores.pt\/pt-pt\/wp-json\/wp\/v2\/product\/13389","targetHints":{"allow":["GET"]}}],"collection":[{"href":"https:\/\/guidetotheazores.pt\/pt-pt\/wp-json\/wp\/v2\/product"}],"about":[{"href":"https:\/\/guidetotheazores.pt\/pt-pt\/wp-json\/wp\/v2\/types\/product"}],"replies":[{"embeddable":true,"href":"https:\/\/guidetotheazores.pt\/pt-pt\/wp-json\/wp\/v2\/comments?post=13389"}],"wp:featuredmedia":[{"embeddable":true,"href":"https:\/\/guidetotheazores.pt\/pt-pt\/wp-json\/wp\/v2\/media\/13382"}],"wp:attachment":[{"href":"https:\/\/guidetotheazores.pt\/pt-pt\/wp-json\/wp\/v2\/media?parent=13389"}],"wp:term":[{"taxonomy":"product_brand","embeddable":true,"href":"https:\/\/guidetotheazores.pt\/pt-pt\/wp-json\/wp\/v2\/product_brand?post=13389"},{"taxonomy":"product_cat","embeddable":true,"href":"https:\/\/guidetotheazores.pt\/pt-pt\/wp-json\/wp\/v2\/product_cat?post=13389"},{"taxonomy":"product_tag","embeddable":true,"href":"https:\/\/guidetotheazores.pt\/pt-pt\/wp-json\/wp\/v2\/product_tag?post=13389"}],"curies":[{"name":"wp","href":"https:\/\/api.w.org\/{rel}","templated":true}]}}