{"id":13586,"date":"2024-02-05T16:07:01","date_gmt":"2024-02-05T17:07:01","guid":{"rendered":"https:\/\/guidetotheazores.pt\/product\/quarto-triplo-com-casa-de-banho-privativa-e-cozinha\/"},"modified":"2026-02-01T10:00:29","modified_gmt":"2026-02-01T11:00:29","slug":"quarto-triplo-com-casa-de-banho-privativa-e-cozinha","status":"publish","type":"product","link":"https:\/\/guidetotheazores.pt\/pt-pt\/produto\/quarto-triplo-com-casa-de-banho-privativa-e-cozinha\/","title":{"rendered":"Quarto triplo com casa de banho privativa e cozinha"},"content":{"rendered":"<p><span style=\"color: #000000;font-family: 'Helvetica Neue', Helvetica, Roboto, Arial, sans-serif;font-size: medium\">Quarto triplo com uma cama de casal e uma cama individual no quarto cont\u00edguo. Este quarto tamb\u00e9m tem uma casa de banho privativa com um chuveiro italiano, bem como uma cozinha no p\u00e1tio em frente ao quarto<\/span><\/p>\n","protected":false},"excerpt":{"rendered":"<p>Quarto triplo com uma cama de casal e uma cama individual no quarto cont\u00edguo. Este quarto tamb\u00e9m tem uma casa de banho privativa com um chuveiro italiano, bem como uma cozinha no p\u00e1tio em frente ao quarto<\/p>\n","protected":false},"featured_media":13024,"comment_status":"open","ping_status":"closed","template":"","meta":{"_acf_changed":false},"product_brand":[],"product_cat":[536,533,535,556],"product_tag":[19333],"class_list":{"0":"post-13586","1":"product","2":"type-product","3":"status-publish","4":"has-post-thumbnail","6":"product_cat-alojamento","7":"product_cat-alojamento-local-pt-pt","8":"product_cat-faial-pt-pt","9":"product_cat-todas-as-ilhas","10":"product_tag-ilhadofaial","12":"first","13":"instock","14":"virtual","15":"sold-individually","16":"taxable","17":"purchasable","18":"product-type-phive_booking"},"acf":[],"_links":{"self":[{"href":"https:\/\/guidetotheazores.pt\/pt-pt\/wp-json\/wp\/v2\/product\/13586","targetHints":{"allow":["GET"]}}],"collection":[{"href":"https:\/\/guidetotheazores.pt\/pt-pt\/wp-json\/wp\/v2\/product"}],"about":[{"href":"https:\/\/guidetotheazores.pt\/pt-pt\/wp-json\/wp\/v2\/types\/product"}],"replies":[{"embeddable":true,"href":"https:\/\/guidetotheazores.pt\/pt-pt\/wp-json\/wp\/v2\/comments?post=13586"}],"wp:featuredmedia":[{"embeddable":true,"href":"https:\/\/guidetotheazores.pt\/pt-pt\/wp-json\/wp\/v2\/media\/13024"}],"wp:attachment":[{"href":"https:\/\/guidetotheazores.pt\/pt-pt\/wp-json\/wp\/v2\/media?parent=13586"}],"wp:term":[{"taxonomy":"product_brand","embeddable":true,"href":"https:\/\/guidetotheazores.pt\/pt-pt\/wp-json\/wp\/v2\/product_brand?post=13586"},{"taxonomy":"product_cat","embeddable":true,"href":"https:\/\/guidetotheazores.pt\/pt-pt\/wp-json\/wp\/v2\/product_cat?post=13586"},{"taxonomy":"product_tag","embeddable":true,"href":"https:\/\/guidetotheazores.pt\/pt-pt\/wp-json\/wp\/v2\/product_tag?post=13586"}],"curies":[{"name":"wp","href":"https:\/\/api.w.org\/{rel}","templated":true}]}}