{"id":13691,"date":"2024-02-10T08:45:01","date_gmt":"2024-02-10T09:45:01","guid":{"rendered":"https:\/\/guidetotheazores.pt\/product\/excursao-de-meio-dia-as-grutas\/"},"modified":"2026-02-02T14:47:08","modified_gmt":"2026-02-02T15:47:08","slug":"excursao-de-meio-dia-as-grutas","status":"publish","type":"product","link":"https:\/\/guidetotheazores.pt\/pt-pt\/produto\/excursao-de-meio-dia-as-grutas\/","title":{"rendered":"Excurs\u00e3o de meio dia \u00e0s grutas"},"content":{"rendered":"<p><span style=\"color: #000000;font-family: Helvetica Neue, Helvetica, Roboto, Arial, sans-serif;font-size: medium\">Mergulha num mundo subterr\u00e2neo misterioso e surpreendente. Explora algumas das centenas de cavidades vulc\u00e2nicas escondidas sob a ilha do Pico. Numa aventura verdadeiramente excecional, deslumbra-te com as maravilhas geol\u00f3gicas das forma\u00e7\u00f5es l\u00e1vicas extraordin\u00e1rias e dos microrganismos que se desenvolvem nas profundezas da terra e no cora\u00e7\u00e3o da natureza.<\/span><\/p>\n","protected":false},"excerpt":{"rendered":"<p>Mergulha num mundo subterr\u00e2neo misterioso e surpreendente. Explora algumas das centenas de cavidades vulc\u00e2nicas escondidas sob a ilha do Pico. Numa aventura verdadeiramente excecional, deslumbra-te com as maravilhas geol\u00f3gicas das forma\u00e7\u00f5es l\u00e1vicas extraordin\u00e1rias e com os microrganismos que se desenvolvem nas profundezas da terra e no cora\u00e7\u00e3o da natureza<\/p>\n","protected":false},"featured_media":13637,"comment_status":"open","ping_status":"closed","template":"","meta":{"_acf_changed":false},"product_brand":[],"product_cat":[19262,539,545,556],"product_tag":[19327],"class_list":{"0":"post-13691","1":"product","2":"type-product","3":"status-publish","4":"has-post-thumbnail","6":"product_cat-pico-pt-pt","7":"product_cat-atividades-pt-pt","8":"product_cat-geotourism-pt-pt","9":"product_cat-todas-as-ilhas","10":"product_tag-ilhadopico","12":"first","13":"instock","14":"virtual","15":"sold-individually","16":"taxable","17":"purchasable","18":"product-type-phive_booking"},"acf":[],"_links":{"self":[{"href":"https:\/\/guidetotheazores.pt\/pt-pt\/wp-json\/wp\/v2\/product\/13691","targetHints":{"allow":["GET"]}}],"collection":[{"href":"https:\/\/guidetotheazores.pt\/pt-pt\/wp-json\/wp\/v2\/product"}],"about":[{"href":"https:\/\/guidetotheazores.pt\/pt-pt\/wp-json\/wp\/v2\/types\/product"}],"replies":[{"embeddable":true,"href":"https:\/\/guidetotheazores.pt\/pt-pt\/wp-json\/wp\/v2\/comments?post=13691"}],"wp:featuredmedia":[{"embeddable":true,"href":"https:\/\/guidetotheazores.pt\/pt-pt\/wp-json\/wp\/v2\/media\/13637"}],"wp:attachment":[{"href":"https:\/\/guidetotheazores.pt\/pt-pt\/wp-json\/wp\/v2\/media?parent=13691"}],"wp:term":[{"taxonomy":"product_brand","embeddable":true,"href":"https:\/\/guidetotheazores.pt\/pt-pt\/wp-json\/wp\/v2\/product_brand?post=13691"},{"taxonomy":"product_cat","embeddable":true,"href":"https:\/\/guidetotheazores.pt\/pt-pt\/wp-json\/wp\/v2\/product_cat?post=13691"},{"taxonomy":"product_tag","embeddable":true,"href":"https:\/\/guidetotheazores.pt\/pt-pt\/wp-json\/wp\/v2\/product_tag?post=13691"}],"curies":[{"name":"wp","href":"https:\/\/api.w.org\/{rel}","templated":true}]}}