{"id":13692,"date":"2024-02-10T10:07:16","date_gmt":"2024-02-10T11:07:16","guid":{"rendered":"https:\/\/guidetotheazores.pt\/product\/visita-de-meio-dia-ao-vinho\/"},"modified":"2026-02-02T14:47:13","modified_gmt":"2026-02-02T15:47:13","slug":"visita-de-meio-dia-ao-vinho","status":"publish","type":"product","link":"https:\/\/guidetotheazores.pt\/pt-pt\/produto\/visita-de-meio-dia-ao-vinho\/","title":{"rendered":"Visita de meio dia ao vinho"},"content":{"rendered":"<p><span style=\"color: #000000;font-family: Helvetica Neue, Helvetica, Roboto, Arial, sans-serif;font-size: medium\">Nesta viagem sensorial, percorre os aromas, as cores e os sabores dos reconhecidos e hist\u00f3ricos Vinhos do Pico. Conhece os produtores, prova os seus melhores vinhos de forma exclusiva e deixa-te envolver pelo terroir desta excecional e aut\u00eantica tradi\u00e7\u00e3o vitivin\u00edcola da ilha da Montanha, onde a hist\u00f3ria, a cultura e a paix\u00e3o se fundem para criar vinhos de sabor inigual\u00e1vel. Complementa este dia com uma experi\u00eancia gastron\u00f3mica num almo\u00e7o preparado com produtos locais que revelam a autenticidade dos sabores da regi\u00e3o.<\/span><\/p>\n","protected":false},"excerpt":{"rendered":"<p>Nesta viagem sensorial, percorre os aromas, as cores e os sabores dos reconhecidos e hist\u00f3ricos Vinhos do Pico. Conhece os produtores, prova os seus melhores vinhos de forma exclusiva e deixa-te envolver pelo terroir desta excecional e aut\u00eantica tradi\u00e7\u00e3o vitivin\u00edcola da ilha da Montanha, onde a hist\u00f3ria, a cultura e a paix\u00e3o se fundem para criar vinhos de sabor inigual\u00e1vel. Complementa este dia com uma experi\u00eancia gastron\u00f3mica num almo\u00e7o preparado com produtos locais que revelam a autenticidade dos sabores da regi\u00e3o<\/p>\n<p><span style=\"color: #000000;font-family: Helvetica Neue, Helvetica, Roboto, Arial, sans-serif;font-size: medium\">Mime-se com uma experi\u00eancia gastron\u00f3mica, desfrutando de um almo\u00e7o e degustando produtos locais que reflectem a autenticidade da cozinha local.<\/span><\/p>\n","protected":false},"featured_media":13664,"comment_status":"open","ping_status":"closed","template":"","meta":{"_acf_changed":false},"product_brand":[],"product_cat":[19262,539,556,547],"product_tag":[19327],"class_list":{"0":"post-13692","1":"product","2":"type-product","3":"status-publish","4":"has-post-thumbnail","6":"product_cat-pico-pt-pt","7":"product_cat-atividades-pt-pt","8":"product_cat-todas-as-ilhas","9":"product_cat-visitas-guiadas","10":"product_tag-ilhadopico","12":"first","13":"instock","14":"virtual","15":"sold-individually","16":"taxable","17":"purchasable","18":"product-type-phive_booking"},"acf":[],"_links":{"self":[{"href":"https:\/\/guidetotheazores.pt\/pt-pt\/wp-json\/wp\/v2\/product\/13692","targetHints":{"allow":["GET"]}}],"collection":[{"href":"https:\/\/guidetotheazores.pt\/pt-pt\/wp-json\/wp\/v2\/product"}],"about":[{"href":"https:\/\/guidetotheazores.pt\/pt-pt\/wp-json\/wp\/v2\/types\/product"}],"replies":[{"embeddable":true,"href":"https:\/\/guidetotheazores.pt\/pt-pt\/wp-json\/wp\/v2\/comments?post=13692"}],"wp:featuredmedia":[{"embeddable":true,"href":"https:\/\/guidetotheazores.pt\/pt-pt\/wp-json\/wp\/v2\/media\/13664"}],"wp:attachment":[{"href":"https:\/\/guidetotheazores.pt\/pt-pt\/wp-json\/wp\/v2\/media?parent=13692"}],"wp:term":[{"taxonomy":"product_brand","embeddable":true,"href":"https:\/\/guidetotheazores.pt\/pt-pt\/wp-json\/wp\/v2\/product_brand?post=13692"},{"taxonomy":"product_cat","embeddable":true,"href":"https:\/\/guidetotheazores.pt\/pt-pt\/wp-json\/wp\/v2\/product_cat?post=13692"},{"taxonomy":"product_tag","embeddable":true,"href":"https:\/\/guidetotheazores.pt\/pt-pt\/wp-json\/wp\/v2\/product_tag?post=13692"}],"curies":[{"name":"wp","href":"https:\/\/api.w.org\/{rel}","templated":true}]}}