{"id":13696,"date":"2024-02-10T10:10:04","date_gmt":"2024-02-10T11:10:04","guid":{"rendered":"https:\/\/guidetotheazores.pt\/product\/passeio-de-jipe-pelas-lagoas-secretas-e-grutas-de-lava\/"},"modified":"2026-02-01T10:01:30","modified_gmt":"2026-02-01T11:01:30","slug":"passeio-de-jipe-pelas-lagoas-secretas-e-grutas-de-lava","status":"publish","type":"product","link":"https:\/\/guidetotheazores.pt\/pt-pt\/produto\/passeio-de-jipe-pelas-lagoas-secretas-e-grutas-de-lava\/","title":{"rendered":"Passeio de jipe pelas Lagoas Secretas e Grutas de Lava"},"content":{"rendered":"<p>Ter\u00e1s a oportunidade de descobrir a ilha do Pico em todo o seu esplendor natural e intacto, num ve\u00edculo todo-o-terreno. Mergulha nas crateras dos vulc\u00f5es e nas lagoas do Planalto da Achada e explora o maior tubo de lava de Portugal e outras cavidades vulc\u00e2nicas. Vem descobrir as maravilhas da ilha, deixa-te encantar pela sua natureza e aproveita para mergulhar na autenticidade da cozinha picarota.<\/p>\n","protected":false},"excerpt":{"rendered":"<p>Ter\u00e1s a oportunidade de descobrir a ilha do Pico em todo o seu esplendor natural e intacto, num ve\u00edculo todo-o-terreno. Mergulha nas crateras dos vulc\u00f5es e nas lagoas do Planalto da Achada e explora o maior tubo de lava de Portugal e outras cavidades vulc\u00e2nicas. Vem descobrir as maravilhas da ilha, deixa-te encantar pela sua natureza e aproveita para mergulhar na autenticidade da cozinha picarota.<\/p>\n","protected":false},"featured_media":13677,"comment_status":"open","ping_status":"closed","template":"","meta":{"_acf_changed":false},"product_brand":[],"product_cat":[19262,539,545,556],"product_tag":[19327],"class_list":{"0":"post-13696","1":"product","2":"type-product","3":"status-publish","4":"has-post-thumbnail","6":"product_cat-pico-pt-pt","7":"product_cat-atividades-pt-pt","8":"product_cat-geotourism-pt-pt","9":"product_cat-todas-as-ilhas","10":"product_tag-ilhadopico","12":"first","13":"instock","14":"virtual","15":"sold-individually","16":"taxable","17":"purchasable","18":"product-type-phive_booking"},"acf":[],"_links":{"self":[{"href":"https:\/\/guidetotheazores.pt\/pt-pt\/wp-json\/wp\/v2\/product\/13696","targetHints":{"allow":["GET"]}}],"collection":[{"href":"https:\/\/guidetotheazores.pt\/pt-pt\/wp-json\/wp\/v2\/product"}],"about":[{"href":"https:\/\/guidetotheazores.pt\/pt-pt\/wp-json\/wp\/v2\/types\/product"}],"replies":[{"embeddable":true,"href":"https:\/\/guidetotheazores.pt\/pt-pt\/wp-json\/wp\/v2\/comments?post=13696"}],"wp:featuredmedia":[{"embeddable":true,"href":"https:\/\/guidetotheazores.pt\/pt-pt\/wp-json\/wp\/v2\/media\/13677"}],"wp:attachment":[{"href":"https:\/\/guidetotheazores.pt\/pt-pt\/wp-json\/wp\/v2\/media?parent=13696"}],"wp:term":[{"taxonomy":"product_brand","embeddable":true,"href":"https:\/\/guidetotheazores.pt\/pt-pt\/wp-json\/wp\/v2\/product_brand?post=13696"},{"taxonomy":"product_cat","embeddable":true,"href":"https:\/\/guidetotheazores.pt\/pt-pt\/wp-json\/wp\/v2\/product_cat?post=13696"},{"taxonomy":"product_tag","embeddable":true,"href":"https:\/\/guidetotheazores.pt\/pt-pt\/wp-json\/wp\/v2\/product_tag?post=13696"}],"curies":[{"name":"wp","href":"https:\/\/api.w.org\/{rel}","templated":true}]}}