{"id":13880,"date":"2024-02-11T06:32:46","date_gmt":"2024-02-11T07:32:46","guid":{"rendered":"https:\/\/guidetotheazores.pt\/product\/subida-a-montanha-do-pico\/"},"modified":"2026-02-01T10:02:00","modified_gmt":"2026-02-01T11:02:00","slug":"subida-a-montanha-do-pico","status":"publish","type":"product","link":"https:\/\/guidetotheazores.pt\/pt-pt\/produto\/subida-a-montanha-do-pico\/","title":{"rendered":"Sobe \u00e0 Montanha do Pico: O ponto mais alto de Portugal &#8211; 2351 metros"},"content":{"rendered":"<p><span style=\"color: #57646f;font-family: -apple-system, 'system-ui', Roboto, 'Helvetica Neue', sans-serif;font-size: 14px\">Esta \u00e9 a aventura mais emblem\u00e1tica e memor\u00e1vel dos A\u00e7ores, perfeita para quem tem uma boa condi\u00e7\u00e3o f\u00edsica, mesmo sem qualquer experi\u00eancia de montanhismo. Um desafio na medida certa, que certamente recordar\u00e1s para o resto da tua vida. Vem connosco para aproveitares cada momento com a seguran\u00e7a e motiva\u00e7\u00e3o que s\u00f3 um guia experiente pode dar. Durante a aventura, vais aprender mais sobre os vulc\u00f5es e a biodiversidade dos A\u00e7ores, com os guias profissionais que te acompanham.   <\/span><\/p>\n","protected":false},"excerpt":{"rendered":"<p>Faz uma caminhada de um dia at\u00e9 ao cume da Montanha do Pico (2351m), o ponto mais alto de Portugal!<\/p>\n","protected":false},"featured_media":18617,"comment_status":"open","ping_status":"closed","template":"","meta":{"_acf_changed":false},"product_brand":[],"product_cat":[19262,539,548,556],"product_tag":[19327],"class_list":{"0":"post-13880","1":"product","2":"type-product","3":"status-publish","4":"has-post-thumbnail","6":"product_cat-pico-pt-pt","7":"product_cat-atividades-pt-pt","8":"product_cat-caminhadas","9":"product_cat-todas-as-ilhas","10":"product_tag-ilhadopico","12":"first","13":"instock","14":"virtual","15":"sold-individually","16":"taxable","17":"purchasable","18":"product-type-phive_booking"},"acf":[],"_links":{"self":[{"href":"https:\/\/guidetotheazores.pt\/pt-pt\/wp-json\/wp\/v2\/product\/13880","targetHints":{"allow":["GET"]}}],"collection":[{"href":"https:\/\/guidetotheazores.pt\/pt-pt\/wp-json\/wp\/v2\/product"}],"about":[{"href":"https:\/\/guidetotheazores.pt\/pt-pt\/wp-json\/wp\/v2\/types\/product"}],"replies":[{"embeddable":true,"href":"https:\/\/guidetotheazores.pt\/pt-pt\/wp-json\/wp\/v2\/comments?post=13880"}],"wp:featuredmedia":[{"embeddable":true,"href":"https:\/\/guidetotheazores.pt\/pt-pt\/wp-json\/wp\/v2\/media\/18617"}],"wp:attachment":[{"href":"https:\/\/guidetotheazores.pt\/pt-pt\/wp-json\/wp\/v2\/media?parent=13880"}],"wp:term":[{"taxonomy":"product_brand","embeddable":true,"href":"https:\/\/guidetotheazores.pt\/pt-pt\/wp-json\/wp\/v2\/product_brand?post=13880"},{"taxonomy":"product_cat","embeddable":true,"href":"https:\/\/guidetotheazores.pt\/pt-pt\/wp-json\/wp\/v2\/product_cat?post=13880"},{"taxonomy":"product_tag","embeddable":true,"href":"https:\/\/guidetotheazores.pt\/pt-pt\/wp-json\/wp\/v2\/product_tag?post=13880"}],"curies":[{"name":"wp","href":"https:\/\/api.w.org\/{rel}","templated":true}]}}