{"id":14220,"date":"2024-02-15T11:42:21","date_gmt":"2024-02-15T12:42:21","guid":{"rendered":"https:\/\/guidetotheazores.pt\/product\/casa-atlantida-t1mar\/"},"modified":"2026-02-02T14:47:40","modified_gmt":"2026-02-02T15:47:40","slug":"casa-atlantida-t1mar","status":"publish","type":"product","link":"https:\/\/guidetotheazores.pt\/pt-pt\/produto\/casa-atlantida-t1mar\/","title":{"rendered":"Casa do Mar &#8211; Flores"},"content":{"rendered":"<p>A &#8220;Casa do Mar&#8221; \u00e9 uma casa de pedra com vista panor\u00e2mica sobre o oceano e o p\u00f4r do sol, com acesso direto ao mar.<\/p>\n<p>Tem um quarto com vista para o mar, uma sala de estar com uma cama individual e televis\u00e3o, uma casa de banho e uma cozinha equipada (m\u00e1quina de lavar loi\u00e7a e utens\u00edlios dom\u00e9sticos). A roupa de cama e as toalhas s\u00e3o fornecidas.<\/p>\n<p>Pedimos-te que pagues 25 euros por pessoa no momento do check-in para impostos e taxas n\u00e3o inclu\u00eddos.<\/p>\n<p>A casa \u00e9 nova e est\u00e1 decorada de forma acolhedora<\/p>\n","protected":false},"excerpt":{"rendered":"<p>A &#8220;Casa do Mar&#8221; \u00e9 uma casa de pedra com vista panor\u00e2mica sobre o oceano e o p\u00f4r do sol, com acesso direto ao mar.<\/p>\n<p>Tem um quarto com vista para o mar, uma sala de estar com uma cama individual e televis\u00e3o, uma casa de banho e uma cozinha equipada (m\u00e1quina de lavar loi\u00e7a e utens\u00edlios dom\u00e9sticos). A roupa de cama e as toalhas s\u00e3o fornecidas.<\/p>\n<p>Pedimos-te que pagues 25 euros por pessoa no momento do check-in para impostos e taxas n\u00e3o inclu\u00eddos.<\/p>\n<p>A casa \u00e9 nova e est\u00e1 decorada de forma acolhedora<\/p>\n","protected":false},"featured_media":14473,"comment_status":"open","ping_status":"closed","template":"","meta":{"_acf_changed":false},"product_brand":[],"product_cat":[536,533,19293,556],"product_tag":[19329],"class_list":{"0":"post-14220","1":"product","2":"type-product","3":"status-publish","4":"has-post-thumbnail","6":"product_cat-alojamento","7":"product_cat-alojamento-local-pt-pt","8":"product_cat-flores-pt-pt","9":"product_cat-todas-as-ilhas","10":"product_tag-ilhadaflores","12":"first","13":"instock","14":"virtual","15":"sold-individually","16":"taxable","17":"purchasable","18":"product-type-phive_booking"},"acf":[],"_links":{"self":[{"href":"https:\/\/guidetotheazores.pt\/pt-pt\/wp-json\/wp\/v2\/product\/14220","targetHints":{"allow":["GET"]}}],"collection":[{"href":"https:\/\/guidetotheazores.pt\/pt-pt\/wp-json\/wp\/v2\/product"}],"about":[{"href":"https:\/\/guidetotheazores.pt\/pt-pt\/wp-json\/wp\/v2\/types\/product"}],"replies":[{"embeddable":true,"href":"https:\/\/guidetotheazores.pt\/pt-pt\/wp-json\/wp\/v2\/comments?post=14220"}],"wp:featuredmedia":[{"embeddable":true,"href":"https:\/\/guidetotheazores.pt\/pt-pt\/wp-json\/wp\/v2\/media\/14473"}],"wp:attachment":[{"href":"https:\/\/guidetotheazores.pt\/pt-pt\/wp-json\/wp\/v2\/media?parent=14220"}],"wp:term":[{"taxonomy":"product_brand","embeddable":true,"href":"https:\/\/guidetotheazores.pt\/pt-pt\/wp-json\/wp\/v2\/product_brand?post=14220"},{"taxonomy":"product_cat","embeddable":true,"href":"https:\/\/guidetotheazores.pt\/pt-pt\/wp-json\/wp\/v2\/product_cat?post=14220"},{"taxonomy":"product_tag","embeddable":true,"href":"https:\/\/guidetotheazores.pt\/pt-pt\/wp-json\/wp\/v2\/product_tag?post=14220"}],"curies":[{"name":"wp","href":"https:\/\/api.w.org\/{rel}","templated":true}]}}