{"id":14249,"date":"2024-02-12T17:38:15","date_gmt":"2024-02-12T18:38:15","guid":{"rendered":"https:\/\/guidetotheazores.pt\/product\/observacao-de-baleias-e-passeio-de-barco-as-ilhotas\/"},"modified":"2026-02-02T14:47:51","modified_gmt":"2026-02-02T15:47:51","slug":"observacao-de-baleias-e-passeio-de-barco-as-ilhotas","status":"publish","type":"product","link":"https:\/\/guidetotheazores.pt\/pt-pt\/produto\/observacao-de-baleias-e-passeio-de-barco-as-ilhotas\/","title":{"rendered":"Observa\u00e7\u00e3o de baleias e passeio de barco \u00e0s ilhotas"},"content":{"rendered":"<p style=\"color: #000000;font-family: 'Helvetica Neue', Helvetica, Roboto, Arial, sans-serif;margin: 0px 0px 20px\">Encontra-te connosco na Marina de Vila Franca do Campo para o check-in \u00e0 hora marcada.<\/p>\n<p style=\"color: #000000;font-family: 'Helvetica Neue', Helvetica, Roboto, Arial, sans-serif;margin: 0px 0px 20px\">A viagem come\u00e7a com uma breve introdu\u00e7\u00e3o \u00e0s esp\u00e9cies locais de cet\u00e1ceos (baleias e golfinhos), aos seus padr\u00f5es de migra\u00e7\u00e3o e comportamento e \u00e0 seguran\u00e7a a bordo.<\/p>\n<p style=\"color: #000000;font-family: 'Helvetica Neue', Helvetica, Roboto, Arial, sans-serif;margin: 0px 0px 20px\">Segue o guia e o capit\u00e3o at\u00e9 ao barco que te foi designado e faz-te ao mar. As vigias no alto da terra ajudam a localizar os nossos amigos e d\u00e3o indica\u00e7\u00f5es via r\u00e1dio VHF para onde o barco vai viajar, inicialmente a alta velocidade. Aproximando-se cuidadosamente dos nossos amigos, o teu Guia manter-te-\u00e1 informado, recolher\u00e1 imagens e dados de campo para investiga\u00e7\u00e3o local e estar\u00e1 sempre dispon\u00edvel para responder a quaisquer perguntas espec\u00edficas &#8211; n\u00e3o hesites em perguntar.<\/p>\n<p style=\"color: #000000;font-family: 'Helvetica Neue', Helvetica, Roboto, Arial, sans-serif;margin: 0px 0px 20px\">A vida selvagem marinha pode ser observada durante todo o ano. \u00c9 poss\u00edvel observar mais de 25 esp\u00e9cies de cet\u00e1ceos, cachalotes residentes, 3 esp\u00e9cies de golfinhos e uma abundante biodiversidade marinha.<\/p>\n<p style=\"color: #000000;font-family: 'Helvetica Neue', Helvetica, Roboto, Arial, sans-serif;margin: 0px 0px 20px\">De regresso \u00e0 Marina, o barco far\u00e1 um passeio \u00e0 volta do Ilh\u00e9u da Princesa de Vila Franca do Campo, para ver de perto a maravilha vulc\u00e2nica e a vida selvagem residente.<\/p>\n<p style=\"color: #000000;font-family: 'Helvetica Neue', Helvetica, Roboto, Arial, sans-serif;margin: 0px 0px 20px\">Sabe antes de ires:<br \/>\n\u25cf Come pouco, leva a tua reserva pessoal de \u00e1gua, protetor solar, batom, \u00f3culos de sol e roupa quente. \u00c9 permitida comida ligeira e \u00e9 essencial levar uma m\u00e1quina fotogr\u00e1fica &#8211; protege o teu equipamento pessoal.<br \/>\nN\u00c3O \u00c9 PARA pessoas gr\u00e1vidas, com costas fracas, em cadeira de rodas, em estado de sa\u00fade delicado ou com menos de 4 anos.<\/p>\n<p style=\"color: #000000;font-family: 'Helvetica Neue', Helvetica, Roboto, Arial, sans-serif;margin: 0px 0px 20px\">Inclus\u00f5es<br \/>\n\u25cf Guia conhecedor da vida selvagem<br \/>\n\u25cf Skipper experiente<br \/>\n\u25cf Barco RIB Zodiac (12 ou 28 pessoas)<br \/>\n\u25cf Fato completo imperme\u00e1vel e colete salva-vidas<br \/>\n\u25cf Seguro<\/p>\n<p style=\"color: #000000;font-family: 'Helvetica Neue', Helvetica, Roboto, Arial, sans-serif;margin: 0px 0px 20px\">Exclus\u00f5es<br \/>\n\u25cf Recolha e entrega no hotel<br \/>\n\u25cf Fornecimento de \u00e1gua pessoal<\/p>\n","protected":false},"excerpt":{"rendered":"<p>Encontra-te connosco na Marina de Vila Franca do Campo para fazeres o check-in \u00e0 hora especificada<br \/>\nA viagem come\u00e7a com uma breve introdu\u00e7\u00e3o \u00e0s esp\u00e9cies locais de Cet\u00e1ceos (Baleias e Golfinhos), aos seus padr\u00f5es de migra\u00e7\u00e3o e comportamento, e \u00e0 seguran\u00e7a a bordo<br \/>\nSegue o Guia e o Skipper at\u00e9 ao barco que te foi designado e sai para o mar. As vigias no alto da terra ajudam a localizar os nossos amigos e d\u00e3o indica\u00e7\u00f5es via r\u00e1dio VHF para onde o barco vai viajar, inicialmente a alta velocidade. Aproximando-se cuidadosamente dos nossos amigos, o teu Guia manter-te-\u00e1 informado, recolher\u00e1 imagens e dados de campo para investiga\u00e7\u00e3o local e estar\u00e1 sempre dispon\u00edvel para responder a quaisquer perguntas espec\u00edficas &#8211; n\u00e3o hesites em perguntar<br \/>\nA vida selvagem marinha pode ser observada durante todo o ano. \u00c9 poss\u00edvel observar mais de 25 esp\u00e9cies de cet\u00e1ceos, cachalotes residentes, 3 esp\u00e9cies de golfinhos e uma abundante biodiversidade marinha.<\/p>\n","protected":false},"featured_media":13950,"comment_status":"open","ping_status":"closed","template":"","meta":{"_acf_changed":false},"product_brand":[],"product_cat":[19306,539,552,556],"product_tag":[19324],"class_list":{"0":"post-14249","1":"product","2":"type-product","3":"status-publish","4":"has-post-thumbnail","6":"product_cat-sao-miguel-pt-pt","7":"product_cat-atividades-pt-pt","8":"product_cat-observacao-de-baleias","9":"product_cat-todas-as-ilhas","10":"product_tag-ilhasaomiguel","12":"first","13":"instock","14":"virtual","15":"sold-individually","16":"taxable","17":"purchasable","18":"product-type-phive_booking"},"acf":[],"_links":{"self":[{"href":"https:\/\/guidetotheazores.pt\/pt-pt\/wp-json\/wp\/v2\/product\/14249","targetHints":{"allow":["GET"]}}],"collection":[{"href":"https:\/\/guidetotheazores.pt\/pt-pt\/wp-json\/wp\/v2\/product"}],"about":[{"href":"https:\/\/guidetotheazores.pt\/pt-pt\/wp-json\/wp\/v2\/types\/product"}],"replies":[{"embeddable":true,"href":"https:\/\/guidetotheazores.pt\/pt-pt\/wp-json\/wp\/v2\/comments?post=14249"}],"wp:featuredmedia":[{"embeddable":true,"href":"https:\/\/guidetotheazores.pt\/pt-pt\/wp-json\/wp\/v2\/media\/13950"}],"wp:attachment":[{"href":"https:\/\/guidetotheazores.pt\/pt-pt\/wp-json\/wp\/v2\/media?parent=14249"}],"wp:term":[{"taxonomy":"product_brand","embeddable":true,"href":"https:\/\/guidetotheazores.pt\/pt-pt\/wp-json\/wp\/v2\/product_brand?post=14249"},{"taxonomy":"product_cat","embeddable":true,"href":"https:\/\/guidetotheazores.pt\/pt-pt\/wp-json\/wp\/v2\/product_cat?post=14249"},{"taxonomy":"product_tag","embeddable":true,"href":"https:\/\/guidetotheazores.pt\/pt-pt\/wp-json\/wp\/v2\/product_tag?post=14249"}],"curies":[{"name":"wp","href":"https:\/\/api.w.org\/{rel}","templated":true}]}}