{"id":14560,"date":"2024-02-17T06:02:28","date_gmt":"2024-02-17T07:02:28","guid":{"rendered":"https:\/\/guidetotheazores.pt\/product\/sete-cidades-mosteiros-e-ferraria\/"},"modified":"2026-05-06T07:06:34","modified_gmt":"2026-05-06T08:06:34","slug":"sete-cidades-mosteiros-e-ferraria","status":"publish","type":"product","link":"https:\/\/guidetotheazores.pt\/pt-pt\/produto\/sete-cidades-mosteiros-e-ferraria\/","title":{"rendered":"Sete Cidades, Mosteiros e Ferraria"},"content":{"rendered":"<p>Partimos de Ponta Delgada em dire\u00e7\u00e3o \u00e0s Sete Cidades, do lado da Covoada, com o seguinte itiner\u00e1rio:<\/p>\n<p>&#8211; Miradouro do Pico do Carv\u00e3o;<\/p>\n<p>&#8211; Lagoa do Can\u00e1rio;<\/p>\n<p>&#8211; Miradouro da Grota do Inferno<\/p>\n<p>&#8211; Miradouro do Cerrado das Freiras<\/p>\n<p>&#8211; Lagoa de Santiago<\/p>\n<p>&#8211; Miradouro da Vista do Rei.<\/p>\n<p>De seguida, descemos at\u00e9 \u00e0 pitoresca vila das Sete Cidades, onde passearemos ao longo das margens da lagoa verde e visitaremos a Igreja de S\u00e3o Nicolau. De seguida, vamos at\u00e9 aos Mosteiros para desfrutar da sua praia de areia preta e dos seus quatro ilh\u00e9us. Por fim, visitaremos a Ponta da Ferraria, onde poder\u00e1s dar um mergulho quente no mar, dependendo da \u00e9poca do ano e da mar\u00e9.<\/p>\n<p><strong>Informa\u00e7\u00f5es e condi\u00e7\u00f5es:<\/strong><\/p>\n<p>Meio dia<\/p>\n<p>M\u00ednimo 2 pessoas<\/p>\n<p>35 euros por adulto<\/p>\n<p>10 euros por crian\u00e7a at\u00e9 aos 12 anos<\/p>\n<p>Dura\u00e7\u00e3o 4 horas<\/p>\n<p>Recolha e entrega no alojamento em Ponta Delgada num raio de 5 km inclu\u00eddo<\/p>\n<p>Traz fato de banho e toalha.<\/p>\n<p><strong>Pol\u00edtica de cancelamento:<\/strong><\/p>\n<p>Cancelamento gratuito devido a condi\u00e7\u00f5es climat\u00e9ricas (chuva);<\/p>\n<p>Cancelamento gratuito at\u00e9 15 dias de anteced\u00eancia, n\u00e3o reembols\u00e1vel ap\u00f3s este per\u00edodo<\/p>\n<p>Esta visita est\u00e1 dispon\u00edvel em portugu\u00eas e ingl\u00eas<\/p>\n","protected":false},"excerpt":{"rendered":"<p>Partimos de Ponta Delgada em dire\u00e7\u00e3o \u00e0s Sete Cidades, do lado da Covoada, com o seguinte itiner\u00e1rio:<\/p>\n<p>&#8211; Miradouro do Pico do Carv\u00e3o, Lagoa do Can\u00e1rio, Miradouro da Grota do Inferno, Miradouro do Cerrado das Freiras, Lagoa de Santiago, Miradouro da Vista do Rei.<\/p>\n<p>De seguida, descemos at\u00e9 \u00e0 pitoresca vila das Sete Cidades, onde passearemos ao longo das margens da lagoa verde e visitaremos a Igreja de S\u00e3o Nicolau. De seguida, vamos at\u00e9 aos Mosteiros para desfrutar da sua praia de areia preta e dos seus quatro ilh\u00e9us. Por fim, visitaremos a Ponta da Ferraria, onde poder\u00e1s dar um mergulho quente no mar, dependendo da \u00e9poca do ano e da mar\u00e9.<\/p>\n<p>Esta visita est\u00e1 dispon\u00edvel em portugu\u00eas e ingl\u00eas.<\/p>\n","protected":false},"featured_media":14498,"comment_status":"open","ping_status":"closed","template":"","meta":{"_acf_changed":false},"product_brand":[],"product_cat":[539,19306,556,547],"product_tag":[19324],"class_list":{"0":"post-14560","1":"product","2":"type-product","3":"status-publish","4":"has-post-thumbnail","6":"product_cat-atividades-pt-pt","7":"product_cat-sao-miguel-pt-pt","8":"product_cat-todas-as-ilhas","9":"product_cat-visitas-guiadas","10":"product_tag-ilhasaomiguel","12":"first","13":"instock","14":"virtual","15":"sold-individually","16":"taxable","17":"purchasable","18":"product-type-phive_booking"},"acf":[],"_links":{"self":[{"href":"https:\/\/guidetotheazores.pt\/pt-pt\/wp-json\/wp\/v2\/product\/14560","targetHints":{"allow":["GET"]}}],"collection":[{"href":"https:\/\/guidetotheazores.pt\/pt-pt\/wp-json\/wp\/v2\/product"}],"about":[{"href":"https:\/\/guidetotheazores.pt\/pt-pt\/wp-json\/wp\/v2\/types\/product"}],"replies":[{"embeddable":true,"href":"https:\/\/guidetotheazores.pt\/pt-pt\/wp-json\/wp\/v2\/comments?post=14560"}],"wp:featuredmedia":[{"embeddable":true,"href":"https:\/\/guidetotheazores.pt\/pt-pt\/wp-json\/wp\/v2\/media\/14498"}],"wp:attachment":[{"href":"https:\/\/guidetotheazores.pt\/pt-pt\/wp-json\/wp\/v2\/media?parent=14560"}],"wp:term":[{"taxonomy":"product_brand","embeddable":true,"href":"https:\/\/guidetotheazores.pt\/pt-pt\/wp-json\/wp\/v2\/product_brand?post=14560"},{"taxonomy":"product_cat","embeddable":true,"href":"https:\/\/guidetotheazores.pt\/pt-pt\/wp-json\/wp\/v2\/product_cat?post=14560"},{"taxonomy":"product_tag","embeddable":true,"href":"https:\/\/guidetotheazores.pt\/pt-pt\/wp-json\/wp\/v2\/product_tag?post=14560"}],"curies":[{"name":"wp","href":"https:\/\/api.w.org\/{rel}","templated":true}]}}