{"id":14805,"date":"2024-02-17T06:12:06","date_gmt":"2024-02-17T07:12:06","guid":{"rendered":"https:\/\/guidetotheazores.pt\/product\/dia-inteiro-a-descoberta-do-faial\/"},"modified":"2026-02-01T10:01:04","modified_gmt":"2026-02-01T11:01:04","slug":"dia-inteiro-a-descoberta-do-faial","status":"publish","type":"product","link":"https:\/\/guidetotheazores.pt\/pt-pt\/produto\/dia-inteiro-a-descoberta-do-faial\/","title":{"rendered":"Dia inteiro \u00e0 descoberta do Faial &#8211; Tour Privado"},"content":{"rendered":"<p><span style=\"color: #000000;font-family: 'Helvetica Neue', Helvetica, Roboto, Arial, sans-serif;font-size: medium\">O nosso passeio de carro de dia inteiro no Faial levar-nos-\u00e1 por toda a ilha de uma forma divertida e envolvente. Visitaremos a Caldeira do Faial, o Vulc\u00e3o dos Capelinhos, a Faj\u00e3 da Praia do Norte, entre outros locais. O nosso itiner\u00e1rio \u00e9 sempre uma surpresa.  <\/span><\/p>\n<p><span style=\"color: #000000;font-family: 'Helvetica Neue', Helvetica, Roboto, Arial, sans-serif;font-size: medium\">Uma vez que o passeio \u00e9 privado, temos a flexibilidade de adaptar cada passeio \u00e0s prefer\u00eancias dos nossos clientes e \u00e0s condi\u00e7\u00f5es climat\u00e9ricas. Os nossos Guias gostam de partilhar a hist\u00f3ria e a cultura da nossa ilha, bem como os seus conhecimentos sobre os A\u00e7ores em geral.  <\/span><\/p>\n<p><span style=\"color: #000000;font-family: 'Helvetica Neue', Helvetica, Roboto, Arial, sans-serif;font-size: medium\">Se estiveres interessado, temos todo o gosto em parar para dar um mergulho no mar durante o ver\u00e3o ou para uma pequena caminhada. O nosso passeio de carro no Faial tem a dura\u00e7\u00e3o de 8 horas com almo\u00e7o inclu\u00eddo.<\/span><\/p>\n","protected":false},"excerpt":{"rendered":"<p>O nosso passeio de carro de dia inteiro no Faial levar-nos-\u00e1 por toda a ilha de uma forma divertida e envolvente. Visitaremos a Caldeira do Faial, o Vulc\u00e3o dos Capelinhos, a Faj\u00e3 da Praia do Norte, entre outros locais. O nosso itiner\u00e1rio \u00e9 sempre uma surpresa.<\/p>\n","protected":false},"featured_media":14520,"comment_status":"open","ping_status":"closed","template":"","meta":{"_acf_changed":false},"product_brand":[],"product_cat":[535,539,556,547],"product_tag":[19333],"class_list":{"0":"post-14805","1":"product","2":"type-product","3":"status-publish","4":"has-post-thumbnail","6":"product_cat-faial-pt-pt","7":"product_cat-atividades-pt-pt","8":"product_cat-todas-as-ilhas","9":"product_cat-visitas-guiadas","10":"product_tag-ilhadofaial","12":"first","13":"instock","14":"virtual","15":"sold-individually","16":"taxable","17":"purchasable","18":"product-type-phive_booking"},"acf":[],"_links":{"self":[{"href":"https:\/\/guidetotheazores.pt\/pt-pt\/wp-json\/wp\/v2\/product\/14805","targetHints":{"allow":["GET"]}}],"collection":[{"href":"https:\/\/guidetotheazores.pt\/pt-pt\/wp-json\/wp\/v2\/product"}],"about":[{"href":"https:\/\/guidetotheazores.pt\/pt-pt\/wp-json\/wp\/v2\/types\/product"}],"replies":[{"embeddable":true,"href":"https:\/\/guidetotheazores.pt\/pt-pt\/wp-json\/wp\/v2\/comments?post=14805"}],"wp:featuredmedia":[{"embeddable":true,"href":"https:\/\/guidetotheazores.pt\/pt-pt\/wp-json\/wp\/v2\/media\/14520"}],"wp:attachment":[{"href":"https:\/\/guidetotheazores.pt\/pt-pt\/wp-json\/wp\/v2\/media?parent=14805"}],"wp:term":[{"taxonomy":"product_brand","embeddable":true,"href":"https:\/\/guidetotheazores.pt\/pt-pt\/wp-json\/wp\/v2\/product_brand?post=14805"},{"taxonomy":"product_cat","embeddable":true,"href":"https:\/\/guidetotheazores.pt\/pt-pt\/wp-json\/wp\/v2\/product_cat?post=14805"},{"taxonomy":"product_tag","embeddable":true,"href":"https:\/\/guidetotheazores.pt\/pt-pt\/wp-json\/wp\/v2\/product_tag?post=14805"}],"curies":[{"name":"wp","href":"https:\/\/api.w.org\/{rel}","templated":true}]}}