{"id":15080,"date":"2024-02-20T08:55:30","date_gmt":"2024-02-20T09:55:30","guid":{"rendered":"https:\/\/guidetotheazores.pt\/product\/trail-running-no-faial-visita-privada\/"},"modified":"2026-01-04T13:32:05","modified_gmt":"2026-01-04T14:32:05","slug":"trail-running-no-faial-visita-privada","status":"publish","type":"product","link":"https:\/\/guidetotheazores.pt\/pt-pt\/produto\/trail-running-no-faial-visita-privada\/","title":{"rendered":"Trail running no Faial &#8211; Visita privada"},"content":{"rendered":"<p style=\"color: #000000;font-family: 'Helvetica Neue', Helvetica, Roboto, Arial, sans-serif;margin: 0px 0px 20px\">O trail running no Faial \u00e9 uma forma divertida de conheceres a ilha. O Trilho dos 10 Vulc\u00f5es \u00e9, sem d\u00favida, o melhor percurso de trail running de m\u00e9dia dist\u00e2ncia no Faial e faz parte da prova Azores Trail Run. Este trilho oferece uma forma f\u00e1cil de ver as vistas para aqueles que levam os seus t\u00e9nis de corrida consigo para onde quer que v\u00e3o.<\/p>\n<p style=\"color: #000000;font-family: 'Helvetica Neue', Helvetica, Roboto, Arial, sans-serif;margin: 0px 0px 20px\">Durante o passeio, teremos a oportunidade de aprender sobre a natureza e a cultura da ilha enquanto corremos. O nosso guia de trail runner ir\u00e1 definir o ritmo certo para que todos se sintam confort\u00e1veis durante a aventura. Dependendo do tempo, ter\u00e1s algum tempo para relaxar e possivelmente nadar quando terminarmos.<\/p>\n<p style=\"color: #000000;font-family: 'Helvetica Neue', Helvetica, Roboto, Arial, sans-serif;margin: 0px 0px 20px\">Embora o Trilho dos 10 Vulc\u00f5es seja uma excelente escolha para fazer trail running no Faial, compreendemos que pode ser demasiado desafiante ou n\u00e3o ser o que procuras. Os nossos passeios s\u00e3o privados, por isso n\u00e3o hesites em contactar-nos se procuras um trilho mais curto ou um percurso de corrida diferente. Temos todo o gosto em conceber uma op\u00e7\u00e3o de trail running diferente. V\u00ea a nossa \u00faltima aventura com Mirna Valerio e a sua equipa, &#8220;Mirnavator&#8221;.<\/p>\n","protected":false},"excerpt":{"rendered":"<p><span style=\"color: #000000;font-family: 'Helvetica Neue', Helvetica, Roboto, Arial, sans-serif\">O trail running no Faial \u00e9 uma forma divertida de conheceres a ilha. O Trilho dos 10 Vulc\u00f5es \u00e9, sem d\u00favida, o melhor percurso de trail running de m\u00e9dia dist\u00e2ncia no Faial e faz parte da prova Azores Trail Run. Este trilho oferece uma forma f\u00e1cil de ver as vistas para aqueles que levam os seus t\u00e9nis de corrida consigo para onde quer que v\u00e3o.  <\/span><\/p>\n<p>&nbsp;<\/p>\n","protected":false},"featured_media":14955,"comment_status":"open","ping_status":"closed","template":"","meta":{"_acf_changed":false},"product_brand":[],"product_cat":[535,539,556,547],"product_tag":[19333],"class_list":{"0":"post-15080","1":"product","2":"type-product","3":"status-publish","4":"has-post-thumbnail","6":"product_cat-faial-pt-pt","7":"product_cat-atividades-pt-pt","8":"product_cat-todas-as-ilhas","9":"product_cat-visitas-guiadas","10":"product_tag-ilhadofaial","12":"first","13":"instock","14":"virtual","15":"sold-individually","16":"taxable","17":"purchasable","18":"product-type-phive_booking"},"acf":[],"_links":{"self":[{"href":"https:\/\/guidetotheazores.pt\/pt-pt\/wp-json\/wp\/v2\/product\/15080","targetHints":{"allow":["GET"]}}],"collection":[{"href":"https:\/\/guidetotheazores.pt\/pt-pt\/wp-json\/wp\/v2\/product"}],"about":[{"href":"https:\/\/guidetotheazores.pt\/pt-pt\/wp-json\/wp\/v2\/types\/product"}],"replies":[{"embeddable":true,"href":"https:\/\/guidetotheazores.pt\/pt-pt\/wp-json\/wp\/v2\/comments?post=15080"}],"wp:featuredmedia":[{"embeddable":true,"href":"https:\/\/guidetotheazores.pt\/pt-pt\/wp-json\/wp\/v2\/media\/14955"}],"wp:attachment":[{"href":"https:\/\/guidetotheazores.pt\/pt-pt\/wp-json\/wp\/v2\/media?parent=15080"}],"wp:term":[{"taxonomy":"product_brand","embeddable":true,"href":"https:\/\/guidetotheazores.pt\/pt-pt\/wp-json\/wp\/v2\/product_brand?post=15080"},{"taxonomy":"product_cat","embeddable":true,"href":"https:\/\/guidetotheazores.pt\/pt-pt\/wp-json\/wp\/v2\/product_cat?post=15080"},{"taxonomy":"product_tag","embeddable":true,"href":"https:\/\/guidetotheazores.pt\/pt-pt\/wp-json\/wp\/v2\/product_tag?post=15080"}],"curies":[{"name":"wp","href":"https:\/\/api.w.org\/{rel}","templated":true}]}}