{"id":15081,"date":"2024-02-20T09:09:08","date_gmt":"2024-02-20T10:09:08","guid":{"rendered":"https:\/\/guidetotheazores.pt\/product\/descida-da-caldeira-tour-privado-no-faial\/"},"modified":"2026-02-01T10:02:19","modified_gmt":"2026-02-01T11:02:19","slug":"descida-da-caldeira-tour-privado-no-faial","status":"publish","type":"product","link":"https:\/\/guidetotheazores.pt\/pt-pt\/produto\/descida-da-caldeira-tour-privado-no-faial\/","title":{"rendered":"Descida da Caldeira &#8211; Tour Privado no Faial"},"content":{"rendered":"<p style=\"color: #000000; font-family: 'Helvetica Neue', Helvetica, Roboto, Arial, sans-serif; margin: 0px 0px 20px;\">A Caldeira do Faial \u00e9 uma reserva natural desde 1972 (categoria I &#8211; IUCN). \u00c9 uma cratera de colapso vulc\u00e2nico com carater\u00edsticas \u00fanicas. Sendo a Descida da Caldeira do Faial uma experi\u00eancia t\u00e3o especial, o Parque Natural do Faial controla o acesso ao fundo, emitindo apenas um n\u00famero limitado de autoriza\u00e7\u00f5es. Por este motivo, \u00e9 obrigat\u00f3rio o acompanhamento de um guia certificado para a Descida da Caldeira.<\/p>\n<p style=\"color: #000000; font-family: 'Helvetica Neue', Helvetica, Roboto, Arial, sans-serif; margin: 0px 0px 20px;\">A Caldeira do Faial \u00e9 um dos \u00faltimos redutos da floresta aut\u00f3ctone dos A\u00e7ores. \u00c9 l\u00e1 que se encontram mais de 60% das esp\u00e9cies end\u00e9micas dos A\u00e7ores e onde podes sentir como eram os A\u00e7ores antes do povoamento humano. O trilho \u00e9 dif\u00edcil porque \u00e9 muito estreito e \u00edngreme e, por vezes, \u00e9 necess\u00e1rio fazer escalada. A bio-diversidade da Caldeira \u00e9 composta por diferentes habitats h\u00famidos. Por isso, \u00e9 comum encontrares lama e zonas inundadas no fundo.<\/p>\n","protected":false},"excerpt":{"rendered":"<p style=\"color: #000000; font-family: 'Helvetica Neue', Helvetica, Roboto, Arial, sans-serif; margin: 0px 0px 20px;\">A Caldeira do Faial \u00e9 uma reserva natural desde 1972 (categoria I &#8211; IUCN). \u00c9 uma cratera de colapso vulc\u00e2nico com carater\u00edsticas \u00fanicas. Sendo a Descida da Caldeira do Faial uma experi\u00eancia t\u00e3o especial, o Parque Natural do Faial controla o acesso ao fundo, emitindo apenas um n\u00famero limitado de autoriza\u00e7\u00f5es. Por este motivo, \u00e9 obrigat\u00f3rio o acompanhamento de um guia certificado para a Descida da Caldeira.<\/p>\n","protected":false},"featured_media":14972,"comment_status":"open","ping_status":"closed","template":"","meta":{"_acf_changed":false},"product_brand":[],"product_cat":[535,539,556,547],"product_tag":[19333],"class_list":{"0":"post-15081","1":"product","2":"type-product","3":"status-publish","4":"has-post-thumbnail","6":"product_cat-faial-pt-pt","7":"product_cat-atividades-pt-pt","8":"product_cat-todas-as-ilhas","9":"product_cat-visitas-guiadas","10":"product_tag-ilhadofaial","12":"first","13":"instock","14":"virtual","15":"sold-individually","16":"taxable","17":"purchasable","18":"product-type-phive_booking"},"acf":[],"_links":{"self":[{"href":"https:\/\/guidetotheazores.pt\/pt-pt\/wp-json\/wp\/v2\/product\/15081","targetHints":{"allow":["GET"]}}],"collection":[{"href":"https:\/\/guidetotheazores.pt\/pt-pt\/wp-json\/wp\/v2\/product"}],"about":[{"href":"https:\/\/guidetotheazores.pt\/pt-pt\/wp-json\/wp\/v2\/types\/product"}],"replies":[{"embeddable":true,"href":"https:\/\/guidetotheazores.pt\/pt-pt\/wp-json\/wp\/v2\/comments?post=15081"}],"wp:featuredmedia":[{"embeddable":true,"href":"https:\/\/guidetotheazores.pt\/pt-pt\/wp-json\/wp\/v2\/media\/14972"}],"wp:attachment":[{"href":"https:\/\/guidetotheazores.pt\/pt-pt\/wp-json\/wp\/v2\/media?parent=15081"}],"wp:term":[{"taxonomy":"product_brand","embeddable":true,"href":"https:\/\/guidetotheazores.pt\/pt-pt\/wp-json\/wp\/v2\/product_brand?post=15081"},{"taxonomy":"product_cat","embeddable":true,"href":"https:\/\/guidetotheazores.pt\/pt-pt\/wp-json\/wp\/v2\/product_cat?post=15081"},{"taxonomy":"product_tag","embeddable":true,"href":"https:\/\/guidetotheazores.pt\/pt-pt\/wp-json\/wp\/v2\/product_tag?post=15081"}],"curies":[{"name":"wp","href":"https:\/\/api.w.org\/{rel}","templated":true}]}}