{"id":15083,"date":"2024-02-19T08:30:39","date_gmt":"2024-02-19T09:30:39","guid":{"rendered":"https:\/\/guidetotheazores.pt\/product\/casa-da-boa-vista\/"},"modified":"2026-02-08T08:08:12","modified_gmt":"2026-02-08T09:08:12","slug":"casa-da-boa-vista","status":"publish","type":"product","link":"https:\/\/guidetotheazores.pt\/pt-pt\/produto\/casa-da-boa-vista\/","title":{"rendered":"Casa da Boa Vista &#8211; Horta, Faial"},"content":{"rendered":"<p><span style=\"color: #1a1a1a; font-family: 'system-ui', -apple-system, 'Segoe UI', Roboto, Helvetica, Arial, sans-serif; font-size: 14px;\">As Casas da Boa Vista est\u00e3o localizadas na Horta, a 12 km da Caldeira e a 24 km dos Capelinhos. O acesso Wi-Fi \u00e9 gratuito em toda a propriedade. A acomoda\u00e7\u00e3o inclui uma \u00e1rea de estar. Algumas unidades incluem um terra\u00e7o e\/ou uma varanda com vistas para o mar ou para a montanha. Existe tamb\u00e9m uma cozinha, equipada com um forno, micro-ondas e torradeira. Um frigor\u00edfico e uma placa de fog\u00e3o, bem como uma m\u00e1quina de caf\u00e9 e uma chaleira tamb\u00e9m est\u00e3o dispon\u00edveis. Cada unidade tem uma casa de banho privativa com uma banheira. A casa de f\u00e9rias disp\u00f5e de estacionamento privado gratuito. A zona \u00e9 popular para a pr\u00e1tica de mergulho. Os h\u00f3spedes podem desfrutar de v\u00e1rias actividades nos arredores, incluindo ciclismo, pesca e caminhadas. O aeroporto mais pr\u00f3ximo \u00e9 o Aeroporto da Horta, a 15,5 km das Casas da Boa Vista.<\/span><\/p>\n","protected":false},"excerpt":{"rendered":"<p><span style=\"color: #1a1a1a; font-family: 'system-ui', -apple-system, 'Segoe UI', Roboto, Helvetica, Arial, sans-serif; font-size: 14px;\">As Casas da Boa Vista est\u00e3o localizadas na Horta, a 12 km da Caldeira e a 24 km dos Capelinhos. O acesso Wi-Fi \u00e9 gratuito em toda a propriedade. A acomoda\u00e7\u00e3o inclui uma \u00e1rea de estar. Algumas unidades incluem um terra\u00e7o e\/ou uma varanda com vistas para o mar ou para a montanha. Existe tamb\u00e9m uma cozinha, equipada com um forno, micro-ondas e torradeira. Um frigor\u00edfico e uma placa de fog\u00e3o, bem como uma m\u00e1quina de caf\u00e9 e uma chaleira tamb\u00e9m est\u00e3o dispon\u00edveis. Cada unidade tem uma casa de banho privativa com uma banheira. A casa de f\u00e9rias disp\u00f5e de estacionamento privado gratuito. A zona \u00e9 popular para a pr\u00e1tica de mergulho. Os h\u00f3spedes podem desfrutar de v\u00e1rias actividades nos arredores, incluindo ciclismo, pesca e caminhadas. O aeroporto mais pr\u00f3ximo \u00e9 o Aeroporto da Horta, a 15,5 km das Casas da Boa Vista.<\/span><\/p>\n","protected":false},"featured_media":14886,"comment_status":"open","ping_status":"closed","template":"","meta":{"_acf_changed":false},"product_brand":[],"product_cat":[536,533,535,556],"product_tag":[19333],"class_list":{"0":"post-15083","1":"product","2":"type-product","3":"status-publish","4":"has-post-thumbnail","6":"product_cat-alojamento","7":"product_cat-alojamento-local-pt-pt","8":"product_cat-faial-pt-pt","9":"product_cat-todas-as-ilhas","10":"product_tag-ilhadofaial","12":"first","13":"instock","14":"virtual","15":"sold-individually","16":"taxable","17":"purchasable","18":"product-type-phive_booking"},"acf":[],"_links":{"self":[{"href":"https:\/\/guidetotheazores.pt\/pt-pt\/wp-json\/wp\/v2\/product\/15083","targetHints":{"allow":["GET"]}}],"collection":[{"href":"https:\/\/guidetotheazores.pt\/pt-pt\/wp-json\/wp\/v2\/product"}],"about":[{"href":"https:\/\/guidetotheazores.pt\/pt-pt\/wp-json\/wp\/v2\/types\/product"}],"replies":[{"embeddable":true,"href":"https:\/\/guidetotheazores.pt\/pt-pt\/wp-json\/wp\/v2\/comments?post=15083"}],"wp:featuredmedia":[{"embeddable":true,"href":"https:\/\/guidetotheazores.pt\/pt-pt\/wp-json\/wp\/v2\/media\/14886"}],"wp:attachment":[{"href":"https:\/\/guidetotheazores.pt\/pt-pt\/wp-json\/wp\/v2\/media?parent=15083"}],"wp:term":[{"taxonomy":"product_brand","embeddable":true,"href":"https:\/\/guidetotheazores.pt\/pt-pt\/wp-json\/wp\/v2\/product_brand?post=15083"},{"taxonomy":"product_cat","embeddable":true,"href":"https:\/\/guidetotheazores.pt\/pt-pt\/wp-json\/wp\/v2\/product_cat?post=15083"},{"taxonomy":"product_tag","embeddable":true,"href":"https:\/\/guidetotheazores.pt\/pt-pt\/wp-json\/wp\/v2\/product_tag?post=15083"}],"curies":[{"name":"wp","href":"https:\/\/api.w.org\/{rel}","templated":true}]}}