{"id":15087,"date":"2024-02-20T09:18:22","date_gmt":"2024-02-20T10:18:22","guid":{"rendered":"https:\/\/guidetotheazores.pt\/product\/trilho-dos-10-vulcoes-tour-privado-faial\/"},"modified":"2026-01-04T13:31:40","modified_gmt":"2026-01-04T14:31:40","slug":"trilho-dos-10-vulcoes-tour-privado-faial","status":"publish","type":"product","link":"https:\/\/guidetotheazores.pt\/pt-pt\/produto\/trilho-dos-10-vulcoes-tour-privado-faial\/","title":{"rendered":"Trilho dos 10 Vulc\u00f5es &#8211; Tour Privado Faial"},"content":{"rendered":"<p><span style=\"color: #000000;font-family: 'Helvetica Neue', Helvetica, Roboto, Arial, sans-serif;font-size: medium\">O Trilho dos 10 Vulc\u00f5es \u00e9 uma atividade de dia inteiro, com 21 km, e \u00e9 a caminhada mais envolvente do Faial. Durante a atividade, ver\u00e1s uma grande parte da ilha. A caminhada inclui os dois pontos de interesse mais famosos do Faial: Caldeira e Vulc\u00e3o dos Capelinhos.  <\/span><\/p>\n<p><span style=\"color: #000000;font-family: 'Helvetica Neue', Helvetica, Roboto, Arial, sans-serif;font-size: medium\">Uma vez que atravessaremos v\u00e1rios tipos de paisagens pelo meio, teremos a oportunidade de conhecer a floresta aut\u00f3ctone dos A\u00e7ores e as suas esp\u00e9cies end\u00e9micas. Come\u00e7a perto do ponto mais alto da ilha e termina ao n\u00edvel do mar.  <\/span><\/p>\n<p><span style=\"color: #000000;font-family: 'Helvetica Neue', Helvetica, Roboto, Arial, sans-serif;font-size: medium\">A interpreta\u00e7\u00e3o geol\u00f3gica da ilha marca a experi\u00eancia. O Trilho dos 10 Vulc\u00f5es percorre a oeste o sistema vulc\u00e2nico mais jovem do Faial.<\/span><\/p>\n","protected":false},"excerpt":{"rendered":"<p><span style=\"color: #000000;font-family: 'Helvetica Neue', Helvetica, Roboto, Arial, sans-serif;font-size: medium\">O Trilho dos 10 Vulc\u00f5es \u00e9 uma atividade de dia inteiro, com 21 km, e \u00e9 a caminhada mais envolvente do Faial. Durante a atividade, ver\u00e1s uma grande parte da ilha. A caminhada inclui os dois pontos de interesse mais famosos do Faial: Caldeira e Vulc\u00e3o dos Capelinhos.<\/span><\/p>\n","protected":false},"featured_media":14985,"comment_status":"open","ping_status":"closed","template":"","meta":{"_acf_changed":false},"product_brand":[],"product_cat":[535,539,556,547],"product_tag":[19333],"class_list":{"0":"post-15087","1":"product","2":"type-product","3":"status-publish","4":"has-post-thumbnail","6":"product_cat-faial-pt-pt","7":"product_cat-atividades-pt-pt","8":"product_cat-todas-as-ilhas","9":"product_cat-visitas-guiadas","10":"product_tag-ilhadofaial","12":"first","13":"instock","14":"virtual","15":"sold-individually","16":"taxable","17":"purchasable","18":"product-type-phive_booking"},"acf":[],"_links":{"self":[{"href":"https:\/\/guidetotheazores.pt\/pt-pt\/wp-json\/wp\/v2\/product\/15087","targetHints":{"allow":["GET"]}}],"collection":[{"href":"https:\/\/guidetotheazores.pt\/pt-pt\/wp-json\/wp\/v2\/product"}],"about":[{"href":"https:\/\/guidetotheazores.pt\/pt-pt\/wp-json\/wp\/v2\/types\/product"}],"replies":[{"embeddable":true,"href":"https:\/\/guidetotheazores.pt\/pt-pt\/wp-json\/wp\/v2\/comments?post=15087"}],"wp:featuredmedia":[{"embeddable":true,"href":"https:\/\/guidetotheazores.pt\/pt-pt\/wp-json\/wp\/v2\/media\/14985"}],"wp:attachment":[{"href":"https:\/\/guidetotheazores.pt\/pt-pt\/wp-json\/wp\/v2\/media?parent=15087"}],"wp:term":[{"taxonomy":"product_brand","embeddable":true,"href":"https:\/\/guidetotheazores.pt\/pt-pt\/wp-json\/wp\/v2\/product_brand?post=15087"},{"taxonomy":"product_cat","embeddable":true,"href":"https:\/\/guidetotheazores.pt\/pt-pt\/wp-json\/wp\/v2\/product_cat?post=15087"},{"taxonomy":"product_tag","embeddable":true,"href":"https:\/\/guidetotheazores.pt\/pt-pt\/wp-json\/wp\/v2\/product_tag?post=15087"}],"curies":[{"name":"wp","href":"https:\/\/api.w.org\/{rel}","templated":true}]}}