{"id":15088,"date":"2024-02-20T09:01:09","date_gmt":"2024-02-20T10:01:09","guid":{"rendered":"https:\/\/guidetotheazores.pt\/product\/banana-trip-passeio-privado-no-pico\/"},"modified":"2026-01-04T13:33:56","modified_gmt":"2026-01-04T14:33:56","slug":"banana-trip-passeio-privado-no-pico","status":"publish","type":"product","link":"https:\/\/guidetotheazores.pt\/pt-pt\/produto\/banana-trip-passeio-privado-no-pico\/","title":{"rendered":"Banana Trip &#8211; Passeio Privado no Pico"},"content":{"rendered":"<p style=\"color: #000000;font-family: 'Helvetica Neue', Helvetica, Roboto, Arial, sans-serif;margin: 0px 0px 20px\"><span style=\"font-size: medium\">O Banana Trip \u00e9 um passeio cultural de dia inteiro na ilha do Pico. Normalmente, concentramo-nos na costa sul da ilha do Pico. Aprende sobre a cultura do vinho e a paisagem dos vinhedos, Patrim\u00f3nio Mundial da UNESCO. E vamos compreender melhor a import\u00e2ncia da cultura baleeira dos A\u00e7ores, visitando alguns locais patrimoniais, como o Museu da Baleia.  <\/span><\/p>\n<p style=\"color: #000000;font-family: 'Helvetica Neue', Helvetica, Roboto, Arial, sans-serif;margin: 0px 0px 20px\"><span style=\"font-size: medium\">Inclui um almo\u00e7o tradicional na vila das Lajes. Pelo meio, apreciaremos v\u00e1rias piscinas naturais de mar\u00e9 e visitaremos o interior da ilha, o Planalto Central do Pico. Chamamos-lhe Banana Trip, porque o objetivo final \u00e9 visitar a nossa pr\u00f3pria planta\u00e7\u00e3o de bananas. Para veres se h\u00e1 um cacho de bananas maduro, pronto a ser colhido.  <\/span><\/p>\n<p style=\"color: #000000;font-family: 'Helvetica Neue', Helvetica, Roboto, Arial, sans-serif;margin: 0px 0px 20px\"><span style=\"font-size: medium\">A Banana Trip \u00e9 um passeio cultural privado na ilha do Pico que te oferece uma experi\u00eancia exclusiva. O pre\u00e7o inclui todas as despesas de ida e volta da ilha do Faial.<\/span><\/p>\n","protected":false},"excerpt":{"rendered":"<p style=\"color: #000000;font-family: 'Helvetica Neue', Helvetica, Roboto, Arial, sans-serif;margin: 0px 0px 20px\"><span style=\"font-size: medium\">O Banana Trip \u00e9 um passeio cultural de dia inteiro na ilha do Pico. Normalmente, concentramo-nos na costa sul da ilha do Pico. Aprende sobre a cultura do vinho e a paisagem dos vinhedos, Patrim\u00f3nio Mundial da UNESCO. E vamos compreender melhor a import\u00e2ncia da cultura baleeira dos A\u00e7ores, visitando alguns locais patrimoniais, como o Museu da Baleia.<\/span><\/p>\n<p style=\"color: #000000;font-family: 'Helvetica Neue', Helvetica, Roboto, Arial, sans-serif;margin: 0px 0px 20px\"><span style=\"font-size: medium\">Inclui um almo\u00e7o tradicional na vila das Lajes. Pelo meio, apreciaremos v\u00e1rias piscinas naturais de mar\u00e9 e visitaremos o interior da ilha, o Planalto Central do Pico. Chamamos-lhe Banana Trip, porque o objetivo final \u00e9 visitar a nossa pr\u00f3pria planta\u00e7\u00e3o de bananas. Para veres se h\u00e1 um cacho de bananas maduro, pronto a ser colhido.<\/span><\/p>\n<p style=\"color: #000000;font-family: 'Helvetica Neue', Helvetica, Roboto, Arial, sans-serif;margin: 0px 0px 20px\"><span style=\"font-size: medium\">A Banana Trip \u00e9 um passeio cultural privado na ilha do Pico que te oferece uma experi\u00eancia exclusiva. O pre\u00e7o inclui todas as despesas de ida e volta da ilha do Faial.<\/span><\/p>\n","protected":false},"featured_media":14962,"comment_status":"open","ping_status":"closed","template":"","meta":{"_acf_changed":false},"product_brand":[],"product_cat":[19262,539,556,547],"product_tag":[19327],"class_list":{"0":"post-15088","1":"product","2":"type-product","3":"status-publish","4":"has-post-thumbnail","6":"product_cat-pico-pt-pt","7":"product_cat-atividades-pt-pt","8":"product_cat-todas-as-ilhas","9":"product_cat-visitas-guiadas","10":"product_tag-ilhadopico","12":"first","13":"instock","14":"virtual","15":"sold-individually","16":"taxable","17":"purchasable","18":"product-type-phive_booking"},"acf":[],"_links":{"self":[{"href":"https:\/\/guidetotheazores.pt\/pt-pt\/wp-json\/wp\/v2\/product\/15088","targetHints":{"allow":["GET"]}}],"collection":[{"href":"https:\/\/guidetotheazores.pt\/pt-pt\/wp-json\/wp\/v2\/product"}],"about":[{"href":"https:\/\/guidetotheazores.pt\/pt-pt\/wp-json\/wp\/v2\/types\/product"}],"replies":[{"embeddable":true,"href":"https:\/\/guidetotheazores.pt\/pt-pt\/wp-json\/wp\/v2\/comments?post=15088"}],"wp:featuredmedia":[{"embeddable":true,"href":"https:\/\/guidetotheazores.pt\/pt-pt\/wp-json\/wp\/v2\/media\/14962"}],"wp:attachment":[{"href":"https:\/\/guidetotheazores.pt\/pt-pt\/wp-json\/wp\/v2\/media?parent=15088"}],"wp:term":[{"taxonomy":"product_brand","embeddable":true,"href":"https:\/\/guidetotheazores.pt\/pt-pt\/wp-json\/wp\/v2\/product_brand?post=15088"},{"taxonomy":"product_cat","embeddable":true,"href":"https:\/\/guidetotheazores.pt\/pt-pt\/wp-json\/wp\/v2\/product_cat?post=15088"},{"taxonomy":"product_tag","embeddable":true,"href":"https:\/\/guidetotheazores.pt\/pt-pt\/wp-json\/wp\/v2\/product_tag?post=15088"}],"curies":[{"name":"wp","href":"https:\/\/api.w.org\/{rel}","templated":true}]}}