{"id":15090,"date":"2024-02-20T09:25:13","date_gmt":"2024-02-20T10:25:13","guid":{"rendered":"https:\/\/guidetotheazores.pt\/product\/trilho-da-caldeira-passeio-privado-no-faial\/"},"modified":"2026-01-04T13:31:31","modified_gmt":"2026-01-04T14:31:31","slug":"trilho-da-caldeira-passeio-privado-no-faial","status":"publish","type":"product","link":"https:\/\/guidetotheazores.pt\/pt-pt\/produto\/trilho-da-caldeira-passeio-privado-no-faial\/","title":{"rendered":"Trilho da Caldeira &#8211; Passeio Privado no Faial"},"content":{"rendered":"<p><span style=\"color: #000000;font-family: 'Helvetica Neue', Helvetica, Roboto, Arial, sans-serif;font-size: medium\">O trilho \u00e0 volta da Caldeira \u00e9 o trilho mais alto do Faial. A Caldeira \u00e9 uma cratera de colapso vulc\u00e2nico muito singular, pois a elevada altitude permite uma interpreta\u00e7\u00e3o geol\u00f3gica da maioria das caracter\u00edsticas do Faial. O interior da Caldeira \u00e9 um dos s\u00edtios de preserva\u00e7\u00e3o da natureza mais importantes dos A\u00e7ores.  <\/span><\/p>\n<p><span style=\"color: #000000;font-family: 'Helvetica Neue', Helvetica, Roboto, Arial, sans-serif;font-size: medium\">Este trilho d\u00e1-nos tamb\u00e9m a oportunidade de conhecer a flora aut\u00f3ctone, pois algumas esp\u00e9cies adaptaram-se a viver na orla exposta a ventos fortes. Os nossos guias n\u00e3o aconselham a visita num dia de chuva ou de vento, mas num dia de c\u00e9u limpo podes ver praticamente toda a ilha.<\/span><\/p>\n","protected":false},"excerpt":{"rendered":"<p style=\"color: #000000;font-family: 'Helvetica Neue', Helvetica, Roboto, Arial, sans-serif;margin: 0px 0px 20px\"><span style=\"font-size: medium\">O trilho \u00e0 volta da Caldeira \u00e9 o trilho mais alto do Faial. A Caldeira \u00e9 uma cratera de colapso vulc\u00e2nico muito singular, pois a elevada altitude permite uma interpreta\u00e7\u00e3o geol\u00f3gica da maioria das caracter\u00edsticas do Faial. O interior da Caldeira \u00e9 um dos s\u00edtios de preserva\u00e7\u00e3o da natureza mais importantes dos A\u00e7ores.<\/span><\/p>\n","protected":false},"featured_media":14995,"comment_status":"open","ping_status":"closed","template":"","meta":{"_acf_changed":false},"product_brand":[],"product_cat":[535,539,556,547],"product_tag":[19333],"class_list":{"0":"post-15090","1":"product","2":"type-product","3":"status-publish","4":"has-post-thumbnail","6":"product_cat-faial-pt-pt","7":"product_cat-atividades-pt-pt","8":"product_cat-todas-as-ilhas","9":"product_cat-visitas-guiadas","10":"product_tag-ilhadofaial","12":"first","13":"instock","14":"virtual","15":"sold-individually","16":"taxable","17":"purchasable","18":"product-type-phive_booking"},"acf":[],"_links":{"self":[{"href":"https:\/\/guidetotheazores.pt\/pt-pt\/wp-json\/wp\/v2\/product\/15090","targetHints":{"allow":["GET"]}}],"collection":[{"href":"https:\/\/guidetotheazores.pt\/pt-pt\/wp-json\/wp\/v2\/product"}],"about":[{"href":"https:\/\/guidetotheazores.pt\/pt-pt\/wp-json\/wp\/v2\/types\/product"}],"replies":[{"embeddable":true,"href":"https:\/\/guidetotheazores.pt\/pt-pt\/wp-json\/wp\/v2\/comments?post=15090"}],"wp:featuredmedia":[{"embeddable":true,"href":"https:\/\/guidetotheazores.pt\/pt-pt\/wp-json\/wp\/v2\/media\/14995"}],"wp:attachment":[{"href":"https:\/\/guidetotheazores.pt\/pt-pt\/wp-json\/wp\/v2\/media?parent=15090"}],"wp:term":[{"taxonomy":"product_brand","embeddable":true,"href":"https:\/\/guidetotheazores.pt\/pt-pt\/wp-json\/wp\/v2\/product_brand?post=15090"},{"taxonomy":"product_cat","embeddable":true,"href":"https:\/\/guidetotheazores.pt\/pt-pt\/wp-json\/wp\/v2\/product_cat?post=15090"},{"taxonomy":"product_tag","embeddable":true,"href":"https:\/\/guidetotheazores.pt\/pt-pt\/wp-json\/wp\/v2\/product_tag?post=15090"}],"curies":[{"name":"wp","href":"https:\/\/api.w.org\/{rel}","templated":true}]}}