{"id":15092,"date":"2024-02-20T09:31:02","date_gmt":"2024-02-20T10:31:02","guid":{"rendered":"https:\/\/guidetotheazores.pt\/product\/passeio-de-btt-tour-privado-no-faial\/"},"modified":"2026-01-04T13:31:18","modified_gmt":"2026-01-04T14:31:18","slug":"passeio-de-btt-tour-privado-no-faial","status":"publish","type":"product","link":"https:\/\/guidetotheazores.pt\/pt-pt\/produto\/passeio-de-btt-tour-privado-no-faial\/","title":{"rendered":"Passeio de BTT &#8211; Tour Privado no Faial"},"content":{"rendered":"<p><span style=\"color: #000000;font-family: 'Helvetica Neue', Helvetica, Roboto, Arial, sans-serif;font-size: medium\">O nosso passeio de BTT atravessa a ilha do Faial de leste a oeste. Come\u00e7a a pedalar na Horta e termina no Vulc\u00e3o dos Capelinhos. Pelo meio, avista a Caldeira do Faial.  <\/span><\/p>\n<p><span style=\"color: #000000;font-family: 'Helvetica Neue', Helvetica, Roboto, Arial, sans-serif;font-size: medium\">Este passeio foi concebido para ciclistas amadores ou entusiastas do desporto que praticam desportos de resist\u00eancia de forma consistente, pelo menos uma vez por semana. O percurso tem 45 km e 1320 m de desn\u00edvel. Utilizaremos sobretudo estradas de terra e estradas secund\u00e1rias. O itiner\u00e1rio pode mudar, pois o nosso guia adaptar\u00e1 o percurso em fun\u00e7\u00e3o das condi\u00e7\u00f5es climat\u00e9ricas e da condi\u00e7\u00e3o f\u00edsica do grupo.  <\/span><\/p>\n<p><span style=\"color: #000000;font-family: 'Helvetica Neue', Helvetica, Roboto, Arial, sans-serif;font-size: medium\">O guia conduzir\u00e1 ao ritmo certo para que todos se sintam confort\u00e1veis no final da aventura. Depois do passeio, podemos ter algum tempo para relaxar e nadar, se as condi\u00e7\u00f5es meteorol\u00f3gicas forem favor\u00e1veis. O nosso passeio de BTT \u00e9 uma \u00f3ptima maneira de atravessar a ilha do Faial, ver muitas paisagens diferentes e tamb\u00e9m aprender bastante sobre a ilha.  <\/span><\/p>\n<p><span style=\"color: #000000;font-family: 'Helvetica Neue', Helvetica, Roboto, Arial, sans-serif;font-size: medium\">O passeio inclui bicicletas e transporte de regresso \u00e0 Horta. N\u00e3o hesites em contactar-nos se procuras um percurso mais curto ou diferente, feito \u00e0 medida.<\/span><\/p>\n","protected":false},"excerpt":{"rendered":"<p><span style=\"color: #000000;font-family: 'Helvetica Neue', Helvetica, Roboto, Arial, sans-serif;font-size: medium\">O nosso passeio de BTT atravessa a ilha do Faial de leste a oeste. Come\u00e7a a pedalar na Horta e termina no Vulc\u00e3o dos Capelinhos. Pelo meio, avista a Caldeira do Faial.<\/span><\/p>\n<p><span style=\"color: #000000;font-family: 'Helvetica Neue', Helvetica, Roboto, Arial, sans-serif;font-size: medium\">Este passeio foi concebido para ciclistas amadores ou entusiastas do desporto que praticam desportos de resist\u00eancia de forma consistente, pelo menos uma vez por semana. O percurso tem 45 km e 1320 m de desn\u00edvel. Utilizaremos sobretudo estradas de terra e estradas secund\u00e1rias. O itiner\u00e1rio pode mudar, pois o nosso guia adaptar\u00e1 o percurso em fun\u00e7\u00e3o das condi\u00e7\u00f5es climat\u00e9ricas e da condi\u00e7\u00e3o f\u00edsica do grupo.<\/span><\/p>\n","protected":false},"featured_media":15002,"comment_status":"open","ping_status":"closed","template":"","meta":{"_acf_changed":false},"product_brand":[],"product_cat":[535,539,556,547],"product_tag":[19333],"class_list":{"0":"post-15092","1":"product","2":"type-product","3":"status-publish","4":"has-post-thumbnail","6":"product_cat-faial-pt-pt","7":"product_cat-atividades-pt-pt","8":"product_cat-todas-as-ilhas","9":"product_cat-visitas-guiadas","10":"product_tag-ilhadofaial","12":"first","13":"instock","14":"virtual","15":"sold-individually","16":"taxable","17":"purchasable","18":"product-type-phive_booking"},"acf":[],"_links":{"self":[{"href":"https:\/\/guidetotheazores.pt\/pt-pt\/wp-json\/wp\/v2\/product\/15092","targetHints":{"allow":["GET"]}}],"collection":[{"href":"https:\/\/guidetotheazores.pt\/pt-pt\/wp-json\/wp\/v2\/product"}],"about":[{"href":"https:\/\/guidetotheazores.pt\/pt-pt\/wp-json\/wp\/v2\/types\/product"}],"replies":[{"embeddable":true,"href":"https:\/\/guidetotheazores.pt\/pt-pt\/wp-json\/wp\/v2\/comments?post=15092"}],"wp:featuredmedia":[{"embeddable":true,"href":"https:\/\/guidetotheazores.pt\/pt-pt\/wp-json\/wp\/v2\/media\/15002"}],"wp:attachment":[{"href":"https:\/\/guidetotheazores.pt\/pt-pt\/wp-json\/wp\/v2\/media?parent=15092"}],"wp:term":[{"taxonomy":"product_brand","embeddable":true,"href":"https:\/\/guidetotheazores.pt\/pt-pt\/wp-json\/wp\/v2\/product_brand?post=15092"},{"taxonomy":"product_cat","embeddable":true,"href":"https:\/\/guidetotheazores.pt\/pt-pt\/wp-json\/wp\/v2\/product_cat?post=15092"},{"taxonomy":"product_tag","embeddable":true,"href":"https:\/\/guidetotheazores.pt\/pt-pt\/wp-json\/wp\/v2\/product_tag?post=15092"}],"curies":[{"name":"wp","href":"https:\/\/api.w.org\/{rel}","templated":true}]}}