{"id":15093,"date":"2024-02-20T09:51:11","date_gmt":"2024-02-20T10:51:11","guid":{"rendered":"https:\/\/guidetotheazores.pt\/product\/observacao-de-baleias-2\/"},"modified":"2026-02-08T08:07:42","modified_gmt":"2026-02-08T09:07:42","slug":"observacao-de-baleias-2","status":"publish","type":"product","link":"https:\/\/guidetotheazores.pt\/pt-pt\/produto\/observacao-de-baleias-2\/","title":{"rendered":"Observa\u00e7\u00e3o de baleias ao redor do Faial"},"content":{"rendered":"<p>A observa\u00e7\u00e3o de baleias \u00e9 uma das nossas maiores paix\u00f5es!<\/p>\n<p>Somos verdadeiramente apaixonados e fascinados por estes animais, e todos os dias tentamos passar um pouco desta paix\u00e3o, e do nosso conhecimento, a todos aqueles que nos escolhem para viver esta experi\u00eancia.<\/p>\n<p>Organizamos viagens de manh\u00e3 e \u00e0 tarde, com uma dura\u00e7\u00e3o de 3 a 4 horas. As esp\u00e9cies avistadas podem variar consoante a \u00e9poca do ano, no entanto temos algumas esp\u00e9cies que s\u00e3o &#8220;residentes&#8221; durante todo o ano, como \u00e9 o caso do Cachalote.<\/p>\n<p>Inclui: Briefing &#8211; Sa\u00edda do barco &#8211; Skipper e tripula\u00e7\u00e3o &#8211; Casaco e cal\u00e7as imperme\u00e1veis &#8211; Colete salva-vidas &#8211; Seguro de acidentes pessoais e de responsabilidade civil<\/p>\n<p><strong>POL\u00cdTICA DE CANCELAMENTO<\/strong><\/p>\n<p>Os cancelamentos podem ser feitos a qualquer momento, desde que a empresa seja notificada por escrito (via e-mail ou WhatsApp). Receber\u00e1s um reembolso com base na seguinte pol\u00edtica de cancelamento:<\/p>\n<p>&#8211; Os cancelamentos solicitados 7 dias ou mais antes da data da atividade, o cliente receber\u00e1 o reembolso total do montante pago.<\/p>\n<p>&#8211; Os cancelamentos solicitados entre 4 e 6 dias antes da data da atividade, o cliente receber\u00e1 um reembolso de 50% do montante pago.<\/p>\n<p>&#8211; Cancelamentos solicitados at\u00e9 72 horas antes da data da atividade, o cliente n\u00e3o ser\u00e1 reembolsado.<\/p>\n<p>As n\u00e3o compar\u00eancias resultantes de voos cancelados ou atrasados ser\u00e3o eleg\u00edveis para um reembolso de acordo com a nossa pol\u00edtica de cancelamento.<\/p>\n","protected":false},"excerpt":{"rendered":"<p>A observa\u00e7\u00e3o de baleias \u00e9 uma das nossas maiores paix\u00f5es!<\/p>\n<p>Somos verdadeiramente apaixonados e fascinados por estes animais, e todos os dias tentamos passar um pouco desta paix\u00e3o, e do nosso conhecimento, a todos aqueles que nos escolhem para viver esta experi\u00eancia.<\/p>\n<p>Organizamos viagens de manh\u00e3 e \u00e0 tarde, com uma dura\u00e7\u00e3o de 3 a 4 horas. As esp\u00e9cies avistadas podem variar consoante a \u00e9poca do ano, no entanto temos algumas esp\u00e9cies que s\u00e3o &#8220;residentes&#8221; durante todo o ano, como \u00e9 o caso do Cachalote.<\/p>\n<p><em>* Consulta os nossos termos e condi\u00e7\u00f5es e a pol\u00edtica de cancelamento abaixo<\/em><\/p>\n","protected":false},"featured_media":15030,"comment_status":"open","ping_status":"closed","template":"","meta":{"_acf_changed":false},"product_brand":[],"product_cat":[535,539,552,556],"product_tag":[19333],"class_list":{"0":"post-15093","1":"product","2":"type-product","3":"status-publish","4":"has-post-thumbnail","6":"product_cat-faial-pt-pt","7":"product_cat-atividades-pt-pt","8":"product_cat-observacao-de-baleias","9":"product_cat-todas-as-ilhas","10":"product_tag-ilhadofaial","12":"first","13":"instock","14":"virtual","15":"sold-individually","16":"taxable","17":"purchasable","18":"product-type-phive_booking"},"acf":[],"_links":{"self":[{"href":"https:\/\/guidetotheazores.pt\/pt-pt\/wp-json\/wp\/v2\/product\/15093","targetHints":{"allow":["GET"]}}],"collection":[{"href":"https:\/\/guidetotheazores.pt\/pt-pt\/wp-json\/wp\/v2\/product"}],"about":[{"href":"https:\/\/guidetotheazores.pt\/pt-pt\/wp-json\/wp\/v2\/types\/product"}],"replies":[{"embeddable":true,"href":"https:\/\/guidetotheazores.pt\/pt-pt\/wp-json\/wp\/v2\/comments?post=15093"}],"wp:featuredmedia":[{"embeddable":true,"href":"https:\/\/guidetotheazores.pt\/pt-pt\/wp-json\/wp\/v2\/media\/15030"}],"wp:attachment":[{"href":"https:\/\/guidetotheazores.pt\/pt-pt\/wp-json\/wp\/v2\/media?parent=15093"}],"wp:term":[{"taxonomy":"product_brand","embeddable":true,"href":"https:\/\/guidetotheazores.pt\/pt-pt\/wp-json\/wp\/v2\/product_brand?post=15093"},{"taxonomy":"product_cat","embeddable":true,"href":"https:\/\/guidetotheazores.pt\/pt-pt\/wp-json\/wp\/v2\/product_cat?post=15093"},{"taxonomy":"product_tag","embeddable":true,"href":"https:\/\/guidetotheazores.pt\/pt-pt\/wp-json\/wp\/v2\/product_tag?post=15093"}],"curies":[{"name":"wp","href":"https:\/\/api.w.org\/{rel}","templated":true}]}}