{"id":15816,"date":"2024-03-02T15:50:03","date_gmt":"2024-03-02T16:50:03","guid":{"rendered":"https:\/\/guidetotheazores.pt\/product\/residencia-coliseum\/"},"modified":"2026-01-04T13:28:50","modified_gmt":"2026-01-04T14:28:50","slug":"residencia-coliseum","status":"publish","type":"product","link":"https:\/\/guidetotheazores.pt\/pt-pt\/produto\/residencia-coliseum\/","title":{"rendered":"Resid\u00eancia Coliseum"},"content":{"rendered":"<p><span style=\"color: #000000; font-family: 'Helvetica Neue', Helvetica, Roboto, Arial, sans-serif; font-size: medium;\">Apartamento de luxo em condom\u00ednio fechado, totalmente equipado para desfrutar das tuas excelentes f\u00e9rias nos A\u00e7ores. O espa\u00e7o tem uma \u00e1rea de 145m2 e cont\u00e9m decora\u00e7\u00f5es originais e modernas. O apartamento &#8220;Coliseum Residence&#8221; est\u00e1 localizado no centro da cidade de Ponta Delgada, a 10 minutos a p\u00e9 das piscinas naturais, com uma farm\u00e1cia a 50m e muito perto de v\u00e1rios restaurantes, do Coliseu Micaelense, da Avenida das Portas da Cidade e do Porto de Ponta Delgada.  <\/span><\/p>\n<p><span style=\"color: #000000; font-family: 'Helvetica Neue', Helvetica, Roboto, Arial, sans-serif; font-size: medium;\">O aeroporto fica a menos de 10 minutos de carro.<\/span><\/p>\n<p><span style=\"color: #000000; font-family: 'Helvetica Neue', Helvetica, Roboto, Arial, sans-serif; font-size: medium;\">O apartamento \u00e9 um T3 com uma suite com casa de banho privativa, um quarto de casal com varanda, um quarto individual, 2 casas de banho, uma sala de estar espa\u00e7osa (tv e acesso \u00e0 varanda atrav\u00e9s de vidros de correr), uma cozinha totalmente equipada para as tuas necessidades e ar condicionado em todas as divis\u00f5es exceto nas casas de banho.  <\/span><\/p>\n<p><span style=\"color: #000000; font-family: 'Helvetica Neue', Helvetica, Roboto, Arial, sans-serif; font-size: medium;\">Assim, duas a seis pessoas podem ficar confortavelmente acomodadas neste apartamento. No exterior, podes desfrutar de um jardim com m\u00e1quinas para fazer exerc\u00edcio ao ar livre e de estacionamento coberto. Os quartos est\u00e3o equipados com WiFi, ar condicionado e roupeiros com len\u00e7\u00f3is e toalhas extra.<\/span><\/p>\n<p><span style=\"color: #000000; font-family: 'Helvetica Neue', Helvetica, Roboto, Arial, sans-serif; font-size: medium;\">O condom\u00ednio \u00e9 muito tranquilo e adequado para fam\u00edlias ou grupos de amigos.<\/span><\/p>\n","protected":false},"excerpt":{"rendered":"<p><span style=\"color: #000000; font-family: 'Helvetica Neue', Helvetica, Roboto, Arial, sans-serif; font-size: medium;\">Apartamento de luxo em condom\u00ednio fechado, totalmente equipado para desfrutar das tuas excelentes f\u00e9rias nos A\u00e7ores. O espa\u00e7o tem uma \u00e1rea de 145m2 e cont\u00e9m decora\u00e7\u00f5es originais e modernas. O apartamento &#8220;Coliseum Residence&#8221; est\u00e1 localizado no centro da cidade de Ponta Delgada, a 10 minutos a p\u00e9 das piscinas naturais, com uma farm\u00e1cia a 50m e muito perto de v\u00e1rios restaurantes, do Coliseu Micaelense, da Avenida das Portas da Cidade e do Porto de Ponta Delgada.<\/span><\/p>\n<p><span style=\"color: #000000; font-family: 'Helvetica Neue', Helvetica, Roboto, Arial, sans-serif; font-size: medium;\">O apartamento \u00e9 um T3 com uma suite com casa de banho privativa, um quarto de casal com varanda, um quarto individual, 2 casas de banho, uma sala de estar espa\u00e7osa (tv e acesso \u00e0 varanda atrav\u00e9s de vidros de correr), uma cozinha totalmente equipada para as tuas necessidades e ar condicionado em todas as divis\u00f5es exceto nas casas de banho.<\/span><\/p>\n","protected":false},"featured_media":15811,"comment_status":"open","ping_status":"closed","template":"","meta":{"_acf_changed":false},"product_brand":[],"product_cat":[536],"product_tag":[],"class_list":{"0":"post-15816","1":"product","2":"type-product","3":"status-publish","4":"has-post-thumbnail","6":"product_cat-alojamento","8":"first","9":"instock","10":"virtual","11":"sold-individually","12":"taxable","13":"purchasable","14":"product-type-phive_booking"},"acf":[],"_links":{"self":[{"href":"https:\/\/guidetotheazores.pt\/pt-pt\/wp-json\/wp\/v2\/product\/15816","targetHints":{"allow":["GET"]}}],"collection":[{"href":"https:\/\/guidetotheazores.pt\/pt-pt\/wp-json\/wp\/v2\/product"}],"about":[{"href":"https:\/\/guidetotheazores.pt\/pt-pt\/wp-json\/wp\/v2\/types\/product"}],"replies":[{"embeddable":true,"href":"https:\/\/guidetotheazores.pt\/pt-pt\/wp-json\/wp\/v2\/comments?post=15816"}],"wp:featuredmedia":[{"embeddable":true,"href":"https:\/\/guidetotheazores.pt\/pt-pt\/wp-json\/wp\/v2\/media\/15811"}],"wp:attachment":[{"href":"https:\/\/guidetotheazores.pt\/pt-pt\/wp-json\/wp\/v2\/media?parent=15816"}],"wp:term":[{"taxonomy":"product_brand","embeddable":true,"href":"https:\/\/guidetotheazores.pt\/pt-pt\/wp-json\/wp\/v2\/product_brand?post=15816"},{"taxonomy":"product_cat","embeddable":true,"href":"https:\/\/guidetotheazores.pt\/pt-pt\/wp-json\/wp\/v2\/product_cat?post=15816"},{"taxonomy":"product_tag","embeddable":true,"href":"https:\/\/guidetotheazores.pt\/pt-pt\/wp-json\/wp\/v2\/product_tag?post=15816"}],"curies":[{"name":"wp","href":"https:\/\/api.w.org\/{rel}","templated":true}]}}