{"id":15841,"date":"2024-03-02T14:55:33","date_gmt":"2024-03-02T15:55:33","guid":{"rendered":"https:\/\/guidetotheazores.pt\/product\/excursao-de-dia-inteiro-a-ilha-do-pico\/"},"modified":"2026-01-04T13:29:29","modified_gmt":"2026-01-04T14:29:29","slug":"excursao-de-dia-inteiro-a-ilha-do-pico","status":"publish","type":"product","link":"https:\/\/guidetotheazores.pt\/pt-pt\/produto\/excursao-de-dia-inteiro-a-ilha-do-pico\/","title":{"rendered":"Excurs\u00e3o de dia inteiro \u00e0 Ilha do Pico"},"content":{"rendered":"<p style=\"color: #000000;font-family: 'Helvetica Neue', Helvetica, Roboto, Arial, sans-serif;margin: 0px 0px 20px\">Este passeio \u00e9 uma combina\u00e7\u00e3o de lugares imperd\u00edveis e j\u00f3ias escondidas da ilha do Pico. \u00c9 perfeito para aqueles que querem ter uma ideia geral da ilha, temperada com algumas experi\u00eancias extraordin\u00e1rias. A manh\u00e3 \u00e9 dominada pela beleza natural da ilha mais jovem dos A\u00e7ores. Depois de um piquenique com produtos locais, explora um pouco da cultura picarota.<span class=\"Apple-converted-space\"> <\/span><\/p>\n<p style=\"color: #000000;font-family: 'Helvetica Neue', Helvetica, Roboto, Arial, sans-serif;margin: 0px 0px 20px\">Destaques<br \/>\n&#8211; Lagoa do Capit\u00e3o<br \/>\n&#8211; Miradouro Pico da Urze<br \/>\n&#8211; T\u00fanel de lava<br \/>\n&#8211; Vinhas da Cria\u00e7\u00e3o Velha<br \/>\n&#8211; Cachorro<br \/>\n&#8211; Lajido<br \/>\n&#8211; Visita a Vigia<br \/>\n&#8211; Lajes do Pico<br \/>\n&#8211; Piquenique com produtos locais<\/p>\n<p style=\"color: #000000;font-family: 'Helvetica Neue', Helvetica, Roboto, Arial, sans-serif;margin: 0px 0px 20px\">Ponto de encontro<br \/>\n&#8211; O passeio come\u00e7a \u00e0s 9:00 horas no nosso escrit\u00f3rio no porto das Lajes.<span class=\"Apple-converted-space\"> <\/span><\/p>\n<p style=\"color: #000000;font-family: 'Helvetica Neue', Helvetica, Roboto, Arial, sans-serif;margin: 0px 0px 20px\">Inclu\u00eddo no passeio<br \/>\n&#8211; Piquenique com produtos locais<br \/>\n&#8211; Transporte<br \/>\n&#8211; Guia do parque natural do Pico<br \/>\n&#8211; Seguro de acidentes pessoais<\/p>\n","protected":false},"excerpt":{"rendered":"<p style=\"color: #000000;font-family: 'Helvetica Neue', Helvetica, Roboto, Arial, sans-serif;margin: 0px 0px 20px\"><span style=\"color: #000000;font-family: 'Helvetica Neue', Helvetica, Roboto, Arial, sans-serif\">Este passeio \u00e9 uma combina\u00e7\u00e3o de lugares imperd\u00edveis e j\u00f3ias escondidas da ilha do Pico. \u00c9 perfeito para aqueles que querem ter uma ideia geral da ilha, temperada com algumas experi\u00eancias extraordin\u00e1rias. A manh\u00e3 \u00e9 dominada pela beleza natural da ilha mais jovem dos A\u00e7ores. Depois de um piquenique com produtos locais, explora um pouco da cultura picarota.<\/span><span class=\"Apple-converted-space\" style=\"color: #000000;font-family: 'Helvetica Neue', Helvetica, Roboto, Arial, sans-serif\"> <\/span><\/p>\n<p><span style=\"color: #000000;font-family: 'Helvetica Neue', Helvetica, Roboto, Arial, sans-serif\">Ponto de encontro<\/span><br style=\"color: #000000;font-family: 'Helvetica Neue', Helvetica, Roboto, Arial, sans-serif\"><span style=\"color: #000000;font-family: 'Helvetica Neue', Helvetica, Roboto, Arial, sans-serif\">&#8211; A visita come\u00e7a \u00e0s 9:00 no nosso escrit\u00f3rio no porto das Lajes<\/span><\/p>\n","protected":false},"featured_media":15721,"comment_status":"open","ping_status":"closed","template":"","meta":{"_acf_changed":false},"product_brand":[],"product_cat":[539],"product_tag":[],"class_list":{"0":"post-15841","1":"product","2":"type-product","3":"status-publish","4":"has-post-thumbnail","6":"product_cat-atividades-pt-pt","8":"first","9":"instock","10":"virtual","11":"sold-individually","12":"taxable","13":"purchasable","14":"product-type-phive_booking"},"acf":[],"_links":{"self":[{"href":"https:\/\/guidetotheazores.pt\/pt-pt\/wp-json\/wp\/v2\/product\/15841","targetHints":{"allow":["GET"]}}],"collection":[{"href":"https:\/\/guidetotheazores.pt\/pt-pt\/wp-json\/wp\/v2\/product"}],"about":[{"href":"https:\/\/guidetotheazores.pt\/pt-pt\/wp-json\/wp\/v2\/types\/product"}],"replies":[{"embeddable":true,"href":"https:\/\/guidetotheazores.pt\/pt-pt\/wp-json\/wp\/v2\/comments?post=15841"}],"wp:featuredmedia":[{"embeddable":true,"href":"https:\/\/guidetotheazores.pt\/pt-pt\/wp-json\/wp\/v2\/media\/15721"}],"wp:attachment":[{"href":"https:\/\/guidetotheazores.pt\/pt-pt\/wp-json\/wp\/v2\/media?parent=15841"}],"wp:term":[{"taxonomy":"product_brand","embeddable":true,"href":"https:\/\/guidetotheazores.pt\/pt-pt\/wp-json\/wp\/v2\/product_brand?post=15841"},{"taxonomy":"product_cat","embeddable":true,"href":"https:\/\/guidetotheazores.pt\/pt-pt\/wp-json\/wp\/v2\/product_cat?post=15841"},{"taxonomy":"product_tag","embeddable":true,"href":"https:\/\/guidetotheazores.pt\/pt-pt\/wp-json\/wp\/v2\/product_tag?post=15841"}],"curies":[{"name":"wp","href":"https:\/\/api.w.org\/{rel}","templated":true}]}}