{"id":15843,"date":"2024-03-02T15:22:30","date_gmt":"2024-03-02T16:22:30","guid":{"rendered":"https:\/\/guidetotheazores.pt\/product\/excursao-vulcanica-de-meio-dia\/"},"modified":"2026-01-04T13:29:02","modified_gmt":"2026-01-04T14:29:02","slug":"excursao-vulcanica-de-meio-dia","status":"publish","type":"product","link":"https:\/\/guidetotheazores.pt\/pt-pt\/produto\/excursao-vulcanica-de-meio-dia\/","title":{"rendered":"Excurs\u00e3o vulc\u00e2nica de meio dia"},"content":{"rendered":"<p style=\"color: #000000;font-family: 'Helvetica Neue', Helvetica, Roboto, Arial, sans-serif;margin: 0px 0px 20px\">Esta \u00e9 uma atividade que tem tudo a ver com a bela natureza da ilha do Pico. A ilha \u00e9 composta por mais de 200 vulc\u00f5es e este \u00e9 o palco para esta excurs\u00e3o.<span class=\"Apple-converted-space\"> <\/span><\/p>\n<p style=\"color: #000000;font-family: 'Helvetica Neue', Helvetica, Roboto, Arial, sans-serif;margin: 0px 0px 20px\">A excurs\u00e3o leva-te pelos belos lagos e miradouros deslumbrantes do planalto central. Tamb\u00e9m te aventurar\u00e1s no subsolo e explorar\u00e1s os fascinantes t\u00faneis de lava.<span class=\"Apple-converted-space\"> <\/span><\/p>\n<p style=\"color: #000000;font-family: 'Helvetica Neue', Helvetica, Roboto, Arial, sans-serif;margin: 0px 0px 20px\">Destaques<br \/>\n&#8211; Lagoa do Capit\u00e3o<br \/>\n&#8211; Lagoa Seca<br \/>\n&#8211; Lagoa do Paul<br \/>\n&#8211; Miradouro Pico da Urze<br \/>\n&#8211; T\u00faneis de lava com v\u00e1rias centenas de metros<\/p>\n<p style=\"color: #000000;font-family: 'Helvetica Neue', Helvetica, Roboto, Arial, sans-serif;margin: 0px 0px 20px\">Ponto de encontro<br \/>\n&#8211; O passeio come\u00e7a \u00e0s 9:00 no nosso escrit\u00f3rio no porto das Lajes do Pico<\/p>\n<p style=\"color: #000000;font-family: 'Helvetica Neue', Helvetica, Roboto, Arial, sans-serif;margin: 0px 0px 20px\">Inclui<br \/>\n&#8211; Transporte<br \/>\n&#8211; Guia do Parque Natural do Pico<br \/>\n&#8211; Seguro<br \/>\n&#8211; Capacete, farol e luvas<\/p>\n","protected":false},"excerpt":{"rendered":"<p style=\"color: #000000;font-family: 'Helvetica Neue', Helvetica, Roboto, Arial, sans-serif;margin: 0px 0px 20px\">Esta \u00e9 uma atividade que tem tudo a ver com a bela natureza da ilha do Pico. A ilha \u00e9 composta por mais de 200 vulc\u00f5es e este \u00e9 o palco para esta excurs\u00e3o.<span class=\"Apple-converted-space\"> <\/span><\/p>\n<p style=\"color: #000000;font-family: 'Helvetica Neue', Helvetica, Roboto, Arial, sans-serif;margin: 0px 0px 20px\">A excurs\u00e3o leva-te pelos belos lagos e miradouros deslumbrantes do planalto central. Tamb\u00e9m te aventurar\u00e1s no subsolo e explorar\u00e1s os fascinantes t\u00faneis de lava.<span class=\"Apple-converted-space\"> <\/span><\/p>\n<p style=\"color: #000000;font-family: 'Helvetica Neue', Helvetica, Roboto, Arial, sans-serif;margin: 0px 0px 20px\">Ponto de encontro<br \/>\n&#8211; O passeio come\u00e7a \u00e0s 9:00 no nosso escrit\u00f3rio no porto das Lajes do Pico<\/p>\n<p>&nbsp;<\/p>\n","protected":false},"featured_media":15753,"comment_status":"open","ping_status":"closed","template":"","meta":{"_acf_changed":false},"product_brand":[],"product_cat":[19262,539,545,556,547],"product_tag":[19327],"class_list":{"0":"post-15843","1":"product","2":"type-product","3":"status-publish","4":"has-post-thumbnail","6":"product_cat-pico-pt-pt","7":"product_cat-atividades-pt-pt","8":"product_cat-geotourism-pt-pt","9":"product_cat-todas-as-ilhas","10":"product_cat-visitas-guiadas","11":"product_tag-ilhadopico","13":"first","14":"instock","15":"virtual","16":"sold-individually","17":"taxable","18":"purchasable","19":"product-type-phive_booking"},"acf":[],"_links":{"self":[{"href":"https:\/\/guidetotheazores.pt\/pt-pt\/wp-json\/wp\/v2\/product\/15843","targetHints":{"allow":["GET"]}}],"collection":[{"href":"https:\/\/guidetotheazores.pt\/pt-pt\/wp-json\/wp\/v2\/product"}],"about":[{"href":"https:\/\/guidetotheazores.pt\/pt-pt\/wp-json\/wp\/v2\/types\/product"}],"replies":[{"embeddable":true,"href":"https:\/\/guidetotheazores.pt\/pt-pt\/wp-json\/wp\/v2\/comments?post=15843"}],"wp:featuredmedia":[{"embeddable":true,"href":"https:\/\/guidetotheazores.pt\/pt-pt\/wp-json\/wp\/v2\/media\/15753"}],"wp:attachment":[{"href":"https:\/\/guidetotheazores.pt\/pt-pt\/wp-json\/wp\/v2\/media?parent=15843"}],"wp:term":[{"taxonomy":"product_brand","embeddable":true,"href":"https:\/\/guidetotheazores.pt\/pt-pt\/wp-json\/wp\/v2\/product_brand?post=15843"},{"taxonomy":"product_cat","embeddable":true,"href":"https:\/\/guidetotheazores.pt\/pt-pt\/wp-json\/wp\/v2\/product_cat?post=15843"},{"taxonomy":"product_tag","embeddable":true,"href":"https:\/\/guidetotheazores.pt\/pt-pt\/wp-json\/wp\/v2\/product_tag?post=15843"}],"curies":[{"name":"wp","href":"https:\/\/api.w.org\/{rel}","templated":true}]}}