{"id":15844,"date":"2024-03-02T15:12:12","date_gmt":"2024-03-02T16:12:12","guid":{"rendered":"https:\/\/guidetotheazores.pt\/product\/excursao-de-dia-inteiro-ao-pico-com-prova-de-vinhos\/"},"modified":"2026-01-04T13:29:19","modified_gmt":"2026-01-04T14:29:19","slug":"excursao-de-dia-inteiro-ao-pico-com-prova-de-vinhos","status":"publish","type":"product","link":"https:\/\/guidetotheazores.pt\/pt-pt\/produto\/excursao-de-dia-inteiro-ao-pico-com-prova-de-vinhos\/","title":{"rendered":"Excurs\u00e3o de dia inteiro ao Pico com prova de vinhos"},"content":{"rendered":"<p style=\"color: #000000;font-family: 'Helvetica Neue', Helvetica, Roboto, Arial, sans-serif;margin: 0px 0px 20px\">Este passeio \u00e9 uma combina\u00e7\u00e3o de lugares imperd\u00edveis e j\u00f3ias escondidas da ilha do Pico. \u00c9 perfeito para aqueles que querem ter uma ideia geral da ilha, temperada com algumas experi\u00eancias extraordin\u00e1rias. A manh\u00e3 \u00e9 dominada pela beleza natural da ilha mais jovem dos A\u00e7ores. Depois de um piquenique com produtos locais, explora um pouco da cultura picarota. Termina o dia com uma prova dos famosos vinhos do Pico!<\/p>\n<p style=\"color: #000000;font-family: 'Helvetica Neue', Helvetica, Roboto, Arial, sans-serif;margin: 0px 0px 20px\">Destaques<br \/>\n&#8211; Lagoa do Capit\u00e3o<br \/>\n&#8211; Miradouro Pico da Urze<br \/>\n&#8211; T\u00fanel de lava<br \/>\n&#8211; Vinhas da Cria\u00e7\u00e3o Velha<br \/>\n&#8211; Cachorro<br \/>\n&#8211; Lajido<br \/>\n&#8211; Lajes do Pico<br \/>\n&#8211; Prova de vinhos<br \/>\n&#8211; Piquenique com produtos locais<\/p>\n<p style=\"color: #000000;font-family: 'Helvetica Neue', Helvetica, Roboto, Arial, sans-serif;margin: 0px 0px 20px\">Ponto de encontro<br \/>\n&#8211; O passeio come\u00e7a \u00e0s 9:00 horas no nosso escrit\u00f3rio no porto das Lajes.<span class=\"Apple-converted-space\"> <\/span><\/p>\n<p style=\"color: #000000;font-family: 'Helvetica Neue', Helvetica, Roboto, Arial, sans-serif;margin: 0px 0px 20px\">Inclu\u00eddo no passeio<br \/>\n&#8211; Piquenique com produtos locais<br \/>\n&#8211; Prova de vinhos (3 vinhos)<br \/>\n&#8211; Transporte<br \/>\n&#8211; Guia do parque natural do Pico<br \/>\n&#8211; Seguro de acidentes pessoais<\/p>\n","protected":false},"excerpt":{"rendered":"<p style=\"color: #000000;font-family: 'Helvetica Neue', Helvetica, Roboto, Arial, sans-serif;margin: 0px 0px 20px\">Este passeio \u00e9 uma combina\u00e7\u00e3o de lugares imperd\u00edveis e j\u00f3ias escondidas da ilha do Pico. \u00c9 perfeito para aqueles que querem ter uma ideia geral da ilha, temperada com algumas experi\u00eancias extraordin\u00e1rias. A manh\u00e3 \u00e9 dominada pela beleza natural da ilha mais jovem dos A\u00e7ores. Depois de um piquenique com produtos locais, explora um pouco da cultura picarota. Termina o dia com uma prova dos famosos vinhos do Pico!<\/p>\n<p><span style=\"color: #000000;font-family: 'Helvetica Neue', Helvetica, Roboto, Arial, sans-serif\">Ponto de encontro<\/span><br style=\"color: #000000;font-family: 'Helvetica Neue', Helvetica, Roboto, Arial, sans-serif\"><span style=\"color: #000000;font-family: 'Helvetica Neue', Helvetica, Roboto, Arial, sans-serif\">&#8211; A excurs\u00e3o come\u00e7a \u00e0s 9:00 horas no nosso escrit\u00f3rio no porto das Lajes.<\/span><span class=\"Apple-converted-space\" style=\"color: #000000;font-family: 'Helvetica Neue', Helvetica, Roboto, Arial, sans-serif\"> <\/span><\/p>\n","protected":false},"featured_media":15731,"comment_status":"open","ping_status":"closed","template":"","meta":{"_acf_changed":false},"product_brand":[],"product_cat":[19262,539,556,547],"product_tag":[19327],"class_list":{"0":"post-15844","1":"product","2":"type-product","3":"status-publish","4":"has-post-thumbnail","6":"product_cat-pico-pt-pt","7":"product_cat-atividades-pt-pt","8":"product_cat-todas-as-ilhas","9":"product_cat-visitas-guiadas","10":"product_tag-ilhadopico","12":"first","13":"instock","14":"virtual","15":"sold-individually","16":"taxable","17":"purchasable","18":"product-type-phive_booking"},"acf":[],"_links":{"self":[{"href":"https:\/\/guidetotheazores.pt\/pt-pt\/wp-json\/wp\/v2\/product\/15844","targetHints":{"allow":["GET"]}}],"collection":[{"href":"https:\/\/guidetotheazores.pt\/pt-pt\/wp-json\/wp\/v2\/product"}],"about":[{"href":"https:\/\/guidetotheazores.pt\/pt-pt\/wp-json\/wp\/v2\/types\/product"}],"replies":[{"embeddable":true,"href":"https:\/\/guidetotheazores.pt\/pt-pt\/wp-json\/wp\/v2\/comments?post=15844"}],"wp:featuredmedia":[{"embeddable":true,"href":"https:\/\/guidetotheazores.pt\/pt-pt\/wp-json\/wp\/v2\/media\/15731"}],"wp:attachment":[{"href":"https:\/\/guidetotheazores.pt\/pt-pt\/wp-json\/wp\/v2\/media?parent=15844"}],"wp:term":[{"taxonomy":"product_brand","embeddable":true,"href":"https:\/\/guidetotheazores.pt\/pt-pt\/wp-json\/wp\/v2\/product_brand?post=15844"},{"taxonomy":"product_cat","embeddable":true,"href":"https:\/\/guidetotheazores.pt\/pt-pt\/wp-json\/wp\/v2\/product_cat?post=15844"},{"taxonomy":"product_tag","embeddable":true,"href":"https:\/\/guidetotheazores.pt\/pt-pt\/wp-json\/wp\/v2\/product_tag?post=15844"}],"curies":[{"name":"wp","href":"https:\/\/api.w.org\/{rel}","templated":true}]}}