{"id":15851,"date":"2024-02-28T17:48:29","date_gmt":"2024-02-28T18:48:29","guid":{"rendered":"https:\/\/guidetotheazores.pt\/product\/escalada-da-montanha-do-pico\/"},"modified":"2026-01-04T13:29:57","modified_gmt":"2026-01-04T14:29:57","slug":"escalada-da-montanha-do-pico","status":"publish","type":"product","link":"https:\/\/guidetotheazores.pt\/pt-pt\/produto\/escalada-da-montanha-do-pico\/","title":{"rendered":"Escalada da Montanha do Pico"},"content":{"rendered":"<p style=\"color: #000000;font-family: 'Helvetica Neue', Helvetica, Roboto, Arial, sans-serif;margin: 0px 0px 20px\"><strong>A subida ao Monte Pico<\/strong> ser\u00e1, sem d\u00favida, um dos pontos altos das tuas f\u00e9rias!<\/p>\n<p style=\"color: #000000;font-family: 'Helvetica Neue', Helvetica, Roboto, Arial, sans-serif;margin: 0px 0px 20px\">\u00c9 uma verdadeira aventura que requer um bom n\u00edvel b\u00e1sico de aptid\u00e3o f\u00edsica.<span class=\"Apple-converted-space\"> <\/span><\/p>\n<p style=\"color: #000000;font-family: 'Helvetica Neue', Helvetica, Roboto, Arial, sans-serif;margin: 0px 0px 20px\">Come\u00e7a a subida na Casa da Montanha. A partir da\u00ed, s\u00e3o cerca de tr\u00eas horas at\u00e9 ao cume. Uma vez no cimo, a vista \u00e9 de cortar a respira\u00e7\u00e3o. A descida \u00e9 a parte mais dif\u00edcil da subida, mas n\u00f3s estamos ao teu lado com dicas e truques para a tornar o mais suave poss\u00edvel.<span class=\"Apple-converted-space\"> <\/span><\/p>\n<p style=\"color: #000000;font-family: 'Helvetica Neue', Helvetica, Roboto, Arial, sans-serif;margin: 0px 0px 20px\">\u00c9 uma atividade a n\u00e3o perder e que te acompanhar\u00e1 para o resto da tua vida. Uma paisagem natural como nunca viste antes!<\/p>\n<p style=\"color: #000000;font-family: 'Helvetica Neue', Helvetica, Roboto, Arial, sans-serif;margin: 0px 0px 20px\"><strong>Especifica\u00e7\u00e3o do percurso<\/strong><br \/>\nDist\u00e2ncia: 8km<br \/>\n\u2191 1100m de subida \u2193 1100m de descida<br \/>\nAltura m\u00e1xima: 2351m<br \/>\nAltura m\u00ednima: 1250m<br \/>\nTempo: 7-8 horas<\/p>\n<p style=\"color: #000000;font-family: 'Helvetica Neue', Helvetica, Roboto, Arial, sans-serif;margin: 0px 0px 20px\"><strong>N\u00edvel de dificuldade<\/strong><br \/>\nEsfor\u00e7o f\u00edsico: <strong>3<\/strong><br \/>\nDificuldade t\u00e9cnica: <strong>2,5<\/strong><\/p>\n<p style=\"color: #000000;font-family: 'Helvetica Neue', Helvetica, Roboto, Arial, sans-serif;margin: 0px 0px 20px\">N\u00edveis de dificuldade:<br \/>\n1 &#8211; f\u00e1cil<br \/>\n1,5 &#8211; f\u00e1cil \/ m\u00e9dio<br \/>\n2 &#8211; m\u00e9dio<br \/>\n2,5 &#8211; m\u00e9dio \/ dif\u00edcil<br \/>\n3 &#8211; dif\u00edcil<\/p>\n","protected":false},"excerpt":{"rendered":"<p style=\"color: #000000;font-family: 'Helvetica Neue', Helvetica, Roboto, Arial, sans-serif;margin: 0px 0px 20px\"><strong>A subida ao Monte Pico<\/strong> ser\u00e1, sem d\u00favida, um dos pontos altos das tuas f\u00e9rias!<\/p>\n<p style=\"color: #000000;font-family: 'Helvetica Neue', Helvetica, Roboto, Arial, sans-serif;margin: 0px 0px 20px\">\u00c9 uma verdadeira aventura que requer um bom n\u00edvel b\u00e1sico de aptid\u00e3o f\u00edsica.<span class=\"Apple-converted-space\"> <\/span><\/p>\n<p style=\"color: #000000;font-family: 'Helvetica Neue', Helvetica, Roboto, Arial, sans-serif;margin: 0px 0px 20px\">Come\u00e7a a subida na Casa da Montanha. A partir da\u00ed, s\u00e3o cerca de tr\u00eas horas at\u00e9 ao cume. Uma vez no cimo, a vista \u00e9 de cortar a respira\u00e7\u00e3o. A descida \u00e9 a parte mais dif\u00edcil da subida, mas n\u00f3s estamos ao teu lado com dicas e truques para a tornar o mais suave poss\u00edvel.<span class=\"Apple-converted-space\"> <\/span><\/p>\n<p style=\"color: #000000;font-family: 'Helvetica Neue', Helvetica, Roboto, Arial, sans-serif;margin: 0px 0px 20px\">\u00c9 uma atividade a n\u00e3o perder e que te acompanhar\u00e1 para o resto da tua vida. Uma paisagem natural como nunca viste antes!<\/p>\n","protected":false},"featured_media":15598,"comment_status":"open","ping_status":"closed","template":"","meta":{"_acf_changed":false},"product_brand":[],"product_cat":[19262,539,548,556],"product_tag":[19327],"class_list":{"0":"post-15851","1":"product","2":"type-product","3":"status-publish","4":"has-post-thumbnail","6":"product_cat-pico-pt-pt","7":"product_cat-atividades-pt-pt","8":"product_cat-caminhadas","9":"product_cat-todas-as-ilhas","10":"product_tag-ilhadopico","12":"first","13":"instock","14":"virtual","15":"sold-individually","16":"taxable","17":"purchasable","18":"product-type-phive_booking"},"acf":[],"_links":{"self":[{"href":"https:\/\/guidetotheazores.pt\/pt-pt\/wp-json\/wp\/v2\/product\/15851","targetHints":{"allow":["GET"]}}],"collection":[{"href":"https:\/\/guidetotheazores.pt\/pt-pt\/wp-json\/wp\/v2\/product"}],"about":[{"href":"https:\/\/guidetotheazores.pt\/pt-pt\/wp-json\/wp\/v2\/types\/product"}],"replies":[{"embeddable":true,"href":"https:\/\/guidetotheazores.pt\/pt-pt\/wp-json\/wp\/v2\/comments?post=15851"}],"wp:featuredmedia":[{"embeddable":true,"href":"https:\/\/guidetotheazores.pt\/pt-pt\/wp-json\/wp\/v2\/media\/15598"}],"wp:attachment":[{"href":"https:\/\/guidetotheazores.pt\/pt-pt\/wp-json\/wp\/v2\/media?parent=15851"}],"wp:term":[{"taxonomy":"product_brand","embeddable":true,"href":"https:\/\/guidetotheazores.pt\/pt-pt\/wp-json\/wp\/v2\/product_brand?post=15851"},{"taxonomy":"product_cat","embeddable":true,"href":"https:\/\/guidetotheazores.pt\/pt-pt\/wp-json\/wp\/v2\/product_cat?post=15851"},{"taxonomy":"product_tag","embeddable":true,"href":"https:\/\/guidetotheazores.pt\/pt-pt\/wp-json\/wp\/v2\/product_tag?post=15851"}],"curies":[{"name":"wp","href":"https:\/\/api.w.org\/{rel}","templated":true}]}}