{"id":15852,"date":"2024-02-26T11:59:50","date_gmt":"2024-02-26T12:59:50","guid":{"rendered":"https:\/\/guidetotheazores.pt\/product\/casa-bali-furnas\/"},"modified":"2026-01-04T13:30:20","modified_gmt":"2026-01-04T14:30:20","slug":"casa-bali-furnas","status":"publish","type":"product","link":"https:\/\/guidetotheazores.pt\/pt-pt\/produto\/casa-bali-furnas\/","title":{"rendered":"Casa Bali Furnas"},"content":{"rendered":"<p style=\"color: #000000;font-family: 'Helvetica Neue', Helvetica, Roboto, Arial, sans-serif;margin: 0px 0px 20px\">Localizada a 2,3 km da Lagoa das Furnas, a 6,3 km do Pico do Ferro e a 15 km da Lagoa do Congro, a House Bali Furnas disponibiliza acomoda\u00e7\u00f5es nas Furnas. Este apartamento fica a 27 km da Lagoa do Fogo e a 90 metros do Parque Terra Nostra. O acesso Wi-Fi gratuito est\u00e1 dispon\u00edvel em toda a propriedade e Fumarolas fica a 1 km.<\/p>\n<p style=\"color: #000000;font-family: 'Helvetica Neue', Helvetica, Roboto, Arial, sans-serif;margin: 0px 0px 20px\">O apartamento com uma varanda e vistas para a montanha possui 1 quarto, uma sala de estar, uma televis\u00e3o de ecr\u00e3 plano, uma cozinha equipada com um forno e um micro-ondas, e 1 casa de banho com um bid\u00e9. O apartamento inclui toalhas e roupa de cama. O alojamento \u00e9 para n\u00e3o fumadores.<\/p>\n<p style=\"color: #000000;font-family: 'Helvetica Neue', Helvetica, Roboto, Arial, sans-serif;margin: 0px 0px 20px\">O aeroporto mais pr\u00f3ximo \u00e9 o Aeroporto Jo\u00e3o Paulo II, a 46 km do apartamento.<\/p>\n","protected":false},"excerpt":{"rendered":"<p><span style=\"color: #000000;font-family: 'Helvetica Neue', Helvetica, Roboto, Arial, sans-serif\">Localizada a 2,3 km da Lagoa das Furnas, a 6,3 km do Pico do Ferro e a 15 km da Lagoa do Congro, a House Bali Furnas disponibiliza acomoda\u00e7\u00f5es nas Furnas. Este apartamento fica a 27 km da Lagoa do Fogo e a 90 metros do Parque Terra Nostra.  <\/span><\/p>\n<p><span style=\"color: #000000;font-family: 'Helvetica Neue', Helvetica, Roboto, Arial, sans-serif\">O acesso Wi-Fi gratuito est\u00e1 dispon\u00edvel em toda a propriedade e Fumarolas fica a 1 km.<\/span><\/p>\n<p><em>Acomoda at\u00e9 2 pessoas<\/em><\/p>\n","protected":false},"featured_media":15435,"comment_status":"open","ping_status":"closed","template":"","meta":{"_acf_changed":false},"product_brand":[],"product_cat":[536,533,19306,556],"product_tag":[19324],"class_list":{"0":"post-15852","1":"product","2":"type-product","3":"status-publish","4":"has-post-thumbnail","6":"product_cat-alojamento","7":"product_cat-alojamento-local-pt-pt","8":"product_cat-sao-miguel-pt-pt","9":"product_cat-todas-as-ilhas","10":"product_tag-ilhasaomiguel","12":"first","13":"instock","14":"virtual","15":"sold-individually","16":"taxable","17":"purchasable","18":"product-type-phive_booking"},"acf":[],"_links":{"self":[{"href":"https:\/\/guidetotheazores.pt\/pt-pt\/wp-json\/wp\/v2\/product\/15852","targetHints":{"allow":["GET"]}}],"collection":[{"href":"https:\/\/guidetotheazores.pt\/pt-pt\/wp-json\/wp\/v2\/product"}],"about":[{"href":"https:\/\/guidetotheazores.pt\/pt-pt\/wp-json\/wp\/v2\/types\/product"}],"replies":[{"embeddable":true,"href":"https:\/\/guidetotheazores.pt\/pt-pt\/wp-json\/wp\/v2\/comments?post=15852"}],"wp:featuredmedia":[{"embeddable":true,"href":"https:\/\/guidetotheazores.pt\/pt-pt\/wp-json\/wp\/v2\/media\/15435"}],"wp:attachment":[{"href":"https:\/\/guidetotheazores.pt\/pt-pt\/wp-json\/wp\/v2\/media?parent=15852"}],"wp:term":[{"taxonomy":"product_brand","embeddable":true,"href":"https:\/\/guidetotheazores.pt\/pt-pt\/wp-json\/wp\/v2\/product_brand?post=15852"},{"taxonomy":"product_cat","embeddable":true,"href":"https:\/\/guidetotheazores.pt\/pt-pt\/wp-json\/wp\/v2\/product_cat?post=15852"},{"taxonomy":"product_tag","embeddable":true,"href":"https:\/\/guidetotheazores.pt\/pt-pt\/wp-json\/wp\/v2\/product_tag?post=15852"}],"curies":[{"name":"wp","href":"https:\/\/api.w.org\/{rel}","templated":true}]}}