{"id":15856,"date":"2024-02-23T14:11:08","date_gmt":"2024-02-23T15:11:08","guid":{"rendered":"https:\/\/guidetotheazores.pt\/product\/observacao-de-baleias-aluguer-de-barco-privado\/"},"modified":"2026-03-11T07:46:25","modified_gmt":"2026-03-11T08:46:25","slug":"observacao-de-baleias-aluguer-de-barco-privado","status":"publish","type":"product","link":"https:\/\/guidetotheazores.pt\/pt-pt\/produto\/observacao-de-baleias-aluguer-de-barco-privado\/","title":{"rendered":"Observa\u00e7\u00e3o de baleias &#8211; Aluguer de barco privado"},"content":{"rendered":"<p>A observa\u00e7\u00e3o de baleias \u00e9 uma das nossas maiores paix\u00f5es!<\/p>\n<p>Somos verdadeiramente apaixonados e fascinados por estes animais, e todos os dias tentamos passar um pouco desta paix\u00e3o, e do nosso conhecimento, a todos aqueles que nos escolhem para viver esta experi\u00eancia.<\/p>\n<p>Organizamos viagens de manh\u00e3 e \u00e0 tarde, com uma dura\u00e7\u00e3o de 3 a 4 horas. As esp\u00e9cies avistadas podem variar consoante a \u00e9poca do ano, mas temos algumas esp\u00e9cies que s\u00e3o &#8220;residentes&#8221; durante todo o ano, como \u00e9 o caso do Cachalote.<\/p>\n<p><strong>ESTA \u00c9 UMA VISITA PRIVADA!<\/strong><\/p>\n<p>Esta op\u00e7\u00e3o permite-te personalizar a tua experi\u00eancia alugando o nosso barco.<\/p>\n<p>\u00c9 ideal para fam\u00edlias ou grupos de 6 ou mais pessoas, onde podes decidir a dire\u00e7\u00e3o da viagem e, dentro do tempo dispon\u00edvel, realizar as actividades que desejas.<\/p>\n<p>Inclui: Passeio de barco (aprox. 4 horas) &#8211; Skipper e tripula\u00e7\u00e3o &#8211; Casaco e cal\u00e7as imperme\u00e1veis &#8211; Colete salva-vidas &#8211; Seguro de acidentes pessoais e responsabilidade civil<\/p>\n<p><strong>POL\u00cdTICA DE CANCELAMENTO<\/strong><\/p>\n<p>Os cancelamentos podem ser feitos a qualquer momento, desde que a empresa seja notificada por escrito (via e-mail ou WhatsApp). Receber\u00e1s um reembolso com base na seguinte pol\u00edtica de cancelamento:<\/p>\n<p>&#8211; Os cancelamentos solicitados 7 dias ou mais antes da data da atividade, o cliente receber\u00e1 o reembolso total do montante pago.<\/p>\n<p>&#8211; Os cancelamentos solicitados entre 4 e 6 dias antes da data da atividade, o cliente receber\u00e1 um reembolso de 50% do montante pago.<\/p>\n<p>&#8211; Cancelamentos solicitados at\u00e9 72 horas antes da data da atividade, o cliente n\u00e3o ser\u00e1 reembolsado.<\/p>\n<p>As n\u00e3o compar\u00eancias resultantes de voos cancelados ou atrasados ser\u00e3o eleg\u00edveis para um reembolso de acordo com a nossa pol\u00edtica de cancelamento.<\/p>\n<p><strong>TERMOS E CONDI\u00c7\u00d5ES<\/strong><\/p>\n<p>&#8211; Embarca para uma experi\u00eancia \u00fanica! Queremos que a nossa empresa seja inclusiva e ofere\u00e7a os melhores servi\u00e7os a todos os nossos clientes. Consideramos que a observa\u00e7\u00e3o de baleias e golfinhos \u00e9 uma atividade inclusiva para todas as idades. As crian\u00e7as com menos de 14 anos devem viajar sempre acompanhadas por um adulto respons\u00e1vel.<\/p>\n<p>&#8211; Disponibilidade e hor\u00e1rios de in\u00edcio: Todos os dias, de 1 de mar\u00e7o a 30 de novembro. 2 viagens por dia. De 1 de mar\u00e7o a 30 de setembro, a viagem da manh\u00e3 come\u00e7a \u00e0s 8h30 e a da tarde \u00e0s 14h30. De 1 de outubro a 30 de novembro, a viagem da manh\u00e3 come\u00e7a \u00e0s 9h00 e a da tarde \u00e0s 14h00. Se, por qualquer motivo, houver uma altera\u00e7\u00e3o do hor\u00e1rio, a empresa avisar-te-\u00e1 sempre com anteced\u00eancia.<\/p>\n<p>&#8211; O ponto de encontro para a Observa\u00e7\u00e3o de Cet\u00e1ceos \u00e9 a Base Azores Experiences, situada na Unidade B1 do edif\u00edcio de actividades mar\u00edtimo-tur\u00edsticas da Marina da Horta, Cais de Santa Cruz. Recomendamos que chegues 10 minutos antes do in\u00edcio da atividade.<\/p>\n<p>&#8211; A capacidade m\u00e1xima do nosso barco \u00e9 de 16 pessoas (14 clientes, 1 skipper e 1 guia). No caso de grupos maiores, contacta-nos.<\/p>\n<p>&#8211; A realiza\u00e7\u00e3o da viagem est\u00e1 sujeita \u00e0s condi\u00e7\u00f5es climat\u00e9ricas, a acontecimentos imprevistos e \u00e0 exist\u00eancia de animais nas nossas zonas de a\u00e7\u00e3o. Se n\u00e3o for poss\u00edvel efetuar a viagem, ser-te-\u00e1 reembolsado o montante pago ou ser\u00e1 emitido um vale para remarcar a viagem.<\/p>\n<p>&#8211; A Azores Experiences oferece casacos e cal\u00e7as imperme\u00e1veis em v\u00e1rios tamanhos (do M ao XXXL), concebidos para se adaptarem a diferentes tamanhos de corpo. No entanto, os tamanhos s\u00e3o bastante grandes. Por isso, para as crian\u00e7as muito pequenas, recomendamos que tragas o teu pr\u00f3prio casaco. Se preferires usar um dos nossos, forneceremos sempre tamanhos de casacos e cal\u00e7as de acordo com os tamanhos dos nossos clientes.<\/p>\n<p>&#8211; A Azores Experiences tamb\u00e9m fornece coletes salva-vidas aprovados que devem ser usados a bordo. Fornece coletes salva-vidas insufl\u00e1veis de tamanho \u00fanico (autom\u00e1tico e manual) para adultos e coletes salva-vidas de espuma para crian\u00e7as e beb\u00e9s.<\/p>\n<p>&#8211; O que acontece se n\u00e3o vires nenhum cet\u00e1ceo durante a viagem? Caso n\u00e3o haja avistamento de cet\u00e1ceos (baleias OU golfinhos) pelos vigias na atividade de Whale Watching, a Azores Experiences poder\u00e1 propor o reagendamento da viagem, o seu cancelamento ou a realiza\u00e7\u00e3o de uma pesquisa com o hidrofone. A Azores Experiences recomendar\u00e1 sempre a melhor op\u00e7\u00e3o de acordo com as condi\u00e7\u00f5es climat\u00e9ricas e mar\u00edtimas de cada dia. Se o cliente optar por sair \u00e0 procura com o hidrofone, ser\u00e1 cobrado o pre\u00e7o total.<\/p>\n<p>&#8211; Durante a atividade, tiraremos fotografias para fins de investiga\u00e7\u00e3o. Tamb\u00e9m podemos tirar fotografias e fazer v\u00eddeos das pessoas antes, durante e depois da atividade para as redes sociais, marketing e outros fins. Salvo indica\u00e7\u00e3o em contr\u00e1rio por escrito antes do in\u00edcio da atividade, o participante cede todos os direitos e autoriza\u00e7\u00f5es de utiliza\u00e7\u00e3o do material audiovisual recolhido durante a atividade.<\/p>\n<p>Em caso de n\u00e3o compar\u00eancia, ser-te-\u00e1 cobrado o pre\u00e7o total.<\/p>\n","protected":false},"excerpt":{"rendered":"<p>A observa\u00e7\u00e3o de baleias \u00e9 uma das nossas maiores paix\u00f5es!<\/p>\n<p>Somos verdadeiramente apaixonados e fascinados por estes animais, e todos os dias tentamos passar um pouco desta paix\u00e3o, e do nosso conhecimento, a todos aqueles que nos escolhem para viver esta experi\u00eancia.<\/p>\n<p>Organizamos viagens de manh\u00e3 e \u00e0 tarde, com uma dura\u00e7\u00e3o de 3 a 4 horas. As esp\u00e9cies avistadas podem variar consoante a \u00e9poca do ano, no entanto temos algumas esp\u00e9cies que s\u00e3o &#8220;residentes&#8221; durante todo o ano, como \u00e9 o caso do Cachalote.<\/p>\n<p><em>* Consulta os nossos termos e condi\u00e7\u00f5es e a pol\u00edtica de cancelamento abaixo<\/em><\/p>\n","protected":false},"featured_media":15254,"comment_status":"open","ping_status":"closed","template":"","meta":{"_acf_changed":false},"product_brand":[],"product_cat":[535,539,552,556],"product_tag":[19333],"class_list":{"0":"post-15856","1":"product","2":"type-product","3":"status-publish","4":"has-post-thumbnail","6":"product_cat-faial-pt-pt","7":"product_cat-atividades-pt-pt","8":"product_cat-observacao-de-baleias","9":"product_cat-todas-as-ilhas","10":"product_tag-ilhadofaial","12":"first","13":"instock","14":"virtual","15":"sold-individually","16":"taxable","17":"purchasable","18":"product-type-phive_booking"},"acf":[],"_links":{"self":[{"href":"https:\/\/guidetotheazores.pt\/pt-pt\/wp-json\/wp\/v2\/product\/15856","targetHints":{"allow":["GET"]}}],"collection":[{"href":"https:\/\/guidetotheazores.pt\/pt-pt\/wp-json\/wp\/v2\/product"}],"about":[{"href":"https:\/\/guidetotheazores.pt\/pt-pt\/wp-json\/wp\/v2\/types\/product"}],"replies":[{"embeddable":true,"href":"https:\/\/guidetotheazores.pt\/pt-pt\/wp-json\/wp\/v2\/comments?post=15856"}],"wp:featuredmedia":[{"embeddable":true,"href":"https:\/\/guidetotheazores.pt\/pt-pt\/wp-json\/wp\/v2\/media\/15254"}],"wp:attachment":[{"href":"https:\/\/guidetotheazores.pt\/pt-pt\/wp-json\/wp\/v2\/media?parent=15856"}],"wp:term":[{"taxonomy":"product_brand","embeddable":true,"href":"https:\/\/guidetotheazores.pt\/pt-pt\/wp-json\/wp\/v2\/product_brand?post=15856"},{"taxonomy":"product_cat","embeddable":true,"href":"https:\/\/guidetotheazores.pt\/pt-pt\/wp-json\/wp\/v2\/product_cat?post=15856"},{"taxonomy":"product_tag","embeddable":true,"href":"https:\/\/guidetotheazores.pt\/pt-pt\/wp-json\/wp\/v2\/product_tag?post=15856"}],"curies":[{"name":"wp","href":"https:\/\/api.w.org\/{rel}","templated":true}]}}