{"id":15858,"date":"2024-02-23T13:40:03","date_gmt":"2024-02-23T14:40:03","guid":{"rendered":"https:\/\/guidetotheazores.pt\/product\/excursao-de-dia-inteiro-a-ilha-faial\/"},"modified":"2026-03-11T07:45:16","modified_gmt":"2026-03-11T08:45:16","slug":"excursao-de-dia-inteiro-a-ilha-faial","status":"publish","type":"product","link":"https:\/\/guidetotheazores.pt\/pt-pt\/produto\/excursao-de-dia-inteiro-a-ilha-faial\/","title":{"rendered":"Excurs\u00e3o de dia inteiro \u00e0 ilha &#8211; Faial"},"content":{"rendered":"<p>Estas expedi\u00e7\u00f5es permitem-nos encontrar e passar por lugares escondidos, com paisagens naturais inesperadas e deslumbrantes, por caminhos e atalhos menos &#8220;habituais&#8221;<\/p>\n<p>A expedi\u00e7\u00e3o de dia inteiro come\u00e7a \u00e0s 9h30 e tem uma dura\u00e7\u00e3o aproximada de 7 horas.<\/p>\n<p>Come\u00e7a na cidade da Horta e segue em dire\u00e7\u00e3o \u00e0 Reserva Natural da Caldeira do Faial, onde ao longo do percurso podes vislumbrar os muros de hort\u00eansias azuis que chamam \u00e0 ilha do Faial a Ilha Azul. A expedi\u00e7\u00e3o continua em dire\u00e7\u00e3o \u00e0 Ribeira das Cabras, passando pela Serra da Feteira. Faz uma paragem para um almo\u00e7o caseiro no Campo dos Sabores.<\/p>\n<p>A tarde continua com a descida at\u00e9 \u00e0 Faj\u00e3, que se caracteriza pela sua praia de areia preta e pequenas adegas de produ\u00e7\u00e3o de vinho local, continuando at\u00e9 ao Vulc\u00e3o dos Capelinhos, o mais recente vulc\u00e3o da Europa, que entrou em erup\u00e7\u00e3o entre 1957\/1958. Aqui podes apreciar a paisagem des\u00e9rtica de cinzas vulc\u00e2nicas e ainda visitar o Centro de Interpreta\u00e7\u00e3o do Vulc\u00e3o dos Capelinhos.<\/p>\n<p>Continuamos pela costa sul, passando pelo Varadouro, onde se avista o Monte Castelo Branco, terminando a viagem no Monte da Guia, onde se tem uma das melhores vistas sobre a cidade da Horta e a Ba\u00eda de Porto Pim.<\/p>\n<p><strong>POL\u00cdTICA DE CANCELAMENTO<\/strong><\/p>\n<p>Os cancelamentos podem ser feitos a qualquer momento, desde que a empresa seja notificada por escrito (via e-mail ou WhatsApp). Receber\u00e1s um reembolso com base na seguinte pol\u00edtica de cancelamento:<\/p>\n<p>&#8211; Os cancelamentos solicitados 7 dias ou mais antes da data da atividade, o cliente receber\u00e1 o reembolso total do montante pago.<\/p>\n<p>&#8211; Os cancelamentos solicitados entre 4 e 6 dias antes da data da atividade, o cliente receber\u00e1 um reembolso de 50% do montante pago.<\/p>\n<p>&#8211; Cancelamentos solicitados at\u00e9 72 horas antes da data da atividade, o cliente n\u00e3o ser\u00e1 reembolsado.<\/p>\n<p>As n\u00e3o compar\u00eancias resultantes de voos cancelados ou atrasados ser\u00e3o eleg\u00edveis para um reembolso de acordo com a nossa pol\u00edtica de cancelamento.<\/p>\n","protected":false},"excerpt":{"rendered":"<p>Estas expedi\u00e7\u00f5es permitem-nos encontrar e passar por lugares escondidos, com paisagens naturais inesperadas e deslumbrantes, por caminhos e atalhos menos &#8220;habituais&#8221;.<\/p>\n<p>A expedi\u00e7\u00e3o de dia inteiro come\u00e7a \u00e0s 9h30 e tem uma dura\u00e7\u00e3o aproximada de 7 horas.<\/p>\n<p>Recolha :<\/p>\n<p>O teu hotel (sempre que o alojamento seja na Horta) ou o nosso escrit\u00f3rio:<\/p>\n<p>Edif\u00edcio Das Atividades Mar\u00edtimo-Tur\u00edsticas da Horta. Unidade B-1 (Marina da Horta, Cais de Santa Cruz) ou<\/p>\n<p>Cais da Horta (Terminal Mar\u00edtimo).<\/p>\n<p><em>* Se o alojamento ou o ponto de partida n\u00e3o for na Horta, aplica-se um suplemento extra por viagem<\/em><\/p>\n<p><em style=\"margin: 0px; padding: 0px; border: 0px; vertical-align: baseline; line-height: inherit; font-family: 'Exo 2', Arial, Helvetica, sans-serif; color: #777777;\">* Consulta os nossos termos e condi\u00e7\u00f5es e a pol\u00edtica de cancelamento abaixo<\/em><\/p>\n","protected":false},"featured_media":15244,"comment_status":"open","ping_status":"closed","template":"","meta":{"_acf_changed":false},"product_brand":[],"product_cat":[535,539,556,547],"product_tag":[19333],"class_list":{"0":"post-15858","1":"product","2":"type-product","3":"status-publish","4":"has-post-thumbnail","6":"product_cat-faial-pt-pt","7":"product_cat-atividades-pt-pt","8":"product_cat-todas-as-ilhas","9":"product_cat-visitas-guiadas","10":"product_tag-ilhadofaial","12":"first","13":"instock","14":"virtual","15":"sold-individually","16":"taxable","17":"purchasable","18":"product-type-phive_booking"},"acf":[],"_links":{"self":[{"href":"https:\/\/guidetotheazores.pt\/pt-pt\/wp-json\/wp\/v2\/product\/15858","targetHints":{"allow":["GET"]}}],"collection":[{"href":"https:\/\/guidetotheazores.pt\/pt-pt\/wp-json\/wp\/v2\/product"}],"about":[{"href":"https:\/\/guidetotheazores.pt\/pt-pt\/wp-json\/wp\/v2\/types\/product"}],"replies":[{"embeddable":true,"href":"https:\/\/guidetotheazores.pt\/pt-pt\/wp-json\/wp\/v2\/comments?post=15858"}],"wp:featuredmedia":[{"embeddable":true,"href":"https:\/\/guidetotheazores.pt\/pt-pt\/wp-json\/wp\/v2\/media\/15244"}],"wp:attachment":[{"href":"https:\/\/guidetotheazores.pt\/pt-pt\/wp-json\/wp\/v2\/media?parent=15858"}],"wp:term":[{"taxonomy":"product_brand","embeddable":true,"href":"https:\/\/guidetotheazores.pt\/pt-pt\/wp-json\/wp\/v2\/product_brand?post=15858"},{"taxonomy":"product_cat","embeddable":true,"href":"https:\/\/guidetotheazores.pt\/pt-pt\/wp-json\/wp\/v2\/product_cat?post=15858"},{"taxonomy":"product_tag","embeddable":true,"href":"https:\/\/guidetotheazores.pt\/pt-pt\/wp-json\/wp\/v2\/product_tag?post=15858"}],"curies":[{"name":"wp","href":"https:\/\/api.w.org\/{rel}","templated":true}]}}