{"id":15996,"date":"2024-03-07T15:45:44","date_gmt":"2024-03-07T16:45:44","guid":{"rendered":"https:\/\/guidetotheazores.pt\/product\/suite-pico\/"},"modified":"2026-01-04T13:27:20","modified_gmt":"2026-01-04T14:27:20","slug":"suite-pico","status":"publish","type":"product","link":"https:\/\/guidetotheazores.pt\/pt-pt\/produto\/suite-pico\/","title":{"rendered":"Suite Pico"},"content":{"rendered":"<p style=\"color: #000000; font-family: 'Helvetica Neue', Helvetica, Roboto, Arial, sans-serif; margin: 0px 0px 20px;\">Com vistas para a majestosa Montanha do Pico e para o Oceano Atl\u00e2ntico, a Suite Pico proporciona aos h\u00f3spedes uma fabulosa vista panor\u00e2mica.<span class=\"Apple-converted-space\"> <\/span><\/p>\n<p style=\"color: #000000; font-family: 'Helvetica Neue', Helvetica, Roboto, Arial, sans-serif; margin: 0px 0px 20px;\">As caracter\u00edsticas incluem uma confort\u00e1vel cama *King size (ou duas individuais) com a conveni\u00eancia de uma luxuosa banheira de hidromassagem, frigor\u00edfico, comodidades para preparar ch\u00e1 e caf\u00e9 e uma mesa de pedra de lava.<\/p>\n","protected":false},"excerpt":{"rendered":"<p style=\"color: #000000; font-family: 'Helvetica Neue', Helvetica, Roboto, Arial, sans-serif; margin: 0px 0px 20px;\">Com vistas para a majestosa Montanha do Pico e para o Oceano Atl\u00e2ntico, a Suite Pico proporciona aos h\u00f3spedes uma fabulosa vista panor\u00e2mica.<span class=\"Apple-converted-space\"> <\/span><\/p>\n<p style=\"color: #000000; font-family: 'Helvetica Neue', Helvetica, Roboto, Arial, sans-serif; margin: 0px 0px 20px;\">As caracter\u00edsticas incluem uma confort\u00e1vel cama *King size (ou duas individuais) com a conveni\u00eancia de uma luxuosa banheira de hidromassagem, frigor\u00edfico, comodidades para preparar ch\u00e1 e caf\u00e9 e uma mesa de pedra de lava.<\/p>\n","protected":false},"featured_media":15926,"comment_status":"open","ping_status":"closed","template":"","meta":{"_acf_changed":false},"product_brand":[],"product_cat":[536,533,19262,556],"product_tag":[19327],"class_list":{"0":"post-15996","1":"product","2":"type-product","3":"status-publish","4":"has-post-thumbnail","6":"product_cat-alojamento","7":"product_cat-alojamento-local-pt-pt","8":"product_cat-pico-pt-pt","9":"product_cat-todas-as-ilhas","10":"product_tag-ilhadopico","12":"first","13":"instock","14":"virtual","15":"sold-individually","16":"taxable","17":"purchasable","18":"product-type-phive_booking"},"acf":[],"_links":{"self":[{"href":"https:\/\/guidetotheazores.pt\/pt-pt\/wp-json\/wp\/v2\/product\/15996","targetHints":{"allow":["GET"]}}],"collection":[{"href":"https:\/\/guidetotheazores.pt\/pt-pt\/wp-json\/wp\/v2\/product"}],"about":[{"href":"https:\/\/guidetotheazores.pt\/pt-pt\/wp-json\/wp\/v2\/types\/product"}],"replies":[{"embeddable":true,"href":"https:\/\/guidetotheazores.pt\/pt-pt\/wp-json\/wp\/v2\/comments?post=15996"}],"wp:featuredmedia":[{"embeddable":true,"href":"https:\/\/guidetotheazores.pt\/pt-pt\/wp-json\/wp\/v2\/media\/15926"}],"wp:attachment":[{"href":"https:\/\/guidetotheazores.pt\/pt-pt\/wp-json\/wp\/v2\/media?parent=15996"}],"wp:term":[{"taxonomy":"product_brand","embeddable":true,"href":"https:\/\/guidetotheazores.pt\/pt-pt\/wp-json\/wp\/v2\/product_brand?post=15996"},{"taxonomy":"product_cat","embeddable":true,"href":"https:\/\/guidetotheazores.pt\/pt-pt\/wp-json\/wp\/v2\/product_cat?post=15996"},{"taxonomy":"product_tag","embeddable":true,"href":"https:\/\/guidetotheazores.pt\/pt-pt\/wp-json\/wp\/v2\/product_tag?post=15996"}],"curies":[{"name":"wp","href":"https:\/\/api.w.org\/{rel}","templated":true}]}}