{"id":15997,"date":"2024-03-07T15:38:39","date_gmt":"2024-03-07T16:38:39","guid":{"rendered":"https:\/\/guidetotheazores.pt\/product\/suite-miradouro\/"},"modified":"2026-01-04T13:27:33","modified_gmt":"2026-01-04T14:27:33","slug":"suite-miradouro","status":"publish","type":"product","link":"https:\/\/guidetotheazores.pt\/pt-pt\/produto\/suite-miradouro\/","title":{"rendered":"Suite Miradouro"},"content":{"rendered":"<p style=\"color: #000000; font-family: 'Helvetica Neue', Helvetica, Roboto, Arial, sans-serif; margin: 0px 0px 20px;\">A partir do conforto da tua cama *King size ou de duas camas twin, na Suite Miradouro poder\u00e1s desfrutar de vistas deslumbrantes sobre o oceano ao longo da costa at\u00e9 \u00e0 vila das Lajes do Pico.<\/p>\n<p style=\"color: #000000; font-family: 'Helvetica Neue', Helvetica, Roboto, Arial, sans-serif; margin: 0px 0px 20px;\">Inclui uma confort\u00e1vel cama king-size, frigor\u00edfico, comodidades para preparar ch\u00e1 e caf\u00e9, bem como uma secret\u00e1ria para p\u00f4r em dia alguns e-mails.<\/p>\n","protected":false},"excerpt":{"rendered":"<p style=\"color: #000000; font-family: 'Helvetica Neue', Helvetica, Roboto, Arial, sans-serif; margin: 0px 0px 20px;\">A partir do conforto da tua cama *King size ou de duas camas twin, na Suite Miradouro poder\u00e1s desfrutar de vistas deslumbrantes sobre o oceano ao longo da costa at\u00e9 \u00e0 vila das Lajes do Pico.<\/p>\n<p style=\"color: #000000; font-family: 'Helvetica Neue', Helvetica, Roboto, Arial, sans-serif; margin: 0px 0px 20px;\">Inclui uma confort\u00e1vel cama king-size, frigor\u00edfico, comodidades para preparar ch\u00e1 e caf\u00e9, bem como uma secret\u00e1ria para p\u00f4r em dia alguns e-mails.<\/p>\n","protected":false},"featured_media":15919,"comment_status":"open","ping_status":"closed","template":"","meta":{"_acf_changed":false},"product_brand":[],"product_cat":[536,533,19262,556],"product_tag":[19327],"class_list":{"0":"post-15997","1":"product","2":"type-product","3":"status-publish","4":"has-post-thumbnail","6":"product_cat-alojamento","7":"product_cat-alojamento-local-pt-pt","8":"product_cat-pico-pt-pt","9":"product_cat-todas-as-ilhas","10":"product_tag-ilhadopico","12":"first","13":"instock","14":"virtual","15":"sold-individually","16":"taxable","17":"purchasable","18":"product-type-phive_booking"},"acf":[],"_links":{"self":[{"href":"https:\/\/guidetotheazores.pt\/pt-pt\/wp-json\/wp\/v2\/product\/15997","targetHints":{"allow":["GET"]}}],"collection":[{"href":"https:\/\/guidetotheazores.pt\/pt-pt\/wp-json\/wp\/v2\/product"}],"about":[{"href":"https:\/\/guidetotheazores.pt\/pt-pt\/wp-json\/wp\/v2\/types\/product"}],"replies":[{"embeddable":true,"href":"https:\/\/guidetotheazores.pt\/pt-pt\/wp-json\/wp\/v2\/comments?post=15997"}],"wp:featuredmedia":[{"embeddable":true,"href":"https:\/\/guidetotheazores.pt\/pt-pt\/wp-json\/wp\/v2\/media\/15919"}],"wp:attachment":[{"href":"https:\/\/guidetotheazores.pt\/pt-pt\/wp-json\/wp\/v2\/media?parent=15997"}],"wp:term":[{"taxonomy":"product_brand","embeddable":true,"href":"https:\/\/guidetotheazores.pt\/pt-pt\/wp-json\/wp\/v2\/product_brand?post=15997"},{"taxonomy":"product_cat","embeddable":true,"href":"https:\/\/guidetotheazores.pt\/pt-pt\/wp-json\/wp\/v2\/product_cat?post=15997"},{"taxonomy":"product_tag","embeddable":true,"href":"https:\/\/guidetotheazores.pt\/pt-pt\/wp-json\/wp\/v2\/product_tag?post=15997"}],"curies":[{"name":"wp","href":"https:\/\/api.w.org\/{rel}","templated":true}]}}