{"id":16000,"date":"2024-03-07T15:22:26","date_gmt":"2024-03-07T16:22:26","guid":{"rendered":"https:\/\/guidetotheazores.pt\/product\/suite-atlantic\/"},"modified":"2026-01-04T13:28:30","modified_gmt":"2026-01-04T14:28:30","slug":"suite-atlantic","status":"publish","type":"product","link":"https:\/\/guidetotheazores.pt\/pt-pt\/produto\/suite-atlantic\/","title":{"rendered":"Suite Atlantic"},"content":{"rendered":"<p style=\"color: #000000;font-family: 'Helvetica Neue', Helvetica, Roboto, Arial, sans-serif;margin: 0px 0px 20px\">Desfruta de vistas deslumbrantes sobre o Oceano Atl\u00e2ntico at\u00e9 onde a vista alcan\u00e7a, a partir da privacidade das tuas pr\u00f3prias varandas.<\/p>\n<p style=\"color: #000000;font-family: 'Helvetica Neue', Helvetica, Roboto, Arial, sans-serif;margin: 0px 0px 20px\">A Suite Atlantic oferece uma espa\u00e7osa sala de estar com uma fabulosa lareira de madeira verdadeira e uma fant\u00e1stica varanda para apreciar a vista para o mar, enquanto o teu quarto oferece o luxo de uma cama king size, vistas arrebatadoras sobre a costa e uma varanda privada com vista para o oceano. A tua casa de banho inclui um chuveiro, WC e bid\u00e9, frigor\u00edfico e comodidades para preparar ch\u00e1 e caf\u00e9.<\/p>\n","protected":false},"excerpt":{"rendered":"<p style=\"color: #000000;font-family: 'Helvetica Neue', Helvetica, Roboto, Arial, sans-serif;margin: 0px 0px 20px\">Desfruta de vistas deslumbrantes sobre o Oceano Atl\u00e2ntico at\u00e9 onde a vista alcan\u00e7a, a partir da privacidade das tuas pr\u00f3prias varandas.<\/p>\n<p style=\"color: #000000;font-family: 'Helvetica Neue', Helvetica, Roboto, Arial, sans-serif;margin: 0px 0px 20px\">A Suite Atlantic oferece uma espa\u00e7osa sala de estar com uma fabulosa lareira de madeira verdadeira e uma fant\u00e1stica varanda para apreciar a vista para o mar, enquanto o teu quarto oferece o luxo de uma cama king size, vistas arrebatadoras sobre a costa e uma varanda privada com vista para o oceano. A tua casa de banho inclui um chuveiro, WC e bid\u00e9, frigor\u00edfico e comodidades para preparar ch\u00e1 e caf\u00e9.<\/p>\n","protected":false},"featured_media":15905,"comment_status":"open","ping_status":"closed","template":"","meta":{"_acf_changed":false},"product_brand":[],"product_cat":[536,533,19262,556],"product_tag":[19327],"class_list":{"0":"post-16000","1":"product","2":"type-product","3":"status-publish","4":"has-post-thumbnail","6":"product_cat-alojamento","7":"product_cat-alojamento-local-pt-pt","8":"product_cat-pico-pt-pt","9":"product_cat-todas-as-ilhas","10":"product_tag-ilhadopico","12":"first","13":"instock","14":"virtual","15":"sold-individually","16":"taxable","17":"purchasable","18":"product-type-phive_booking"},"acf":[],"_links":{"self":[{"href":"https:\/\/guidetotheazores.pt\/pt-pt\/wp-json\/wp\/v2\/product\/16000","targetHints":{"allow":["GET"]}}],"collection":[{"href":"https:\/\/guidetotheazores.pt\/pt-pt\/wp-json\/wp\/v2\/product"}],"about":[{"href":"https:\/\/guidetotheazores.pt\/pt-pt\/wp-json\/wp\/v2\/types\/product"}],"replies":[{"embeddable":true,"href":"https:\/\/guidetotheazores.pt\/pt-pt\/wp-json\/wp\/v2\/comments?post=16000"}],"wp:featuredmedia":[{"embeddable":true,"href":"https:\/\/guidetotheazores.pt\/pt-pt\/wp-json\/wp\/v2\/media\/15905"}],"wp:attachment":[{"href":"https:\/\/guidetotheazores.pt\/pt-pt\/wp-json\/wp\/v2\/media?parent=16000"}],"wp:term":[{"taxonomy":"product_brand","embeddable":true,"href":"https:\/\/guidetotheazores.pt\/pt-pt\/wp-json\/wp\/v2\/product_brand?post=16000"},{"taxonomy":"product_cat","embeddable":true,"href":"https:\/\/guidetotheazores.pt\/pt-pt\/wp-json\/wp\/v2\/product_cat?post=16000"},{"taxonomy":"product_tag","embeddable":true,"href":"https:\/\/guidetotheazores.pt\/pt-pt\/wp-json\/wp\/v2\/product_tag?post=16000"}],"curies":[{"name":"wp","href":"https:\/\/api.w.org\/{rel}","templated":true}]}}