{"id":16001,"date":"2024-03-07T15:33:39","date_gmt":"2024-03-07T16:33:39","guid":{"rendered":"https:\/\/guidetotheazores.pt\/product\/suite-papalva\/"},"modified":"2026-01-04T13:27:44","modified_gmt":"2026-01-04T14:27:44","slug":"suite-papalva","status":"publish","type":"product","link":"https:\/\/guidetotheazores.pt\/pt-pt\/produto\/suite-papalva\/","title":{"rendered":"Suite Papalva"},"content":{"rendered":"<p style=\"color: #000000;font-family: 'Helvetica Neue', Helvetica, Roboto, Arial, sans-serif;margin: 0px 0px 20px\">A Suite Papalva \u00e9 a nossa op\u00e7\u00e3o mais espa\u00e7osa e inclui o luxo de uma casa de banho privativa com um sumptuoso jacuzzi de canto, proporcionando a forma perfeita de relaxar ap\u00f3s um dia de aventura a explorar as muitas atrac\u00e7\u00f5es e experi\u00eancias da Ilha do Pico.<\/p>\n<p style=\"color: #000000;font-family: 'Helvetica Neue', Helvetica, Roboto, Arial, sans-serif;margin: 0px 0px 20px\">Uma confort\u00e1vel cama de casal e um agrad\u00e1vel p\u00e1tio exterior privado para relaxar e apreciar a vista do oceano e da bela montanha do Pico.<\/p>\n","protected":false},"excerpt":{"rendered":"<p style=\"color: #000000;font-family: 'Helvetica Neue', Helvetica, Roboto, Arial, sans-serif;margin: 0px 0px 20px\">A Suite Papalva \u00e9 a nossa op\u00e7\u00e3o mais espa\u00e7osa e inclui o luxo de uma casa de banho privativa com um sumptuoso jacuzzi de canto, proporcionando a forma perfeita de relaxar ap\u00f3s um dia de aventura a explorar as muitas atrac\u00e7\u00f5es e experi\u00eancias da Ilha do Pico.<\/p>\n<p style=\"color: #000000;font-family: 'Helvetica Neue', Helvetica, Roboto, Arial, sans-serif;margin: 0px 0px 20px\">Uma confort\u00e1vel cama de casal e um agrad\u00e1vel p\u00e1tio exterior privado para relaxar e apreciar a vista do oceano e da bela montanha do Pico.<\/p>\n","protected":false},"featured_media":15915,"comment_status":"open","ping_status":"closed","template":"","meta":{"_acf_changed":false},"product_brand":[],"product_cat":[536,533,19262,556],"product_tag":[19327],"class_list":{"0":"post-16001","1":"product","2":"type-product","3":"status-publish","4":"has-post-thumbnail","6":"product_cat-alojamento","7":"product_cat-alojamento-local-pt-pt","8":"product_cat-pico-pt-pt","9":"product_cat-todas-as-ilhas","10":"product_tag-ilhadopico","12":"first","13":"instock","14":"virtual","15":"sold-individually","16":"taxable","17":"purchasable","18":"product-type-phive_booking"},"acf":[],"_links":{"self":[{"href":"https:\/\/guidetotheazores.pt\/pt-pt\/wp-json\/wp\/v2\/product\/16001","targetHints":{"allow":["GET"]}}],"collection":[{"href":"https:\/\/guidetotheazores.pt\/pt-pt\/wp-json\/wp\/v2\/product"}],"about":[{"href":"https:\/\/guidetotheazores.pt\/pt-pt\/wp-json\/wp\/v2\/types\/product"}],"replies":[{"embeddable":true,"href":"https:\/\/guidetotheazores.pt\/pt-pt\/wp-json\/wp\/v2\/comments?post=16001"}],"wp:featuredmedia":[{"embeddable":true,"href":"https:\/\/guidetotheazores.pt\/pt-pt\/wp-json\/wp\/v2\/media\/15915"}],"wp:attachment":[{"href":"https:\/\/guidetotheazores.pt\/pt-pt\/wp-json\/wp\/v2\/media?parent=16001"}],"wp:term":[{"taxonomy":"product_brand","embeddable":true,"href":"https:\/\/guidetotheazores.pt\/pt-pt\/wp-json\/wp\/v2\/product_brand?post=16001"},{"taxonomy":"product_cat","embeddable":true,"href":"https:\/\/guidetotheazores.pt\/pt-pt\/wp-json\/wp\/v2\/product_cat?post=16001"},{"taxonomy":"product_tag","embeddable":true,"href":"https:\/\/guidetotheazores.pt\/pt-pt\/wp-json\/wp\/v2\/product_tag?post=16001"}],"curies":[{"name":"wp","href":"https:\/\/api.w.org\/{rel}","templated":true}]}}