{"id":17366,"date":"2024-08-20T11:18:14","date_gmt":"2024-08-20T12:18:14","guid":{"rendered":"https:\/\/guidetotheazores.pt\/product\/excursao-de-dia-inteiro-a-ilha-terceira-com-cocktail-tapas-exclusivos\/"},"modified":"2026-01-04T13:21:51","modified_gmt":"2026-01-04T14:21:51","slug":"excursao-de-dia-inteiro-a-ilha-terceira-com-cocktail-tapas-exclusivos","status":"publish","type":"product","link":"https:\/\/guidetotheazores.pt\/pt-pt\/produto\/excursao-de-dia-inteiro-a-ilha-terceira-com-cocktail-tapas-exclusivos\/","title":{"rendered":"Dia inteiro: O melhor da Ilha Terceira"},"content":{"rendered":"<p class=\"MsoNormal\" style=\"text-align: justify\"><b><span lang=\"EN-US\" style=\"font-size: 18.0pt;line-height: 115%;font-family: 'Arial',sans-serif\">Excurs\u00e3o de dia inteiro: O melhor da Ilha Terceira<\/span><\/b><\/p>\n<p class=\"MsoNormal\" style=\"text-align: justify\"><span lang=\"EN-US\" style=\"font-family: 'Arial',sans-serif\">Inclui: 8 horas (aprox.) &#8211; Pick up &amp; Drop off* &#8211; Portugu\u00eas, Ingl\u00eas e Espanhol &#8211; Minibus\/Minivan<\/span><\/p>\n<p class=\"MsoNormal\" style=\"text-align: justify\"><b><span lang=\"EN-US\" style=\"font-family: 'Arial',sans-serif\">Dificuldade<\/span><\/b><\/p>\n<p class=\"MsoNormal\" style=\"text-align: justify\"><span lang=\"EN-US\" style=\"font-family: 'Arial',sans-serif\">\u00c9 f\u00e1cil<\/span><\/p>\n<p class=\"MsoNormal\" style=\"text-align: justify\"><b><span lang=\"EN-US\" style=\"font-family: 'Arial',sans-serif\">Descri\u00e7\u00e3o<\/span><\/b><\/p>\n<p class=\"MsoNormal\" style=\"text-align: justify\"><span lang=\"EN-US\" style=\"font-family: 'Arial',sans-serif\">Come\u00e7a o dia no Monte Brasil, desfrutando de uma vista panor\u00e2mica sobre a cidade de Angra do Hero\u00edsmo. Segue ao longo da costa at\u00e9 ao miradouro da Serretinha, onde se avistam os Ilh\u00e9us das Cabras, passando pelas aldeias da Ribeirinha e da Feteira.   <\/span><\/p>\n<p class=\"MsoNormal\" style=\"text-align: justify\"><span lang=\"EN-US\" style=\"font-family: 'Arial',sans-serif\">Depois de passar pela aldeia de Porto Judeu, segue para a Ba\u00eda da Salga, um marco hist\u00f3rico na hist\u00f3ria de Portugal.  <\/span><\/p>\n<p class=\"MsoNormal\" style=\"text-align: justify\"><span lang=\"EN-US\" style=\"font-family: 'Arial',sans-serif\">Um pouco mais longe, desfruta da tranquilidade da aldeia de S\u00e3o Sebasti\u00e3o, onde se encontra uma das igrejas mais antigas dos A\u00e7ores.  <\/span><\/p>\n<p class=\"MsoNormal\" style=\"text-align: justify\"><span lang=\"EN-US\" style=\"font-family: 'Arial',sans-serif\">Segue para a Serra do Cume e prepara-te para te deslumbrares com a vista da &#8220;Manta de Retalhos&#8221;, a maior caldeira dos A\u00e7ores.  <\/span><\/p>\n<p class=\"MsoNormal\" style=\"text-align: justify\"><span lang=\"EN-US\" style=\"font-family: 'Arial',sans-serif\">Depois de uma pausa para almo\u00e7o** na cidade da Praia da Vit\u00f3ria, continua a aventura com uma visita \u00e0 Serra do Facho, onde a vista sobre a cidade \u00e9 de cortar a respira\u00e7\u00e3o.  <\/span><\/p>\n<p class=\"MsoNormal\" style=\"text-align: justify\"><span lang=\"EN-US\" style=\"font-family: 'Arial',sans-serif\">Dirige-te para o interior da ilha e desce \u00e0 impressionante gruta vulc\u00e2nica do Algar do Carv\u00e3o***.  <\/span><\/p>\n<p class=\"MsoNormal\" style=\"text-align: justify\"><span lang=\"EN-US\" style=\"font-family: 'Arial',sans-serif\">A \u00faltima paragem s\u00e3o as Piscinas Naturais de Biscoitos, rodeadas pelas carater\u00edsticas forma\u00e7\u00f5es rochosas de lava, de onde te surpreender\u00e3o os seus famosos vinhedos<b>.<\/b><\/span><\/p>\n<ul style=\"margin-top: 0cm\" type=\"disc\">\n<li class=\"MsoNormal\" style=\"text-align: justify\"><span style=\"font-family: 'Arial',sans-serif\">Monte Brasil  <\/span><\/li>\n<li class=\"MsoNormal\" style=\"text-align: justify\"><span style=\"font-family: 'Arial',sans-serif\">Miradouro da Serretinha  <\/span><\/li>\n<li class=\"MsoNormal\" style=\"text-align: justify\"><span style=\"font-family: 'Arial',sans-serif\">Ba\u00eda de Salga  <\/span><\/li>\n<li class=\"MsoNormal\" style=\"text-align: justify\"><span style=\"font-family: 'Arial',sans-serif\">Igreja de S\u00e3o Sebasti\u00e3o  <\/span><\/li>\n<li class=\"MsoNormal\" style=\"text-align: justify\"><span style=\"font-family: 'Arial',sans-serif\">Miradouro da Serra do Cume  <\/span><\/li>\n<li class=\"MsoNormal\" style=\"text-align: justify\"><span style=\"font-family: 'Arial',sans-serif\">Praia da Vit\u00f3ria  <\/span><\/li>\n<li class=\"MsoNormal\" style=\"text-align: justify\"><span style=\"font-family: 'Arial',sans-serif\">Miradouro da Serra do Facho  <\/span><\/li>\n<li class=\"MsoNormal\" style=\"text-align: justify\"><span style=\"font-family: 'Arial',sans-serif\">Algar do Carv\u00e3o (Opcional, 10\u20ac por pessoa)<\/span><\/li>\n<li class=\"MsoNormal\" style=\"text-align: justify\"><span style=\"font-family: 'Arial',sans-serif\">Piscinas Naturais Biscoitos  <\/span><\/li>\n<\/ul>\n<p class=\"MsoNormal\" style=\"text-align: justify\"><b><span style=\"font-family: 'Arial',sans-serif\">O que \u00e9 que inclui?<\/span><\/b><\/p>\n<ul style=\"margin-top: 0cm\" type=\"disc\">\n<li class=\"MsoNormal\" style=\"text-align: justify\"><span style=\"font-family: 'Arial',sans-serif\">Condutor\/guia profissional certificado;<\/span><\/li>\n<li class=\"MsoNormal\" style=\"text-align: justify\"><span style=\"font-family: 'Arial',sans-serif\">Seguro de responsabilidade civil;<\/span><\/li>\n<li class=\"MsoNormal\" style=\"text-align: justify\"><span style=\"font-family: 'Arial',sans-serif\">Seguro de acidentes pessoais;<\/span><\/li>\n<li class=\"MsoNormal\" style=\"text-align: justify\"><span lang=\"EN-US\" style=\"font-family: 'Arial',sans-serif\">*Recolha e entrega em hot\u00e9is e pens\u00f5es perto do centro de Angra do Hero\u00edsmo. Fora desta zona, \u00e9 poss\u00edvel, mas tem um custo adicional. <\/span><\/li>\n<\/ul>\n<p class=\"MsoNormal\" style=\"text-align: justify\"><b><span lang=\"EN-US\" style=\"font-family: 'Arial',sans-serif\">O que deves ter em conta?<\/span><\/b><\/p>\n<ul style=\"margin-top: 0cm\" type=\"disc\">\n<li class=\"MsoNormal\" style=\"text-align: justify\"><span style=\"font-family: 'Arial',sans-serif\">M\u00ednimo 2 pessoas;<\/span><\/li>\n<li class=\"MsoNormal\" style=\"text-align: justify\"><span lang=\"EN-US\" style=\"font-family: 'Arial',sans-serif\">Crian\u00e7as dos 6 aos 10 anos com 50% de desconto;<\/span><\/li>\n<li class=\"MsoNormal\" style=\"text-align: justify\"><span lang=\"EN-US\" style=\"font-family: 'Arial',sans-serif\">Crian\u00e7as at\u00e9 aos 5 anos de idade n\u00e3o pagam;<\/span><\/li>\n<li class=\"MsoNormal\" style=\"text-align: justify\"><span lang=\"EN-US\" style=\"font-family: 'Arial',sans-serif\">**Almo\u00e7o n\u00e3o inclu\u00eddo (tempo livre);<\/span><\/li>\n<li class=\"MsoNormal\" style=\"text-align: justify\"><span style=\"font-family: 'Arial',sans-serif\">Cal\u00e7ado confort\u00e1vel;<\/span><\/li>\n<li class=\"MsoNormal\" style=\"text-align: justify\"><span style=\"font-family: 'Arial',sans-serif\">***Algar do Carv\u00e3o est\u00e1 temporariamente encerrado<\/span><\/li>\n<\/ul>\n<p class=\"MsoNormal\" style=\"text-align: justify\"><b><span style=\"font-family: 'Arial',sans-serif\">Cancelamentos<\/span><\/b><\/p>\n<p class=\"MsoNormal\" style=\"text-align: justify\"><span lang=\"EN-US\" style=\"font-family: 'Arial',sans-serif\">Os clientes receber\u00e3o um reembolso total ou cr\u00e9dito se o cancelamento for efectuado at\u00e9 24 horas antes do in\u00edcio da atividade. Contacta-nos se tiveres alguma d\u00favida sobre as op\u00e7\u00f5es de cancelamento e reembolso. Em caso de n\u00e3o compar\u00eancia, ser-te-\u00e1 cobrado o montante total.  <\/span><\/p>\n","protected":false},"excerpt":{"rendered":"<p><span style=\"color: #1a2b49;font-family: 'GT Eesti', 'fallback for GT Eesti', 'android fallback for GT Eesti', sans-serif\">Desfruta de vistas deslumbrantes sobre a costa, visita aldeias hist\u00f3ricas, maravilha-te com os campos de retalhos da Serra do Cume e desce at\u00e9 \u00e0 maravilha vulc\u00e2nica do Algar do Carv\u00e3o*. Termina o dia nas piscinas naturais dos Biscoitos! <\/span><\/p>\n<p>*O Algar<span class=\"NormalTextRun SCXW94811095 BCX8\" style=\"margin: 0px;padding: 0px;color: #000000;font-family: Arial, Arial_EmbeddedFont, Arial_MSFontService, sans-serif;font-size: 14.6667px;text-align: justify\">do <\/span><span class=\"NormalTextRun SpellingErrorV2Themed SCXW94811095 BCX8\" style=\"margin: 0px;padding: 0px;background-position: 0px 100%;border-bottom: 1px solid transparent;color: #000000;font-family: Arial, Arial_EmbeddedFont, Arial_MSFontService, sans-serif;font-size: 14.6667px;text-align: justify\">Carv\u00e3o<\/span><span class=\"NormalTextRun SCXW94811095 BCX8\" style=\"margin: 0px;padding: 0px;color: #000000;font-family: Arial, Arial_EmbeddedFont, Arial_MSFontService, sans-serif;font-size: 14.6667px;text-align: justify\"> est\u00e1 temporariamente encerrado <\/span> <\/p>\n","protected":false},"featured_media":19410,"comment_status":"open","ping_status":"closed","template":"","meta":{"_acf_changed":false},"product_brand":[],"product_cat":[539,545,19279,556,547],"product_tag":[19321,19340],"class_list":{"0":"post-17366","1":"product","2":"type-product","3":"status-publish","4":"has-post-thumbnail","6":"product_cat-atividades-pt-pt","7":"product_cat-geotourism-pt-pt","8":"product_cat-terceira-pt-pt","9":"product_cat-todas-as-ilhas","10":"product_cat-visitas-guiadas","11":"product_tag-ilha-terceira","12":"product_tag-ilhaterceira","14":"first","15":"instock","16":"virtual","17":"sold-individually","18":"taxable","19":"purchasable","20":"product-type-phive_booking"},"acf":[],"_links":{"self":[{"href":"https:\/\/guidetotheazores.pt\/pt-pt\/wp-json\/wp\/v2\/product\/17366","targetHints":{"allow":["GET"]}}],"collection":[{"href":"https:\/\/guidetotheazores.pt\/pt-pt\/wp-json\/wp\/v2\/product"}],"about":[{"href":"https:\/\/guidetotheazores.pt\/pt-pt\/wp-json\/wp\/v2\/types\/product"}],"replies":[{"embeddable":true,"href":"https:\/\/guidetotheazores.pt\/pt-pt\/wp-json\/wp\/v2\/comments?post=17366"}],"wp:featuredmedia":[{"embeddable":true,"href":"https:\/\/guidetotheazores.pt\/pt-pt\/wp-json\/wp\/v2\/media\/19410"}],"wp:attachment":[{"href":"https:\/\/guidetotheazores.pt\/pt-pt\/wp-json\/wp\/v2\/media?parent=17366"}],"wp:term":[{"taxonomy":"product_brand","embeddable":true,"href":"https:\/\/guidetotheazores.pt\/pt-pt\/wp-json\/wp\/v2\/product_brand?post=17366"},{"taxonomy":"product_cat","embeddable":true,"href":"https:\/\/guidetotheazores.pt\/pt-pt\/wp-json\/wp\/v2\/product_cat?post=17366"},{"taxonomy":"product_tag","embeddable":true,"href":"https:\/\/guidetotheazores.pt\/pt-pt\/wp-json\/wp\/v2\/product_tag?post=17366"}],"curies":[{"name":"wp","href":"https:\/\/api.w.org\/{rel}","templated":true}]}}