{"id":17749,"date":"2024-12-27T21:09:42","date_gmt":"2024-12-27T22:09:42","guid":{"rendered":"https:\/\/guidetotheazores.pt\/product\/caminhada-e-mergulho-com-snorkel-com-um-local\/"},"modified":"2026-01-04T13:20:08","modified_gmt":"2026-01-04T14:20:08","slug":"caminhada-e-mergulho-com-snorkel-com-um-local","status":"publish","type":"product","link":"https:\/\/guidetotheazores.pt\/pt-pt\/produto\/caminhada-e-mergulho-com-snorkel-com-um-local\/","title":{"rendered":"Caminhada e mergulho com snorkel com um local"},"content":{"rendered":"<p>Bem-vindo a uma experi\u00eancia que vai agu\u00e7ar os teus sentidos, desafiar os teus limites e ligar-te \u00e0 natureza de uma forma \u00fanica.<\/p>\n<p>Est\u00e1s pronto para percorrer caminhos que levam a vistas deslumbrantes, ultrapassar obst\u00e1culos e criar mem\u00f3rias que durar\u00e3o para toda a vida? Bem-vindo ao meu itiner\u00e1rio de trekking!<\/p>\n<p>A nossa viagem come\u00e7a onde o asfalto acaba. Deixamos para tr\u00e1s o quotidiano e lan\u00e7amo-nos numa aventura que nos levar\u00e1 por paisagens deslumbrantes, florestas antigas e uma majestosa cascata.<\/p>\n<p>A cada passo, deixamos para tr\u00e1s o que nos \u00e9 familiar, abra\u00e7amos o desconhecido e abrimos espa\u00e7o para a descoberta!<\/p>\n<p>Este dia \u00e9pico termina numa praia vulc\u00e2nica onde poder\u00e1s ver a vida marinha desta ilha fazendo snorkeling \u00e0 volta de um recife subaqu\u00e1tico.<\/p>\n","protected":false},"excerpt":{"rendered":"<p>Vamos caminhar pela floresta mais bonita da ilha e nadar na praia vulc\u00e2nica mais selvagem.<\/p>\n","protected":false},"featured_media":17666,"comment_status":"open","ping_status":"closed","template":"","meta":{"_acf_changed":false},"product_brand":[],"product_cat":[19306,19314,539,541,548,556],"product_tag":[19324],"class_list":{"0":"post-17749","1":"product","2":"type-product","3":"status-publish","4":"has-post-thumbnail","6":"product_cat-sao-miguel-pt-pt","7":"product_cat-snorkeling-pt-pt","8":"product_cat-atividades-pt-pt","9":"product_cat-birdwatching-pt-pt","10":"product_cat-caminhadas","11":"product_cat-todas-as-ilhas","12":"product_tag-ilhasaomiguel","14":"first","15":"instock","16":"virtual","17":"sold-individually","18":"taxable","19":"purchasable","20":"product-type-phive_booking"},"acf":[],"_links":{"self":[{"href":"https:\/\/guidetotheazores.pt\/pt-pt\/wp-json\/wp\/v2\/product\/17749","targetHints":{"allow":["GET"]}}],"collection":[{"href":"https:\/\/guidetotheazores.pt\/pt-pt\/wp-json\/wp\/v2\/product"}],"about":[{"href":"https:\/\/guidetotheazores.pt\/pt-pt\/wp-json\/wp\/v2\/types\/product"}],"replies":[{"embeddable":true,"href":"https:\/\/guidetotheazores.pt\/pt-pt\/wp-json\/wp\/v2\/comments?post=17749"}],"wp:featuredmedia":[{"embeddable":true,"href":"https:\/\/guidetotheazores.pt\/pt-pt\/wp-json\/wp\/v2\/media\/17666"}],"wp:attachment":[{"href":"https:\/\/guidetotheazores.pt\/pt-pt\/wp-json\/wp\/v2\/media?parent=17749"}],"wp:term":[{"taxonomy":"product_brand","embeddable":true,"href":"https:\/\/guidetotheazores.pt\/pt-pt\/wp-json\/wp\/v2\/product_brand?post=17749"},{"taxonomy":"product_cat","embeddable":true,"href":"https:\/\/guidetotheazores.pt\/pt-pt\/wp-json\/wp\/v2\/product_cat?post=17749"},{"taxonomy":"product_tag","embeddable":true,"href":"https:\/\/guidetotheazores.pt\/pt-pt\/wp-json\/wp\/v2\/product_tag?post=17749"}],"curies":[{"name":"wp","href":"https:\/\/api.w.org\/{rel}","templated":true}]}}