{"id":17767,"date":"2024-12-30T16:33:07","date_gmt":"2024-12-30T17:33:07","guid":{"rendered":"https:\/\/guidetotheazores.pt\/product\/passeios-de-barco-a-vela-passeio-de-barco-a-vela-privado-de-dia-inteiro\/"},"modified":"2026-01-04T13:18:40","modified_gmt":"2026-01-04T14:18:40","slug":"passeios-de-barco-a-vela-passeio-de-barco-a-vela-privado-de-dia-inteiro","status":"publish","type":"product","link":"https:\/\/guidetotheazores.pt\/pt-pt\/produto\/passeios-de-barco-a-vela-passeio-de-barco-a-vela-privado-de-dia-inteiro\/","title":{"rendered":"Passeios de barco \u00e0 vela &#8211; Passeio de barco \u00e0 vela privado de dia inteiro"},"content":{"rendered":"<p>Passeio \u00e0 Vela Privado de Dia Inteiro (7 horas)<\/p>\n<p>Um passeio maravilhoso a bordo do nosso moderno e luxuoso veleiro de cerca de 22 milhas n\u00e1uticas que pode ser desfrutado entre as 10h e as 17h durante todo o dia.<\/p>\n<p>Durante este passeio navegaremos ao longo da costa sul da Ilha de S\u00e3o Miguel at\u00e9 ao ilh\u00e9u de Vila Franca do Campo, depois ancoraremos numa ba\u00eda ou praia para nadar, fazer snorkelling ou paddle boarding ou pode simplesmente relaxar enquanto desfruta da nossa fant\u00e1stica costa e aprecia a paisagem enquanto almo\u00e7a.<\/p>\n<p>(Almo\u00e7o a bordo com bebidas inclu\u00eddas)<\/p>\n","protected":false},"excerpt":{"rendered":"<p>Passeio \u00e0 vela privado de dia inteiro com almo\u00e7o a bordo<\/p>\n<p>Um passeio maravilhoso a bordo do nosso moderno e luxuoso veleiro de cerca de 22 milhas n\u00e1uticas que pode ser desfrutado entre as 10h e as 17h durante todo o dia.<\/p>\n<p>M\u00ednimo 1 pax \/ M\u00e1ximo 5 pax<\/p>\n","protected":false},"featured_media":17530,"comment_status":"open","ping_status":"closed","template":"","meta":{"_acf_changed":false},"product_brand":[],"product_cat":[19306,19314,539,556,550],"product_tag":[19324],"class_list":{"0":"post-17767","1":"product","2":"type-product","3":"status-publish","4":"has-post-thumbnail","6":"product_cat-sao-miguel-pt-pt","7":"product_cat-snorkeling-pt-pt","8":"product_cat-atividades-pt-pt","9":"product_cat-todas-as-ilhas","10":"product_cat-velejar","11":"product_tag-ilhasaomiguel","13":"first","14":"instock","15":"virtual","16":"sold-individually","17":"taxable","18":"purchasable","19":"product-type-phive_booking"},"acf":[],"_links":{"self":[{"href":"https:\/\/guidetotheazores.pt\/pt-pt\/wp-json\/wp\/v2\/product\/17767","targetHints":{"allow":["GET"]}}],"collection":[{"href":"https:\/\/guidetotheazores.pt\/pt-pt\/wp-json\/wp\/v2\/product"}],"about":[{"href":"https:\/\/guidetotheazores.pt\/pt-pt\/wp-json\/wp\/v2\/types\/product"}],"replies":[{"embeddable":true,"href":"https:\/\/guidetotheazores.pt\/pt-pt\/wp-json\/wp\/v2\/comments?post=17767"}],"wp:featuredmedia":[{"embeddable":true,"href":"https:\/\/guidetotheazores.pt\/pt-pt\/wp-json\/wp\/v2\/media\/17530"}],"wp:attachment":[{"href":"https:\/\/guidetotheazores.pt\/pt-pt\/wp-json\/wp\/v2\/media?parent=17767"}],"wp:term":[{"taxonomy":"product_brand","embeddable":true,"href":"https:\/\/guidetotheazores.pt\/pt-pt\/wp-json\/wp\/v2\/product_brand?post=17767"},{"taxonomy":"product_cat","embeddable":true,"href":"https:\/\/guidetotheazores.pt\/pt-pt\/wp-json\/wp\/v2\/product_cat?post=17767"},{"taxonomy":"product_tag","embeddable":true,"href":"https:\/\/guidetotheazores.pt\/pt-pt\/wp-json\/wp\/v2\/product_tag?post=17767"}],"curies":[{"name":"wp","href":"https:\/\/api.w.org\/{rel}","templated":true}]}}