{"id":17768,"date":"2024-12-30T16:41:45","date_gmt":"2024-12-30T17:41:45","guid":{"rendered":"https:\/\/guidetotheazores.pt\/product\/passeios-de-barco-a-vela-passeio-de-barco-a-vela-privado-de-meio-dia\/"},"modified":"2026-01-04T13:18:28","modified_gmt":"2026-01-04T14:18:28","slug":"passeios-de-barco-a-vela-passeio-de-barco-a-vela-privado-de-meio-dia","status":"publish","type":"product","link":"https:\/\/guidetotheazores.pt\/pt-pt\/produto\/passeios-de-barco-a-vela-passeio-de-barco-a-vela-privado-de-meio-dia\/","title":{"rendered":"Passeios de barco \u00e0 vela &#8211; Passeio de barco \u00e0 vela privado de meio dia"},"content":{"rendered":"<p>Com o nosso skipper a bordo, podes simplesmente navegar ao longo da costa sul da ilha de S\u00e3o Miguel sem preocupa\u00e7\u00f5es e apreciar a beleza da nossa paisagem costeira de uma outra perspetiva.<\/p>\n<p>Um maravilhoso passeio a bordo do nosso moderno e confort\u00e1vel veleiro, com uma dura\u00e7\u00e3o de cerca de 4 horas, que pode ser desfrutado entre as 9h e as 13h durante toda a manh\u00e3 ou entre as 14h e as 18h durante a tarde.<\/p>\n<p>Inclui alojamento e pequeno-almo\u00e7o e um menu de degusta\u00e7\u00e3o com produtos dos A\u00e7ores.<\/p>\n","protected":false},"excerpt":{"rendered":"<p>Passeio \u00e0 Vela Privado de Meio Dia com almo\u00e7o a bordo<\/p>\n<p>Um maravilhoso passeio a bordo do nosso moderno e confort\u00e1vel veleiro, com a dura\u00e7\u00e3o de cerca de 4 horas, que pode ser desfrutado entre as 9h e as 13h da manh\u00e3 ou entre as 14h e as 18h da tarde.<\/p>\n<p>Inclui alojamento e pequeno-almo\u00e7o e um menu de degusta\u00e7\u00e3o com produtos dos A\u00e7ores.<\/p>\n<p>M\u00ednimo 1 pax \/ M\u00e1ximo 5 pax<\/p>\n","protected":false},"featured_media":17575,"comment_status":"open","ping_status":"closed","template":"","meta":{"_acf_changed":false},"product_brand":[],"product_cat":[19306,539,556,550],"product_tag":[19324],"class_list":{"0":"post-17768","1":"product","2":"type-product","3":"status-publish","4":"has-post-thumbnail","6":"product_cat-sao-miguel-pt-pt","7":"product_cat-atividades-pt-pt","8":"product_cat-todas-as-ilhas","9":"product_cat-velejar","10":"product_tag-ilhasaomiguel","12":"first","13":"instock","14":"virtual","15":"sold-individually","16":"taxable","17":"purchasable","18":"product-type-phive_booking"},"acf":[],"_links":{"self":[{"href":"https:\/\/guidetotheazores.pt\/pt-pt\/wp-json\/wp\/v2\/product\/17768","targetHints":{"allow":["GET"]}}],"collection":[{"href":"https:\/\/guidetotheazores.pt\/pt-pt\/wp-json\/wp\/v2\/product"}],"about":[{"href":"https:\/\/guidetotheazores.pt\/pt-pt\/wp-json\/wp\/v2\/types\/product"}],"replies":[{"embeddable":true,"href":"https:\/\/guidetotheazores.pt\/pt-pt\/wp-json\/wp\/v2\/comments?post=17768"}],"wp:featuredmedia":[{"embeddable":true,"href":"https:\/\/guidetotheazores.pt\/pt-pt\/wp-json\/wp\/v2\/media\/17575"}],"wp:attachment":[{"href":"https:\/\/guidetotheazores.pt\/pt-pt\/wp-json\/wp\/v2\/media?parent=17768"}],"wp:term":[{"taxonomy":"product_brand","embeddable":true,"href":"https:\/\/guidetotheazores.pt\/pt-pt\/wp-json\/wp\/v2\/product_brand?post=17768"},{"taxonomy":"product_cat","embeddable":true,"href":"https:\/\/guidetotheazores.pt\/pt-pt\/wp-json\/wp\/v2\/product_cat?post=17768"},{"taxonomy":"product_tag","embeddable":true,"href":"https:\/\/guidetotheazores.pt\/pt-pt\/wp-json\/wp\/v2\/product_tag?post=17768"}],"curies":[{"name":"wp","href":"https:\/\/api.w.org\/{rel}","templated":true}]}}