{"id":17770,"date":"2024-12-30T16:15:03","date_gmt":"2024-12-30T17:15:03","guid":{"rendered":"https:\/\/guidetotheazores.pt\/product\/passeios-de-barco-a-vela-passeio-privado-de-barco-a-vela-ao-por-do-sol\/"},"modified":"2026-01-04T13:19:23","modified_gmt":"2026-01-04T14:19:23","slug":"passeios-de-barco-a-vela-passeio-privado-de-barco-a-vela-ao-por-do-sol","status":"publish","type":"product","link":"https:\/\/guidetotheazores.pt\/pt-pt\/produto\/passeios-de-barco-a-vela-passeio-privado-de-barco-a-vela-ao-por-do-sol\/","title":{"rendered":"Passeios de barco \u00e0 vela &#8211; Passeio privado de barco \u00e0 vela ao p\u00f4r do sol"},"content":{"rendered":"<p>Passeio \u00e0 vela privado ao p\u00f4r do sol<\/p>\n<p>Desfruta de uma memor\u00e1vel navega\u00e7\u00e3o de 2,5 horas ao fim da tarde, apreciando a beleza do p\u00f4r do sol como nunca o viste antes, em comunh\u00e3o com a vela.<\/p>\n<p>No regresso, poder\u00e1s ver a ilha ao anoitecer de uma perspetiva diferente. Uma viagem que certamente te permitir\u00e1 regressar a terra com imagens \u00fanicas e memor\u00e1veis.<\/p>\n<p>Inclui bebidas e um menu de degusta\u00e7\u00e3o com produtos dos A\u00e7ores.<\/p>\n<p>Hor\u00e1rio normal &#8211; das 18h30 \u00e0s 21h00 (a hora de in\u00edcio pode ser ajustada em fun\u00e7\u00e3o da hora do p\u00f4r do sol)<\/p>\n","protected":false},"excerpt":{"rendered":"<p>Passeio \u00e0 vela privado ao p\u00f4r do sol<\/p>\n<p>Desfruta de uma memor\u00e1vel navega\u00e7\u00e3o de 2,5 horas ao fim da tarde, apreciando a beleza do p\u00f4r do sol como nunca o viste antes, em comunh\u00e3o com a vela. Inclui bebidas e um menu de degusta\u00e7\u00e3o com produtos dos A\u00e7ores.<\/p>\n<p>Hor\u00e1rio normal &#8211; das 18h30 \u00e0s 21h00 (a hora de in\u00edcio pode ser ajustada em fun\u00e7\u00e3o da hora do p\u00f4r do sol)<\/p>\n<p>M\u00ednimo 1 pax \/ M\u00e1ximo 5 pax<\/p>\n","protected":false},"featured_media":17629,"comment_status":"open","ping_status":"closed","template":"","meta":{"_acf_changed":false},"product_brand":[],"product_cat":[19306,539,556,550],"product_tag":[19324],"class_list":{"0":"post-17770","1":"product","2":"type-product","3":"status-publish","4":"has-post-thumbnail","6":"product_cat-sao-miguel-pt-pt","7":"product_cat-atividades-pt-pt","8":"product_cat-todas-as-ilhas","9":"product_cat-velejar","10":"product_tag-ilhasaomiguel","12":"first","13":"instock","14":"virtual","15":"sold-individually","16":"taxable","17":"purchasable","18":"product-type-phive_booking"},"acf":[],"_links":{"self":[{"href":"https:\/\/guidetotheazores.pt\/pt-pt\/wp-json\/wp\/v2\/product\/17770","targetHints":{"allow":["GET"]}}],"collection":[{"href":"https:\/\/guidetotheazores.pt\/pt-pt\/wp-json\/wp\/v2\/product"}],"about":[{"href":"https:\/\/guidetotheazores.pt\/pt-pt\/wp-json\/wp\/v2\/types\/product"}],"replies":[{"embeddable":true,"href":"https:\/\/guidetotheazores.pt\/pt-pt\/wp-json\/wp\/v2\/comments?post=17770"}],"wp:featuredmedia":[{"embeddable":true,"href":"https:\/\/guidetotheazores.pt\/pt-pt\/wp-json\/wp\/v2\/media\/17629"}],"wp:attachment":[{"href":"https:\/\/guidetotheazores.pt\/pt-pt\/wp-json\/wp\/v2\/media?parent=17770"}],"wp:term":[{"taxonomy":"product_brand","embeddable":true,"href":"https:\/\/guidetotheazores.pt\/pt-pt\/wp-json\/wp\/v2\/product_brand?post=17770"},{"taxonomy":"product_cat","embeddable":true,"href":"https:\/\/guidetotheazores.pt\/pt-pt\/wp-json\/wp\/v2\/product_cat?post=17770"},{"taxonomy":"product_tag","embeddable":true,"href":"https:\/\/guidetotheazores.pt\/pt-pt\/wp-json\/wp\/v2\/product_tag?post=17770"}],"curies":[{"name":"wp","href":"https:\/\/api.w.org\/{rel}","templated":true}]}}