{"id":17900,"date":"2025-01-03T14:49:49","date_gmt":"2025-01-03T15:49:49","guid":{"rendered":"https:\/\/guidetotheazores.pt\/product\/excursao-de-dia-inteiro-ao-vale-das-furnas-com-um-local\/"},"modified":"2026-01-04T13:18:01","modified_gmt":"2026-01-04T14:18:01","slug":"excursao-de-dia-inteiro-ao-vale-das-furnas-com-um-local","status":"publish","type":"product","link":"https:\/\/guidetotheazores.pt\/pt-pt\/produto\/excursao-de-dia-inteiro-ao-vale-das-furnas-com-um-local\/","title":{"rendered":"Excurs\u00e3o de dia inteiro ao Vale das Furnas com um local"},"content":{"rendered":"<p>Neste passeio, exclusivamente privado, estar\u00e1s em contacto com a natureza numa experi\u00eancia \u00fanica num vulc\u00e3o ativo.<\/p>\n<p>Durante este passeio \u00e0s Furnas, vou oferecer uma combina\u00e7\u00e3o \u00fanica de actividades geot\u00e9rmicas, beleza natural, cultura local e relaxamento, tornando-o um destino atrativo para os visitantes que querem experimentar algo diferente e aut\u00eantico com um guia local.<\/p>\n<p>Visitaremos tamb\u00e9m a \u00fanica e bela planta\u00e7\u00e3o de ch\u00e1 da Europa, &#8220;A Planta\u00e7\u00e3o de Ch\u00e1 da Gorreana&#8221;.<\/p>\n<p>Recolha no teu hotel ou alojamento<\/p>\n","protected":false},"excerpt":{"rendered":"<p>Descobre uma das mais emblem\u00e1ticas Vilas dos A\u00e7ores onde a atividade vulc\u00e2nica se ergue das montanhas<\/p>\n<p>Nesta excurs\u00e3o, exclusivamente privada, estar\u00e1s em contacto com a natureza numa experi\u00eancia \u00fanica sobre um vulc\u00e3o ativo.<\/p>\n<p>Durante esta viagem \u00e0s Furnas, vou oferecer uma combina\u00e7\u00e3o \u00fanica de actividades geot\u00e9rmicas, beleza natural, cultura local e relaxamento, tornando-a um destino atrativo para os visitantes que querem experimentar algo diferente e aut\u00eantico com um guia local.<\/p>\n<p>Visita tamb\u00e9m a \u00fanica e bela planta\u00e7\u00e3o de ch\u00e1 da Europa, &#8220;A Planta\u00e7\u00e3o de Ch\u00e1 da Gorreana&#8221;.<\/p>\n<p>Recolha no teu hotel ou alojamento<\/p>\n","protected":false},"featured_media":17841,"comment_status":"open","ping_status":"closed","template":"","meta":{"_acf_changed":false},"product_brand":[],"product_cat":[19306,539,556,547],"product_tag":[19324],"class_list":{"0":"post-17900","1":"product","2":"type-product","3":"status-publish","4":"has-post-thumbnail","6":"product_cat-sao-miguel-pt-pt","7":"product_cat-atividades-pt-pt","8":"product_cat-todas-as-ilhas","9":"product_cat-visitas-guiadas","10":"product_tag-ilhasaomiguel","12":"first","13":"instock","14":"virtual","15":"sold-individually","16":"taxable","17":"purchasable","18":"product-type-phive_booking"},"acf":[],"_links":{"self":[{"href":"https:\/\/guidetotheazores.pt\/pt-pt\/wp-json\/wp\/v2\/product\/17900","targetHints":{"allow":["GET"]}}],"collection":[{"href":"https:\/\/guidetotheazores.pt\/pt-pt\/wp-json\/wp\/v2\/product"}],"about":[{"href":"https:\/\/guidetotheazores.pt\/pt-pt\/wp-json\/wp\/v2\/types\/product"}],"replies":[{"embeddable":true,"href":"https:\/\/guidetotheazores.pt\/pt-pt\/wp-json\/wp\/v2\/comments?post=17900"}],"wp:featuredmedia":[{"embeddable":true,"href":"https:\/\/guidetotheazores.pt\/pt-pt\/wp-json\/wp\/v2\/media\/17841"}],"wp:attachment":[{"href":"https:\/\/guidetotheazores.pt\/pt-pt\/wp-json\/wp\/v2\/media?parent=17900"}],"wp:term":[{"taxonomy":"product_brand","embeddable":true,"href":"https:\/\/guidetotheazores.pt\/pt-pt\/wp-json\/wp\/v2\/product_brand?post=17900"},{"taxonomy":"product_cat","embeddable":true,"href":"https:\/\/guidetotheazores.pt\/pt-pt\/wp-json\/wp\/v2\/product_cat?post=17900"},{"taxonomy":"product_tag","embeddable":true,"href":"https:\/\/guidetotheazores.pt\/pt-pt\/wp-json\/wp\/v2\/product_tag?post=17900"}],"curies":[{"name":"wp","href":"https:\/\/api.w.org\/{rel}","templated":true}]}}