{"id":18028,"date":"2025-01-07T17:39:50","date_gmt":"2025-01-07T18:39:50","guid":{"rendered":"https:\/\/guidetotheazores.pt\/product\/visita-guiada-as-lagoas-misticas-das-7-cidades-e-lagoa-do-fogo-com-transporte-privado\/"},"modified":"2026-01-04T13:17:39","modified_gmt":"2026-01-04T14:17:39","slug":"visita-guiada-as-lagoas-misticas-das-7-cidades-e-lagoa-do-fogo-com-transporte-privado","status":"publish","type":"product","link":"https:\/\/guidetotheazores.pt\/pt-pt\/produto\/visita-guiada-as-lagoas-misticas-das-7-cidades-e-lagoa-do-fogo-com-transporte-privado\/","title":{"rendered":"Visita guiada \u00e0s Lagoas M\u00edsticas das 7 Cidades e Lagoa do Fogo com transporte privado"},"content":{"rendered":"<p>Melhora as tuas f\u00e9rias nos A\u00e7ores com um toque de aventura embarcando numa excurs\u00e3o privada \u00e0s Sete Cidades.<\/p>\n<p>Saindo do caminho tradicional, esta viagem na Lagoa do Fogo promete explorar uma das mais cativantes Sete Maravilhas de Portugal. Aventura-te no cora\u00e7\u00e3o de uma regi\u00e3o onde as crateras vulc\u00e2nicas deram origem a uma infinidade de lagos, rodeados por uma vegeta\u00e7\u00e3o vibrante, cada um com o seu pr\u00f3prio encanto. Desde o encantador Lago Santiago at\u00e9 \u00e0s ic\u00f3nicas \u00e1guas azuis e verdes dos Lagos G\u00e9meos, prepara-te para um banquete visual que n\u00e3o tem compara\u00e7\u00e3o.<\/p>\n<p>Leva a tua m\u00e1quina fotogr\u00e1fica para imortalizar o esplendor intocado deste reino terrestre imaculado. A tua expedi\u00e7\u00e3o ao cora\u00e7\u00e3o da natureza selvagem dos A\u00e7ores promete ser uma experi\u00eancia inigual\u00e1vel, pois vais pisar onde poucos se aventuraram antes.<\/p>\n","protected":false},"excerpt":{"rendered":"<p>Partilha as mais belas experi\u00eancias numa das 7 maravilhas de Portugal<\/p>\n","protected":false},"featured_media":17976,"comment_status":"open","ping_status":"closed","template":"","meta":{"_acf_changed":false},"product_brand":[],"product_cat":[19306,19314,539,548,545,556,547],"product_tag":[19324],"class_list":{"0":"post-18028","1":"product","2":"type-product","3":"status-publish","4":"has-post-thumbnail","6":"product_cat-sao-miguel-pt-pt","7":"product_cat-snorkeling-pt-pt","8":"product_cat-atividades-pt-pt","9":"product_cat-caminhadas","10":"product_cat-geotourism-pt-pt","11":"product_cat-todas-as-ilhas","12":"product_cat-visitas-guiadas","13":"product_tag-ilhasaomiguel","15":"first","16":"instock","17":"virtual","18":"sold-individually","19":"taxable","20":"purchasable","21":"product-type-phive_booking"},"acf":[],"_links":{"self":[{"href":"https:\/\/guidetotheazores.pt\/pt-pt\/wp-json\/wp\/v2\/product\/18028","targetHints":{"allow":["GET"]}}],"collection":[{"href":"https:\/\/guidetotheazores.pt\/pt-pt\/wp-json\/wp\/v2\/product"}],"about":[{"href":"https:\/\/guidetotheazores.pt\/pt-pt\/wp-json\/wp\/v2\/types\/product"}],"replies":[{"embeddable":true,"href":"https:\/\/guidetotheazores.pt\/pt-pt\/wp-json\/wp\/v2\/comments?post=18028"}],"wp:featuredmedia":[{"embeddable":true,"href":"https:\/\/guidetotheazores.pt\/pt-pt\/wp-json\/wp\/v2\/media\/17976"}],"wp:attachment":[{"href":"https:\/\/guidetotheazores.pt\/pt-pt\/wp-json\/wp\/v2\/media?parent=18028"}],"wp:term":[{"taxonomy":"product_brand","embeddable":true,"href":"https:\/\/guidetotheazores.pt\/pt-pt\/wp-json\/wp\/v2\/product_brand?post=18028"},{"taxonomy":"product_cat","embeddable":true,"href":"https:\/\/guidetotheazores.pt\/pt-pt\/wp-json\/wp\/v2\/product_cat?post=18028"},{"taxonomy":"product_tag","embeddable":true,"href":"https:\/\/guidetotheazores.pt\/pt-pt\/wp-json\/wp\/v2\/product_tag?post=18028"}],"curies":[{"name":"wp","href":"https:\/\/api.w.org\/{rel}","templated":true}]}}