{"id":18179,"date":"2025-01-20T14:35:21","date_gmt":"2025-01-20T15:35:21","guid":{"rendered":"https:\/\/guidetotheazores.pt\/?post_type=product&#038;p=18179"},"modified":"2026-02-06T11:46:00","modified_gmt":"2026-02-06T12:46:00","slug":"dia-inteiro-trilho-baias-da-agualva-piquenique-biscoitos","status":"publish","type":"product","link":"https:\/\/guidetotheazores.pt\/pt-pt\/produto\/dia-inteiro-trilho-baias-da-agualva-piquenique-biscoitos\/","title":{"rendered":"Ilha Terceira: Trilho Ba\u00edas da Agualva + Piquenique + Biscoitos"},"content":{"rendered":"<h2>Trilho pedestre Baias da Agualva &#8211; Paraiso Escondido com picnic no parque das frechas e Piscinas naturais do Biscoitos.<\/h2>\n<p>Inclui: 8 horas (aprox.) \u2022 Picnic \u2022 Pick up &amp; Drop off* \u2022 Portugu\u00eas, Ingl\u00eas e Fran\u00e7\u00eas \u2022 Minibus\/Minivan<\/p>\n<h3>Informa\u00e7\u00e3o Trilho:<\/h3>\n<p>Categoria: Linear<br \/>\nDificuldade: F\u00e1cil<br \/>\nExtin\u00e7\u00e3o: 3.8km<br \/>\nDura\u00e7\u00e3o approx: 2h30<\/p>\n<h2>Descri\u00e7\u00e3o<\/h2>\n<p><span data-olk-copy-source=\"MessageBody\">Experimente uma viagem inesquec\u00edvel na deslumbrante Ilha Terceira com o nosso produto especial concebido para criar mem\u00f3rias que durar\u00e3o toda a vida!<\/span><\/p>\n<p>Comece a sua aventura com o deslumbrante Trilho das Baias da Agualva.\u00a0Rodeada por paisagens costeiras, escarpas e flora end\u00e9mica.<\/p>\n<p>Depois de completar o trilho, entregue-se a um delicioso piquenique no Parque das Frechas, onde poder\u00e1 saborear os sabores aut\u00eanticos que a ilha oferece.<\/p>\n<p>Para terminar este dia perfeito, ter\u00e1 a incr\u00edvel oportunidade de mergulhar nas piscinas naturais dos Biscoitos.<\/p>\n<h2>O que \u00e9 que est\u00e1 inclu\u00eddo?<\/h2>\n<ul>\n<li>Picnic: Degusta\u00e7\u00e3o de produtos regionais;<\/li>\n<li>Transporte de e para o trilho;<\/li>\n<li>Motorista\/Guia certificado profissional;<\/li>\n<li>Seguro de Responsabilidade civil;<\/li>\n<li>Seguro de acidentes pessoais;<\/li>\n<li>*Pick up e drop off em Hot\u00e9is e alojamentos perto do centro de Angra do Hero\u00edsmo. Fora desta \u00e1rea, \u00e9 poss\u00edvel mas aplica-se uma taxa extra.<\/li>\n<\/ul>\n<h2>O que deve ter em aten\u00e7\u00e3o?<\/h2>\n<ul>\n<li>M\u00ednimo 2 pessoas;<\/li>\n<li>Crian\u00e7as de 6 a 10 anos desconto de 50%;<\/li>\n<li>Crian\u00e7as de at\u00e9 aos 5 anos gratuito;<\/li>\n<li>Usar cal\u00e7ado adequado;<\/li>\n<li>Trazer \u00e1gua e protetor solar;<\/li>\n<li>Casaco de chuva ou corta vento;<\/li>\n<li>Alertar em caso de ter restri\u00e7\u00f5es alimentares.<\/li>\n<\/ul>\n<h2>Cancelamentos<\/h2>\n<p><!-- x-tinymce\/html --><\/p>\n<p>Os clientes receber\u00e3o um reembolso total ou cr\u00e9dito caso o cancelamento seja efectuado at\u00e9 24 horas antes do in\u00edcio da actividade. Entre em contacto conosco se tiver alguma d\u00favida acerca das possibilidades de cancelamento e reembolso. Em caso de n\u00e3o compar\u00eancia ser\u00e1 cobrado o valor total.<\/p>\n","protected":false},"excerpt":{"rendered":"<p>Comece com a deslumbrante Trilha das Ba\u00edas de Agualva de tirar o f\u00f4lego. Relaxe com um piquenique no Parque das Frechas. Termine com um mergulho refrescante nas piscinas naturais vulc\u00e2nicas dos Biscoitos<\/p>\n","protected":false},"featured_media":18113,"comment_status":"open","ping_status":"closed","template":"","meta":{"_acf_changed":false},"product_brand":[],"product_cat":[341,443,539,349,411,345,19259],"product_tag":[],"class_list":{"0":"post-18179","1":"product","2":"type-product","3":"status-publish","4":"has-post-thumbnail","6":"product_cat-activities","7":"product_cat-all-islands","8":"product_cat-atividades-pt-pt","9":"product_cat-geotourism","10":"product_cat-guided-tours","11":"product_cat-hiking","12":"product_cat-terceira","14":"first","15":"instock","16":"virtual","17":"sold-individually","18":"taxable","19":"purchasable","20":"product-type-phive_booking"},"acf":[],"_links":{"self":[{"href":"https:\/\/guidetotheazores.pt\/pt-pt\/wp-json\/wp\/v2\/product\/18179","targetHints":{"allow":["GET"]}}],"collection":[{"href":"https:\/\/guidetotheazores.pt\/pt-pt\/wp-json\/wp\/v2\/product"}],"about":[{"href":"https:\/\/guidetotheazores.pt\/pt-pt\/wp-json\/wp\/v2\/types\/product"}],"replies":[{"embeddable":true,"href":"https:\/\/guidetotheazores.pt\/pt-pt\/wp-json\/wp\/v2\/comments?post=18179"}],"wp:featuredmedia":[{"embeddable":true,"href":"https:\/\/guidetotheazores.pt\/pt-pt\/wp-json\/wp\/v2\/media\/18113"}],"wp:attachment":[{"href":"https:\/\/guidetotheazores.pt\/pt-pt\/wp-json\/wp\/v2\/media?parent=18179"}],"wp:term":[{"taxonomy":"product_brand","embeddable":true,"href":"https:\/\/guidetotheazores.pt\/pt-pt\/wp-json\/wp\/v2\/product_brand?post=18179"},{"taxonomy":"product_cat","embeddable":true,"href":"https:\/\/guidetotheazores.pt\/pt-pt\/wp-json\/wp\/v2\/product_cat?post=18179"},{"taxonomy":"product_tag","embeddable":true,"href":"https:\/\/guidetotheazores.pt\/pt-pt\/wp-json\/wp\/v2\/product_tag?post=18179"}],"curies":[{"name":"wp","href":"https:\/\/api.w.org\/{rel}","templated":true}]}}