{"id":18181,"date":"2025-01-20T14:38:46","date_gmt":"2025-01-20T15:38:46","guid":{"rendered":"https:\/\/guidetotheazores.pt\/?post_type=product&#038;p=18181"},"modified":"2026-02-06T11:39:51","modified_gmt":"2026-02-06T12:39:51","slug":"dia-inteiro-trilho-misterios-negros-misterio-novo-picnic","status":"publish","type":"product","link":"https:\/\/guidetotheazores.pt\/pt-pt\/produto\/dia-inteiro-trilho-misterios-negros-misterio-novo-picnic\/","title":{"rendered":"Ilha Terceira: Trilho dos Mist\u00e9rios Negros + Piquenique + Biscoitos"},"content":{"rendered":"<h2><!-- x-tinymce\/html --><\/h2>\n<p data-start=\"203\" data-end=\"229\"><strong data-start=\"203\" data-end=\"229\">Informa\u00e7\u00f5es do Trilho:<\/strong><\/p>\n<p data-start=\"231\" data-end=\"312\">Categoria \u2013 Circular<br data-start=\"251\" data-end=\"254\" \/>Dificuldade \u2013 Dif\u00edcil<br data-start=\"275\" data-end=\"278\" \/>Extens\u00e3o \u2013 4,9 km<\/p>\n<p data-start=\"231\" data-end=\"312\"><strong>Descri\u00e7\u00e3o:<\/strong><\/p>\n<p data-start=\"314\" data-end=\"672\">Viva um dia inesquec\u00edvel ao longo do Trilho dos Mist\u00e9rios Negros. Durante esta caminhada, ir\u00e1 explorar paisagens vulc\u00e2nicas e as singulares \u201cflorestas de nevoeiro\u201d dos A\u00e7ores, enquanto aprecia vistas impressionantes. Tamb\u00e9m desfrutaremos de um delicioso piquenique com produtos regionais, no local perfeito para relaxar e apreciar a natureza envolvente.<\/p>\n<p data-start=\"674\" data-end=\"803\">Para continuar a aventura, ter\u00e1 ainda a oportunidade de nadar em piscinas naturais formadas por lava, na freguesia dos Biscoitos.<\/p>\n<p data-start=\"805\" data-end=\"875\">Uma experi\u00eancia completa que combina aventura, sabor e beleza natural!<\/p>\n<p data-start=\"198\" data-end=\"224\"><strong data-start=\"198\" data-end=\"222\">O que est\u00e1 inclu\u00eddo?<\/strong><\/p>\n<ul data-start=\"225\" data-end=\"565\">\n<li data-start=\"225\" data-end=\"269\">\n<p data-start=\"227\" data-end=\"269\">Piquenique: Prova de produtos regionais;<\/p>\n<\/li>\n<li data-start=\"270\" data-end=\"304\">\n<p data-start=\"272\" data-end=\"304\">Transporte de e para o trilho;<\/p>\n<\/li>\n<li data-start=\"305\" data-end=\"349\">\n<p data-start=\"307\" data-end=\"349\">Motorista\/guia profissional certificado;<\/p>\n<\/li>\n<li data-start=\"350\" data-end=\"387\">\n<p data-start=\"352\" data-end=\"387\">Seguro de responsabilidade civil;<\/p>\n<\/li>\n<li data-start=\"388\" data-end=\"421\">\n<p data-start=\"390\" data-end=\"421\">Seguro de acidentes pessoais;<\/p>\n<\/li>\n<li data-start=\"422\" data-end=\"565\">\n<p data-start=\"424\" data-end=\"565\"><em data-start=\"424\" data-end=\"563\">Pick-up e drop-off em hot\u00e9is e alojamentos pr\u00f3ximos do centro de Angra do Hero\u00edsmo. Fora desta \u00e1rea, \u00e9 poss\u00edvel, mas com custo adicional.<\/em><\/p>\n<\/li>\n<\/ul>\n<p data-start=\"567\" data-end=\"599\"><strong data-start=\"567\" data-end=\"597\">O que deve ter em aten\u00e7\u00e3o?<\/strong><\/p>\n<p data-start=\"805\" data-end=\"875\"><!-- x-tinymce\/html --><\/p>\n<ul data-start=\"600\" data-end=\"853\">\n<li data-start=\"600\" data-end=\"624\">\n<p data-start=\"602\" data-end=\"624\">M\u00ednimo de 2 pessoas;<\/p>\n<\/li>\n<li data-start=\"625\" data-end=\"673\">\n<p data-start=\"627\" data-end=\"673\">Crian\u00e7as entre 6 e 12 anos: 50% de desconto;<\/p>\n<\/li>\n<li data-start=\"674\" data-end=\"708\">\n<p data-start=\"676\" data-end=\"708\">Crian\u00e7as at\u00e9 5 anos: gratuito;<\/p>\n<\/li>\n<li data-start=\"709\" data-end=\"735\">\n<p data-start=\"711\" data-end=\"735\">Usar cal\u00e7ado adequado;<\/p>\n<\/li>\n<li data-start=\"736\" data-end=\"768\">\n<p data-start=\"738\" data-end=\"768\">Levar \u00e1gua e protetor solar;<\/p>\n<\/li>\n<li data-start=\"769\" data-end=\"807\">\n<p data-start=\"771\" data-end=\"807\">Casaco imperme\u00e1vel ou corta-vento;<\/p>\n<\/li>\n<li data-start=\"808\" data-end=\"853\">\n<p data-start=\"810\" data-end=\"853\">Informar se tiver restri\u00e7\u00f5es alimentares.<\/p>\n<\/li>\n<\/ul>\n","protected":false},"excerpt":{"rendered":"<p>No Trilho dos Mist\u00e9rios Negros, ir\u00e1 explorar paisagens vulc\u00e2nicas, florestas de nuvens e vistas deslumbrantes. Desfrute de um piquenique regional e continue a aventura at\u00e9 \u00e0s deslumbrantes piscinas naturais dos Biscoitos!<\/p>\n","protected":false},"featured_media":18128,"comment_status":"open","ping_status":"closed","template":"","meta":{"_acf_changed":false},"product_brand":[],"product_cat":[539],"product_tag":[],"class_list":{"0":"post-18181","1":"product","2":"type-product","3":"status-publish","4":"has-post-thumbnail","6":"product_cat-atividades-pt-pt","8":"first","9":"instock","10":"virtual","11":"sold-individually","12":"taxable","13":"purchasable","14":"product-type-phive_booking"},"acf":[],"_links":{"self":[{"href":"https:\/\/guidetotheazores.pt\/pt-pt\/wp-json\/wp\/v2\/product\/18181","targetHints":{"allow":["GET"]}}],"collection":[{"href":"https:\/\/guidetotheazores.pt\/pt-pt\/wp-json\/wp\/v2\/product"}],"about":[{"href":"https:\/\/guidetotheazores.pt\/pt-pt\/wp-json\/wp\/v2\/types\/product"}],"replies":[{"embeddable":true,"href":"https:\/\/guidetotheazores.pt\/pt-pt\/wp-json\/wp\/v2\/comments?post=18181"}],"wp:featuredmedia":[{"embeddable":true,"href":"https:\/\/guidetotheazores.pt\/pt-pt\/wp-json\/wp\/v2\/media\/18128"}],"wp:attachment":[{"href":"https:\/\/guidetotheazores.pt\/pt-pt\/wp-json\/wp\/v2\/media?parent=18181"}],"wp:term":[{"taxonomy":"product_brand","embeddable":true,"href":"https:\/\/guidetotheazores.pt\/pt-pt\/wp-json\/wp\/v2\/product_brand?post=18181"},{"taxonomy":"product_cat","embeddable":true,"href":"https:\/\/guidetotheazores.pt\/pt-pt\/wp-json\/wp\/v2\/product_cat?post=18181"},{"taxonomy":"product_tag","embeddable":true,"href":"https:\/\/guidetotheazores.pt\/pt-pt\/wp-json\/wp\/v2\/product_tag?post=18181"}],"curies":[{"name":"wp","href":"https:\/\/api.w.org\/{rel}","templated":true}]}}