{"id":18222,"date":"2024-08-21T15:25:28","date_gmt":"2024-08-21T16:25:28","guid":{"rendered":"https:\/\/guidetotheazores.pt\/product\/meio-dia-angra-do-heroismo-passeio-a-pe-pela-cidade-incluindo-entradas-e-provas\/"},"modified":"2026-01-04T13:21:37","modified_gmt":"2026-01-04T14:21:37","slug":"meio-dia-angra-do-heroismo-passeio-a-pe-pela-cidade-incluindo-entradas-e-provas","status":"publish","type":"product","link":"https:\/\/guidetotheazores.pt\/pt-pt\/produto\/meio-dia-angra-do-heroismo-passeio-a-pe-pela-cidade-incluindo-entradas-e-provas\/","title":{"rendered":"Excurs\u00e3o de meio dia: Angra do Hero\u00edsmo: Passeio a p\u00e9 pela cidade"},"content":{"rendered":"<p class=\"MsoNormal\" style=\"text-align: justify\"><b><span lang=\"EN-US\" style=\"font-size: 16.0pt;line-height: 115%;font-family: 'Arial',sans-serif\">Excurs\u00e3o de meio dia: Angra do Hero\u00edsmo: Passeio a p\u00e9 pela cidade<\/span><\/b><\/p>\n<p class=\"MsoNormal\" style=\"text-align: justify\"><span lang=\"EN-US\" style=\"font-family: 'Arial',sans-serif\">Inclui: 3 horas (aprox.) &#8211; Pick up &amp; Drop off* &#8211; Portugu\u00eas, Ingl\u00eas e Espanhol &#8211; Minibus\/Minivan<\/span><\/p>\n<p class=\"MsoNormal\" style=\"text-align: justify\"><b><span lang=\"EN-US\" style=\"font-family: 'Arial',sans-serif\">Parte:<\/span><\/b><\/p>\n<p class=\"MsoNormal\" style=\"text-align: justify\"><span lang=\"EN-US\" style=\"font-family: 'Arial',sans-serif\">Hora: 09h00<\/span><\/p>\n<p class=\"MsoNormal\" style=\"text-align: justify\"><b><span lang=\"EN-US\" style=\"font-family: 'Arial',sans-serif\">Chega:<\/span><\/b><\/p>\n<p class=\"MsoNormal\" style=\"text-align: justify\"><span lang=\"EN-US\" style=\"font-family: 'Arial',sans-serif\">Hora: 12h00 PM<\/span><\/p>\n<p class=\"MsoNormal\" style=\"text-align: justify\"><b><span lang=\"EN-US\" style=\"font-family: 'Arial',sans-serif\">Dificuldade<\/span><\/b><\/p>\n<p class=\"MsoNormal\" style=\"text-align: justify\"><span lang=\"EN-US\" style=\"font-family: 'Arial',sans-serif\">\u00c9 f\u00e1cil<\/span><\/p>\n<p class=\"MsoNormal\" style=\"text-align: justify\"><b><span lang=\"EN-US\" style=\"font-family: 'Arial',sans-serif\">Descri\u00e7\u00e3o<\/span><\/b><\/p>\n<p class=\"MsoNormal\" style=\"text-align: justify\"><span lang=\"EN-US\" style=\"font-family: 'Arial',sans-serif\">Descobre a hist\u00f3ria e a beleza de Angra do Hero\u00edsmo, cidade Patrim\u00f3nio Mundial da UNESCO, num passeio a p\u00e9 pelos seus locais mais emblem\u00e1ticos.<b> <\/b><\/span><\/p>\n<p class=\"MsoNormal\" style=\"text-align: justify\"><span lang=\"EN-US\" style=\"font-family: 'Arial',sans-serif\">O percurso come\u00e7a no Alto das Covas e desce pela Rua da S\u00e9 em dire\u00e7\u00e3o \u00e0 Catedral dos A\u00e7ores, a S\u00e9 Catedral.  <b> <\/b><\/span><\/p>\n<p class=\"MsoNormal\" style=\"text-align: justify\"><span lang=\"EN-US\" style=\"font-family: 'Arial',sans-serif\">Continuamos em dire\u00e7\u00e3o ao Teatro Angrense, e a pr\u00f3xima visita \u00e9 ao Pal\u00e1cio dos Capit\u00e3es-Generais, explorando este edif\u00edcio cheio de hist\u00f3ria.<b> <\/b><\/span><\/p>\n<p class=\"MsoNormal\" style=\"text-align: justify\"><span lang=\"EN-US\" style=\"font-family: 'Arial',sans-serif\">Continua o passeio pelo encantador Jardim Duque da Terceira, passando pela Pra\u00e7a Velha, terminando o passeio no P\u00e1tio da Alf\u00e2ndega, onde se encontra a est\u00e1tua de Vasco da Gama, com uma vista deslumbrante para a ba\u00eda de Angra do Hero\u00edsmo.<b><\/b><\/span><\/p>\n<ul style=\"margin-top: 0cm\" type=\"disc\">\n<li class=\"MsoNormal\" style=\"text-align: justify\"><span style=\"font-family: 'Arial',sans-serif\">Catedral da S\u00e9<b><\/b><\/span><\/li>\n<\/ul>\n<ul style=\"margin-top: 0cm\" type=\"disc\">\n<li class=\"MsoNormal\" style=\"text-align: justify\"><span style=\"font-family: 'Arial',sans-serif\">Teatro Angrense<b> <\/b><\/span><\/li>\n<\/ul>\n<ul style=\"margin-top: 0cm\" type=\"disc\">\n<li class=\"MsoNormal\" style=\"text-align: justify\"><span style=\"font-family: 'Arial',sans-serif\">Pal\u00e1cio dos Capit\u00e3es-Generais<b><\/b><\/span><\/li>\n<\/ul>\n<ul style=\"margin-top: 0cm\" type=\"disc\">\n<li class=\"MsoNormal\" style=\"text-align: justify\"><span style=\"font-family: 'Arial',sans-serif\">Jardim Duque da Terceira<b> <\/b><\/span><\/li>\n<\/ul>\n<ul style=\"margin-top: 0cm\" type=\"disc\">\n<li class=\"MsoNormal\" style=\"text-align: justify\"><span style=\"font-family: 'Arial',sans-serif\">Pra\u00e7a Velha (C\u00e2mara Municipal)<b> <\/b><\/span><\/li>\n<\/ul>\n<ul style=\"margin-top: 0cm\" type=\"disc\">\n<li class=\"MsoNormal\" style=\"text-align: justify\"><span style=\"font-family: 'Arial',sans-serif\">P\u00e1tio da Alf\u00e2ndega (Est\u00e1tua de Vasco da Gama)<b><\/b><\/span><\/li>\n<\/ul>\n<p class=\"MsoNormal\" style=\"text-align: justify\"><b><span style=\"font-family: 'Arial',sans-serif\">O que \u00e9 que inclui?<\/span><\/b><\/p>\n<ul style=\"margin-top: 0cm\" type=\"disc\">\n<li class=\"MsoNormal\" style=\"text-align: justify\"><span lang=\"EN-US\" style=\"font-family: 'Arial',sans-serif\">Entrada da S\u00e9 Catedral;<\/span><\/li>\n<li class=\"MsoNormal\" style=\"text-align: justify\"><span lang=\"EN-US\" style=\"font-family: 'Arial',sans-serif\">Entrada do Pal\u00e1cio dos Capit\u00e3es Generais;<\/span><\/li>\n<li class=\"MsoNormal\" style=\"text-align: justify\"><span style=\"font-family: 'Arial',sans-serif\">Condutor\/guia profissional certificado;<\/span><\/li>\n<li class=\"MsoNormal\" style=\"text-align: justify\"><span style=\"font-family: 'Arial',sans-serif\">Seguro de responsabilidade civil;<\/span><\/li>\n<li class=\"MsoNormal\" style=\"text-align: justify\"><span style=\"font-family: 'Arial',sans-serif\">Seguro de acidentes pessoais;<\/span><\/li>\n<li class=\"MsoNormal\" style=\"text-align: justify\"><span lang=\"EN-US\" style=\"font-family: 'Arial',sans-serif\">*Recolha e entrega em hot\u00e9is e pens\u00f5es perto do centro de Angra do Hero\u00edsmo. Fora desta zona, \u00e9 poss\u00edvel, mas tem um custo adicional. <\/span><\/li>\n<\/ul>\n<p class=\"MsoNormal\" style=\"text-align: justify\"><b><span lang=\"EN-US\" style=\"font-family: 'Arial',sans-serif\">O que deves ter em conta?<\/span><\/b><\/p>\n<ul style=\"margin-top: 0cm\" type=\"disc\">\n<li class=\"MsoNormal\" style=\"text-align: justify\"><span style=\"font-family: 'Arial',sans-serif\">M\u00ednimo 2 pessoas;<\/span><\/li>\n<li class=\"MsoNormal\" style=\"text-align: justify\"><span lang=\"EN-US\" style=\"font-family: 'Arial',sans-serif\">Crian\u00e7as dos 6 aos 10 anos com 50% de desconto;<\/span><\/li>\n<li class=\"MsoNormal\" style=\"text-align: justify\"><span lang=\"EN-US\" style=\"font-family: 'Arial',sans-serif\">Crian\u00e7as at\u00e9 aos 5 anos de idade n\u00e3o pagam;<\/span><\/li>\n<li class=\"MsoNormal\" style=\"text-align: justify\"><span style=\"font-family: 'Arial',sans-serif\">Cal\u00e7ado confort\u00e1vel;<\/span><\/li>\n<\/ul>\n<p class=\"MsoNormal\" style=\"text-align: justify\"><b><span style=\"font-family: 'Arial',sans-serif\">Cancelamentos<\/span><\/b><\/p>\n<p class=\"MsoNormal\" style=\"text-align: justify\"><span lang=\"EN-US\" style=\"font-family: 'Arial',sans-serif\">Os clientes receber\u00e3o um reembolso total ou cr\u00e9dito se o cancelamento for efectuado at\u00e9 24 horas antes do in\u00edcio da atividade. Contacta-nos se tiveres alguma d\u00favida sobre as op\u00e7\u00f5es de cancelamento e reembolso. Em caso de n\u00e3o compar\u00eancia, ser-te-\u00e1 cobrado o montante total.  <\/span><\/p>\n","protected":false},"excerpt":{"rendered":"<p>Explora o encanto de Angra do Hero\u00edsmo numa visita guiada a p\u00e9! Descobre a sua rica hist\u00f3ria, marcos emblem\u00e1ticos e belos jardins, terminando com vistas deslumbrantes sobre a ba\u00eda no P\u00e1tio da Alf\u00e2ndega. <\/p>\n","protected":false},"featured_media":19584,"comment_status":"open","ping_status":"closed","template":"","meta":{"_acf_changed":false},"product_brand":[],"product_cat":[539,19279,556,547],"product_tag":[19321,19340],"class_list":{"0":"post-18222","1":"product","2":"type-product","3":"status-publish","4":"has-post-thumbnail","6":"product_cat-atividades-pt-pt","7":"product_cat-terceira-pt-pt","8":"product_cat-todas-as-ilhas","9":"product_cat-visitas-guiadas","10":"product_tag-ilha-terceira","11":"product_tag-ilhaterceira","13":"first","14":"instock","15":"sold-individually","16":"taxable","17":"shipping-taxable","18":"purchasable","19":"product-type-phive_booking"},"acf":[],"_links":{"self":[{"href":"https:\/\/guidetotheazores.pt\/pt-pt\/wp-json\/wp\/v2\/product\/18222","targetHints":{"allow":["GET"]}}],"collection":[{"href":"https:\/\/guidetotheazores.pt\/pt-pt\/wp-json\/wp\/v2\/product"}],"about":[{"href":"https:\/\/guidetotheazores.pt\/pt-pt\/wp-json\/wp\/v2\/types\/product"}],"replies":[{"embeddable":true,"href":"https:\/\/guidetotheazores.pt\/pt-pt\/wp-json\/wp\/v2\/comments?post=18222"}],"wp:featuredmedia":[{"embeddable":true,"href":"https:\/\/guidetotheazores.pt\/pt-pt\/wp-json\/wp\/v2\/media\/19584"}],"wp:attachment":[{"href":"https:\/\/guidetotheazores.pt\/pt-pt\/wp-json\/wp\/v2\/media?parent=18222"}],"wp:term":[{"taxonomy":"product_brand","embeddable":true,"href":"https:\/\/guidetotheazores.pt\/pt-pt\/wp-json\/wp\/v2\/product_brand?post=18222"},{"taxonomy":"product_cat","embeddable":true,"href":"https:\/\/guidetotheazores.pt\/pt-pt\/wp-json\/wp\/v2\/product_cat?post=18222"},{"taxonomy":"product_tag","embeddable":true,"href":"https:\/\/guidetotheazores.pt\/pt-pt\/wp-json\/wp\/v2\/product_tag?post=18222"}],"curies":[{"name":"wp","href":"https:\/\/api.w.org\/{rel}","templated":true}]}}