{"id":18229,"date":"2024-03-31T15:28:50","date_gmt":"2024-03-31T16:28:50","guid":{"rendered":"https:\/\/guidetotheazores.pt\/product\/casa-do-sol\/"},"modified":"2026-01-04T13:27:06","modified_gmt":"2026-01-04T14:27:06","slug":"casa-do-sol","status":"publish","type":"product","link":"https:\/\/guidetotheazores.pt\/pt-pt\/produto\/casa-do-sol\/","title":{"rendered":"Casa do Sol"},"content":{"rendered":"<p>A &#8220;Casa do Sol&#8221; \u00e9 uma grande casa de pedra com acesso direto ao mar. Tem uma bela vista para o mar, para o p\u00f4r do sol e para o lado sul, para as montanhas e para o oceano.<\/p>\n<p>Confort\u00e1vel e muito espa\u00e7oso, ideal para 4 pessoas, tem 80m2 com 2 quartos no r\u00e9s do ch\u00e3o com vista para o mar, uma casa de banho, uma cozinha totalmente equipada e uma sala de estar com sof\u00e1 (pode ser usado como cama extra), TV e aparelhagem.<\/p>\n<p>A casa \u00e9 nova, com uma decora\u00e7\u00e3o acolhedora e est\u00e1 equipada com m\u00e1quina de lavar lou\u00e7a, m\u00e1quina de lavar roupa e ar condicionado. Roupa de cama e toalhas inclu\u00eddas.<\/p>\n<p>Tem um jardim exterior mobilado onde podes apreciar o p\u00f4r do sol no conforto da tua casa.<\/p>\n<p style=\"color: #000000;font-family: 'Helvetica Neue', Helvetica, Roboto, Arial, sans-serif;margin: 0px 0px 20px\">Taxas e impostos n\u00e3o inclu\u00eddos:<br \/>\n&#8211; Solicitamos uma taxa de 25eur por pessoa no momento do check-in.<\/p>\n<p style=\"color: #000000;font-family: 'Helvetica Neue', Helvetica, Roboto, Arial, sans-serif;margin: 0px 0px 20px\">Pol\u00edtica de pagamento:<br \/>\n&#8211; Pedimos-te 100% do valor da reserva com anteced\u00eancia. O pagamento deve ser efectuado por cart\u00e3o de cr\u00e9dito ou transa\u00e7\u00e3o banc\u00e1ria.<br \/>\n** A confirma\u00e7\u00e3o do alojamento s\u00f3 \u00e9 feita ap\u00f3s o pagamento de 100% do valor da estadia. **<\/p>\n<p style=\"color: #000000;font-family: 'Helvetica Neue', Helvetica, Roboto, Arial, sans-serif;margin: 0px 0px 20px\">Pol\u00edtica de cancelamento:<br \/>\n&#8211; N\u00e3o reembols\u00e1vel<\/p>\n<p>&nbsp;<\/p>\n","protected":false},"excerpt":{"rendered":"<p>A &#8220;Casa do Sol&#8221; \u00e9 uma grande casa de pedra com acesso direto ao mar. Tem uma bela vista para o mar, para o p\u00f4r do sol e para o lado sul, para as montanhas e para o oceano.<\/p>\n<p>Confort\u00e1vel e muito espa\u00e7oso, ideal para 4 pessoas, tem 80m2 com 2 quartos no r\u00e9s do ch\u00e3o com vista para o mar, uma casa de banho, uma cozinha totalmente equipada e uma sala de estar com sof\u00e1 (pode ser usado como cama extra), TV e aparelhagem.<\/p>\n","protected":false},"featured_media":16083,"comment_status":"open","ping_status":"closed","template":"","meta":{"_acf_changed":false},"product_brand":[],"product_cat":[536,533,19293,556],"product_tag":[19329],"class_list":{"0":"post-18229","1":"product","2":"type-product","3":"status-publish","4":"has-post-thumbnail","6":"product_cat-alojamento","7":"product_cat-alojamento-local-pt-pt","8":"product_cat-flores-pt-pt","9":"product_cat-todas-as-ilhas","10":"product_tag-ilhadaflores","12":"first","13":"instock","14":"virtual","15":"sold-individually","16":"taxable","17":"purchasable","18":"product-type-phive_booking"},"acf":[],"_links":{"self":[{"href":"https:\/\/guidetotheazores.pt\/pt-pt\/wp-json\/wp\/v2\/product\/18229","targetHints":{"allow":["GET"]}}],"collection":[{"href":"https:\/\/guidetotheazores.pt\/pt-pt\/wp-json\/wp\/v2\/product"}],"about":[{"href":"https:\/\/guidetotheazores.pt\/pt-pt\/wp-json\/wp\/v2\/types\/product"}],"replies":[{"embeddable":true,"href":"https:\/\/guidetotheazores.pt\/pt-pt\/wp-json\/wp\/v2\/comments?post=18229"}],"wp:featuredmedia":[{"embeddable":true,"href":"https:\/\/guidetotheazores.pt\/pt-pt\/wp-json\/wp\/v2\/media\/16083"}],"wp:attachment":[{"href":"https:\/\/guidetotheazores.pt\/pt-pt\/wp-json\/wp\/v2\/media?parent=18229"}],"wp:term":[{"taxonomy":"product_brand","embeddable":true,"href":"https:\/\/guidetotheazores.pt\/pt-pt\/wp-json\/wp\/v2\/product_brand?post=18229"},{"taxonomy":"product_cat","embeddable":true,"href":"https:\/\/guidetotheazores.pt\/pt-pt\/wp-json\/wp\/v2\/product_cat?post=18229"},{"taxonomy":"product_tag","embeddable":true,"href":"https:\/\/guidetotheazores.pt\/pt-pt\/wp-json\/wp\/v2\/product_tag?post=18229"}],"curies":[{"name":"wp","href":"https:\/\/api.w.org\/{rel}","templated":true}]}}