{"id":18230,"date":"2024-03-31T15:41:18","date_gmt":"2024-03-31T16:41:18","guid":{"rendered":"https:\/\/guidetotheazores.pt\/product\/casa-da-lua\/"},"modified":"2026-01-04T13:26:46","modified_gmt":"2026-01-04T14:26:46","slug":"casa-da-lua","status":"publish","type":"product","link":"https:\/\/guidetotheazores.pt\/pt-pt\/produto\/casa-da-lua\/","title":{"rendered":"Casa da Lua"},"content":{"rendered":"<p>A &#8220;Casa da Lua&#8221; \u00e9 uma casa de pedra com acesso direto ao mar, com vista a oeste para o oceano e o p\u00f4r do sol e a norte para as montanhas. Todas estas vistas podem ser apreciadas a partir do jardim ou da varanda.<\/p>\n<p>Casa confort\u00e1vel para 6 pessoas, tem 70m2 e 3 quartos, 2 dos quais com camas de casal e os outros 2 com camas individuais.<\/p>\n<p>A casa tem 2 quartos com vista para o mar, 2 casas de banho, uma cozinha totalmente equipada e uma grande sala de estar com um sof\u00e1 (cama extra), televis\u00e3o e aparelhagem de som.<\/p>\n<p>A casa \u00e9 nova e tem m\u00e1quina de lavar lou\u00e7a, m\u00e1quina de lavar roupa e ventoinha. Decorado num estilo acolhedor, inclui roupa de cama e toalhas.<\/p>\n","protected":false},"excerpt":{"rendered":"<p>A &#8220;Casa da Lua&#8221; \u00e9 uma casa de pedra com acesso direto ao mar, com vista a oeste para o oceano e o p\u00f4r do sol e a norte para as montanhas. Todas estas vistas podem ser apreciadas a partir do jardim ou da varanda.<\/p>\n<p>Casa confort\u00e1vel para 6 pessoas, tem 70m2 e 3 quartos, 2 dos quais com camas de casal e os outros 2 com camas individuais.<\/p>\n","protected":false},"featured_media":16102,"comment_status":"open","ping_status":"closed","template":"","meta":{"_acf_changed":false},"product_brand":[],"product_cat":[536,533,19293,556],"product_tag":[19329],"class_list":{"0":"post-18230","1":"product","2":"type-product","3":"status-publish","4":"has-post-thumbnail","6":"product_cat-alojamento","7":"product_cat-alojamento-local-pt-pt","8":"product_cat-flores-pt-pt","9":"product_cat-todas-as-ilhas","10":"product_tag-ilhadaflores","12":"first","13":"instock","14":"sold-individually","15":"taxable","16":"shipping-taxable","17":"purchasable","18":"product-type-phive_booking"},"acf":[],"_links":{"self":[{"href":"https:\/\/guidetotheazores.pt\/pt-pt\/wp-json\/wp\/v2\/product\/18230","targetHints":{"allow":["GET"]}}],"collection":[{"href":"https:\/\/guidetotheazores.pt\/pt-pt\/wp-json\/wp\/v2\/product"}],"about":[{"href":"https:\/\/guidetotheazores.pt\/pt-pt\/wp-json\/wp\/v2\/types\/product"}],"replies":[{"embeddable":true,"href":"https:\/\/guidetotheazores.pt\/pt-pt\/wp-json\/wp\/v2\/comments?post=18230"}],"wp:featuredmedia":[{"embeddable":true,"href":"https:\/\/guidetotheazores.pt\/pt-pt\/wp-json\/wp\/v2\/media\/16102"}],"wp:attachment":[{"href":"https:\/\/guidetotheazores.pt\/pt-pt\/wp-json\/wp\/v2\/media?parent=18230"}],"wp:term":[{"taxonomy":"product_brand","embeddable":true,"href":"https:\/\/guidetotheazores.pt\/pt-pt\/wp-json\/wp\/v2\/product_brand?post=18230"},{"taxonomy":"product_cat","embeddable":true,"href":"https:\/\/guidetotheazores.pt\/pt-pt\/wp-json\/wp\/v2\/product_cat?post=18230"},{"taxonomy":"product_tag","embeddable":true,"href":"https:\/\/guidetotheazores.pt\/pt-pt\/wp-json\/wp\/v2\/product_tag?post=18230"}],"curies":[{"name":"wp","href":"https:\/\/api.w.org\/{rel}","templated":true}]}}