{"id":18231,"date":"2024-06-06T07:54:32","date_gmt":"2024-06-06T08:54:32","guid":{"rendered":"https:\/\/guidetotheazores.pt\/product\/reserva-do-ilheu-de-vila-franca-16-de-outubro-a-14-de-abril\/"},"modified":"2026-01-04T13:23:35","modified_gmt":"2026-01-04T14:23:35","slug":"reserva-do-ilheu-de-vila-franca-16-de-outubro-a-14-de-abril","status":"publish","type":"product","link":"https:\/\/guidetotheazores.pt\/pt-pt\/produto\/reserva-do-ilheu-de-vila-franca-16-de-outubro-a-14-de-abril\/","title":{"rendered":"Reserva do Ilh\u00e9u de Vila Franca (16 de outubro a 14 de abril)"},"content":{"rendered":"<p>V\u00ea de perto uma maravilha vulc\u00e2nica &#8211; o Ilh\u00e9u de Vila Franca do Campo, reserva natural protegida ao largo da costa. Descobre mais sobre a sua geologia, fauna e flora vivas!<\/p>\n<p>O passeio come\u00e7a com uma breve introdu\u00e7\u00e3o \u00e0 geologia do ilh\u00e9u vulc\u00e2nico, \u00e0s esp\u00e9cies vegetais e animais que podem ser encontradas, \u00e0s regras da reserva natural e \u00e0 seguran\u00e7a. Segue o Guia e o Skipper at\u00e9 ao barco que lhe foi atribu\u00eddo, durante 10 minutos de viagem por mar at\u00e9 ao Ilh\u00e9u.<\/p>\n<p>Desembarcar\u00e1s no porto do ilh\u00e9u, para uma visita de hora e meia para explorar a maravilha vulc\u00e2nica e as suas carater\u00edsticas not\u00f3rias. A cratera do ilh\u00e9u \u00e9 rochosa, com esp\u00e9cies end\u00e9micas de urze, pinheiro-bravo e outras esp\u00e9cies de flora que fazem deste um belo habitat para a vida selvagem, sendo frequente a observa\u00e7\u00e3o de aves, tais como abutres, ma\u00e7aricos, pilritos, gar\u00e7as, poupas, can\u00e1rios, alv\u00e9olas e at\u00e9 col\u00f3nias de caranguejos Sally lightfoot!<\/p>\n<p>\u00c9 rica em vida durante todo o ano, especialmente no outono e no inverno. O teu guia manter-te-\u00e1 informado sobre o que est\u00e1s a observar e est\u00e1 dispon\u00edvel durante toda a visita para responder a quaisquer perguntas espec\u00edficas &#8211; n\u00e3o hesites em perguntar!<\/p>\n<p>\u00c0s 16:15, regressa \u00e0 Marina para o check-out.<\/p>\n<p>Recomendamos-te que fa\u00e7as uma alimenta\u00e7\u00e3o ligeira e que tragas a tua reserva pessoal de \u00e1gua, protetor solar e batom para o sol. \u00c9 permitida comida ligeira e uma m\u00e1quina fotogr\u00e1fica \u00e9 essencial, especialmente para os amantes da fotografia &#8211; protege o teu equipamento pessoal.<\/p>\n<p>N\u00c3O SE DESTINA a pessoas gr\u00e1vidas, com dores nas costas, em cadeira de rodas, em condi\u00e7\u00f5es de sa\u00fade delicadas ou com menos de 4 anos.<\/p>\n<p>Nesta altura do ano, n\u00e3o \u00e9 permitido tomar banho.<\/p>\n","protected":false},"excerpt":{"rendered":"<p>V\u00ea de perto uma maravilha vulc\u00e2nica &#8211; o Ilh\u00e9u de Vila Franca do Campo, reserva natural protegida ao largo da costa. Descobre mais sobre a sua geologia, fauna e flora vivas!<\/p>\n<p>O passeio come\u00e7a com uma breve introdu\u00e7\u00e3o \u00e0 geologia do ilh\u00e9u vulc\u00e2nico, \u00e0s esp\u00e9cies vegetais e animais que podem ser encontradas, \u00e0s regras da reserva natural e \u00e0 seguran\u00e7a. Segue o Guia e o Skipper at\u00e9 ao barco que lhe foi atribu\u00eddo, durante 10 minutos de viagem por mar at\u00e9 ao Ilh\u00e9u.<\/p>\n","protected":false},"featured_media":16643,"comment_status":"open","ping_status":"closed","template":"","meta":{"_acf_changed":false},"product_brand":[],"product_cat":[19306,539,556,550,547],"product_tag":[19324],"class_list":{"0":"post-18231","1":"product","2":"type-product","3":"status-publish","4":"has-post-thumbnail","6":"product_cat-sao-miguel-pt-pt","7":"product_cat-atividades-pt-pt","8":"product_cat-todas-as-ilhas","9":"product_cat-velejar","10":"product_cat-visitas-guiadas","11":"product_tag-ilhasaomiguel","13":"first","14":"instock","15":"virtual","16":"sold-individually","17":"taxable","18":"purchasable","19":"product-type-phive_booking"},"acf":[],"_links":{"self":[{"href":"https:\/\/guidetotheazores.pt\/pt-pt\/wp-json\/wp\/v2\/product\/18231","targetHints":{"allow":["GET"]}}],"collection":[{"href":"https:\/\/guidetotheazores.pt\/pt-pt\/wp-json\/wp\/v2\/product"}],"about":[{"href":"https:\/\/guidetotheazores.pt\/pt-pt\/wp-json\/wp\/v2\/types\/product"}],"replies":[{"embeddable":true,"href":"https:\/\/guidetotheazores.pt\/pt-pt\/wp-json\/wp\/v2\/comments?post=18231"}],"wp:featuredmedia":[{"embeddable":true,"href":"https:\/\/guidetotheazores.pt\/pt-pt\/wp-json\/wp\/v2\/media\/16643"}],"wp:attachment":[{"href":"https:\/\/guidetotheazores.pt\/pt-pt\/wp-json\/wp\/v2\/media?parent=18231"}],"wp:term":[{"taxonomy":"product_brand","embeddable":true,"href":"https:\/\/guidetotheazores.pt\/pt-pt\/wp-json\/wp\/v2\/product_brand?post=18231"},{"taxonomy":"product_cat","embeddable":true,"href":"https:\/\/guidetotheazores.pt\/pt-pt\/wp-json\/wp\/v2\/product_cat?post=18231"},{"taxonomy":"product_tag","embeddable":true,"href":"https:\/\/guidetotheazores.pt\/pt-pt\/wp-json\/wp\/v2\/product_tag?post=18231"}],"curies":[{"name":"wp","href":"https:\/\/api.w.org\/{rel}","templated":true}]}}