{"id":18232,"date":"2024-06-06T08:06:23","date_gmt":"2024-06-06T09:06:23","guid":{"rendered":"https:\/\/guidetotheazores.pt\/product\/em-torno-do-ilheu-de-vila-franca-do-campo-15-de-abril-a-15-de-outubro\/"},"modified":"2026-01-04T13:23:21","modified_gmt":"2026-01-04T14:23:21","slug":"em-torno-do-ilheu-de-vila-franca-do-campo-15-de-abril-a-15-de-outubro","status":"publish","type":"product","link":"https:\/\/guidetotheazores.pt\/pt-pt\/produto\/em-torno-do-ilheu-de-vila-franca-do-campo-15-de-abril-a-15-de-outubro\/","title":{"rendered":"Em torno do Ilh\u00e9u de Vila Franca do Campo (15 de abril a 15 de outubro)"},"content":{"rendered":"<p>Passeia de barco \u00e0 volta do Ilh\u00e9u de Vila Franca do Campo, v\u00ea e aprende sobre a geologia e o habitat vivo do belo vulc\u00e3o submerso!<\/p>\n<p>A excurs\u00e3o come\u00e7a com uma breve introdu\u00e7\u00e3o \u00e0 geologia e \u00e0 vida selvagem do ilh\u00e9u, \u00e0 reserva natural e \u00e0 seguran\u00e7a do barco. Segue o Guia e o Skipper at\u00e9 ao barco que te foi designado para uma viagem de 5 minutos por mar at\u00e9 ao Ilh\u00e9u.<\/p>\n<p>Desfruta de uma explora\u00e7\u00e3o de barco para ver e admirar a maravilha vulc\u00e2nica e as suas not\u00f3rias carater\u00edsticas geol\u00f3gicas e os destaques sazonais da vida marinha, com uma narrativa encantadora enquanto circunda o Ilh\u00e9u de Vila Franca do Campo.<\/p>\n<p>Uma bela rel\u00edquia exposta de um cone vulc\u00e2nico oce\u00e2nico e um santu\u00e1rio mar\u00edtimo \u00fanico, rico em vida selvagem, esculpido pelas for\u00e7as do mar e da atividade s\u00edsmica, para aves e peixes e at\u00e9 caranguejos, \u00e9 especialmente rico em vida do outono \u00e0 primavera! \u00c9 tamb\u00e9m um fator de influ\u00eancia proeminente na hist\u00f3ria de Vila Franca do Campo e da ilha, uma representa\u00e7\u00e3o do abra\u00e7o resiliente da vida \u00e0 beira do Atl\u00e2ntico.<\/p>\n<p>O teu guia manter-te-\u00e1 informado sobre o que est\u00e1s a observar e est\u00e1 dispon\u00edvel para qualquer pergunta espec\u00edfica &#8211; n\u00e3o hesites em perguntar! Depois do passeio de barco, regressa \u00e0 Marina para o check-out.<\/p>\n<p>Recomendamos-te que estejas presente \u00e0 hora marcada para o registo e para o briefing. Come pouco, traz a tua reserva pessoal de \u00e1gua, protetor solar e batom para o sol, e roupa quente, uma vez que as temperaturas podem variar. \u00c9 permitida comida ligeira a bordo e uma m\u00e1quina fotogr\u00e1fica \u00e9 essencial, especialmente para os amantes da fotografia &#8211; por favor, protege os equipamentos electr\u00f3nicos e pessoais.<\/p>\n<p>N\u00e3o recomendamos esta excurs\u00e3o a pessoas gr\u00e1vidas, com problemas de costas, em estado de sa\u00fade delicado, nem a crian\u00e7as com menos de 4 anos.<\/p>\n<p>N\u00e3o \u00e9 permitido tomar banho nesta excurs\u00e3o.<\/p>\n","protected":false},"excerpt":{"rendered":"<p>Passeia de barco \u00e0 volta do Ilh\u00e9u de Vila Franca do Campo, v\u00ea e aprende sobre a geologia e o habitat vivo do belo vulc\u00e3o submerso!<\/p>\n<p>A excurs\u00e3o come\u00e7a com uma breve introdu\u00e7\u00e3o \u00e0 geologia e \u00e0 vida selvagem do ilh\u00e9u, \u00e0 reserva natural e \u00e0 seguran\u00e7a do barco. Segue o Guia e o Skipper at\u00e9 ao barco que te foi designado para uma viagem de 5 minutos por mar at\u00e9 ao Ilh\u00e9u.<\/p>\n","protected":false},"featured_media":16643,"comment_status":"open","ping_status":"closed","template":"","meta":{"_acf_changed":false},"product_brand":[],"product_cat":[19306,539,556,550,547],"product_tag":[19324],"class_list":{"0":"post-18232","1":"product","2":"type-product","3":"status-publish","4":"has-post-thumbnail","6":"product_cat-sao-miguel-pt-pt","7":"product_cat-atividades-pt-pt","8":"product_cat-todas-as-ilhas","9":"product_cat-velejar","10":"product_cat-visitas-guiadas","11":"product_tag-ilhasaomiguel","13":"first","14":"instock","15":"virtual","16":"sold-individually","17":"taxable","18":"purchasable","19":"product-type-phive_booking"},"acf":[],"_links":{"self":[{"href":"https:\/\/guidetotheazores.pt\/pt-pt\/wp-json\/wp\/v2\/product\/18232","targetHints":{"allow":["GET"]}}],"collection":[{"href":"https:\/\/guidetotheazores.pt\/pt-pt\/wp-json\/wp\/v2\/product"}],"about":[{"href":"https:\/\/guidetotheazores.pt\/pt-pt\/wp-json\/wp\/v2\/types\/product"}],"replies":[{"embeddable":true,"href":"https:\/\/guidetotheazores.pt\/pt-pt\/wp-json\/wp\/v2\/comments?post=18232"}],"wp:featuredmedia":[{"embeddable":true,"href":"https:\/\/guidetotheazores.pt\/pt-pt\/wp-json\/wp\/v2\/media\/16643"}],"wp:attachment":[{"href":"https:\/\/guidetotheazores.pt\/pt-pt\/wp-json\/wp\/v2\/media?parent=18232"}],"wp:term":[{"taxonomy":"product_brand","embeddable":true,"href":"https:\/\/guidetotheazores.pt\/pt-pt\/wp-json\/wp\/v2\/product_brand?post=18232"},{"taxonomy":"product_cat","embeddable":true,"href":"https:\/\/guidetotheazores.pt\/pt-pt\/wp-json\/wp\/v2\/product_cat?post=18232"},{"taxonomy":"product_tag","embeddable":true,"href":"https:\/\/guidetotheazores.pt\/pt-pt\/wp-json\/wp\/v2\/product_tag?post=18232"}],"curies":[{"name":"wp","href":"https:\/\/api.w.org\/{rel}","templated":true}]}}