{"id":18236,"date":"2024-08-21T15:44:57","date_gmt":"2024-08-21T16:44:57","guid":{"rendered":"https:\/\/guidetotheazores.pt\/product\/meio-dia-algar-do-carvao-rota-do-lava-com-vinho\/"},"modified":"2026-01-04T13:21:20","modified_gmt":"2026-01-04T14:21:20","slug":"meio-dia-algar-do-carvao-rota-do-lava-com-vinho","status":"publish","type":"product","link":"https:\/\/guidetotheazores.pt\/pt-pt\/produto\/meio-dia-algar-do-carvao-rota-do-lava-com-vinho\/","title":{"rendered":"Passeio de meio dia: Algar do Carv\u00e3o &#8211; Rota do Lava"},"content":{"rendered":"<p class=\"MsoNormal\"><b style=\"text-align: justify\"><span style=\"font-size: 18.0pt;line-height: 115%;font-family: 'Arial',sans-serif\">Passeio de meio dia: Algar do Carv\u00e3o &#8211; Rota do Lava<\/span><\/b><\/p>\n<p class=\"MsoNormal\" style=\"text-align: justify\"><span lang=\"EN-US\" style=\"font-family: 'Arial',sans-serif\">Inclui: 3 horas (aprox.) &#8211; Pick up &amp; Drop off* &#8211; Portugu\u00eas, Ingl\u00eas e Espanhol &#8211; Minibus\/Minivan<\/span><\/p>\n<p class=\"MsoNormal\" style=\"text-align: justify\"><b><span lang=\"EN-US\" style=\"font-size: 13.0pt;line-height: 115%;font-family: 'Arial',sans-serif\">Partida<\/span><\/b><\/p>\n<p class=\"MsoNormal\" style=\"text-align: justify\"><span lang=\"EN-US\" style=\"font-family: 'Arial',sans-serif\">Hora: 02h00 PM<\/span><\/p>\n<p class=\"MsoNormal\" style=\"text-align: justify\"><b><span lang=\"EN-US\" style=\"font-size: 13.0pt;line-height: 115%;font-family: 'Arial',sans-serif\">Chegada<\/span><\/b><\/p>\n<p class=\"MsoNormal\" style=\"text-align: justify\"><span lang=\"EN-US\" style=\"font-family: 'Arial',sans-serif\">Hora: 05h00 PM<\/span><\/p>\n<p class=\"MsoNormal\" style=\"text-align: justify\"><b><span lang=\"EN-US\" style=\"font-size: 13.0pt;line-height: 115%;font-family: 'Arial',sans-serif\">Dificuldade<\/span><\/b><\/p>\n<p class=\"MsoNormal\" style=\"text-align: justify\"><span lang=\"EN-US\" style=\"font-family: 'Arial',sans-serif\">\u00c9 f\u00e1cil<\/span><\/p>\n<p class=\"MsoNormal\" style=\"text-align: justify\"><b><span lang=\"EN-US\" style=\"font-size: 13.0pt;line-height: 115%;font-family: 'Arial',sans-serif\">Descri\u00e7\u00e3o<\/span><\/b><\/p>\n<p class=\"MsoNormal\" style=\"text-align: justify\"><span lang=\"EN-US\" style=\"font-family: 'Arial',sans-serif\">Explora a geologia da Ilha Terceira, uma verdadeira joia esculpida pela for\u00e7a dos vulc\u00f5es ao longo de mil\u00e9nios. Sente a tranquilidade da Lagoa das Patas e as fant\u00e1sticas criptom\u00e9rias.   <\/span><\/p>\n<p class=\"MsoNormal\" style=\"text-align: justify\"><span lang=\"EN-US\" style=\"font-family: 'Arial',sans-serif\">Percorre o tubo l\u00e1vico da Gruta do Natal, uma excelente forma de viajar pela forma\u00e7\u00e3o da ilha.  <\/span><\/p>\n<p class=\"MsoNormal\" style=\"text-align: justify\"><span lang=\"EN-US\" style=\"font-family: 'Arial',sans-serif\">Experimenta a atividade vulc\u00e2nica do interior da Terra numa visita \u00e0s Furnas do Enxofre.  <\/span><\/p>\n<p class=\"MsoNormal\" style=\"text-align: justify\"><span lang=\"EN-US\" style=\"font-family: 'Arial',sans-serif\">Aventura-te no Algar do Carv\u00e3o**, um dos poucos vulc\u00f5es visit\u00e1veis do mundo.  <\/span><\/p>\n<p class=\"MsoNormal\" style=\"text-align: justify\"><span lang=\"EN-US\" style=\"font-family: 'Arial',sans-serif\">Cada passo que d\u00e1s na Ilha Terceira \u00e9 uma viagem \u00e0 origem da Terra, onde a Natureza est\u00e1 em perfeita harmonia.<\/span><\/p>\n<ul style=\"margin-top: 0cm\" type=\"disc\">\n<li class=\"MsoNormal\" style=\"text-align: justify;line-height: normal\"><span style=\"font-family: 'Arial',sans-serif\">Lagoa das Patas<b>;<\/b> <\/span><\/li>\n<\/ul>\n<ul style=\"margin-top: 0cm\" type=\"disc\">\n<li class=\"MsoNormal\" style=\"text-align: justify;line-height: normal\"><span style=\"font-family: 'Arial',sans-serif\">Gruta do Natal;  <\/span><\/li>\n<\/ul>\n<ul style=\"margin-top: 0cm\" type=\"disc\">\n<li class=\"MsoNormal\" style=\"text-align: justify;line-height: normal\"><span style=\"font-family: 'Arial',sans-serif\">Furnas do enxofre;  <\/span><\/li>\n<\/ul>\n<ul style=\"margin-top: 0cm\" type=\"disc\">\n<li class=\"MsoNormal\" style=\"text-align: justify;line-height: normal\"><span style=\"font-family: 'Arial',sans-serif\">Algar do Carv\u00e3o** (est\u00e1 temporariamente encerrado<b>)<\/b><\/span><\/li>\n<\/ul>\n<p class=\"MsoNormal\" style=\"text-align: justify\"><b><span style=\"font-size: 13.0pt;line-height: 115%;font-family: 'Arial',sans-serif\">O que \u00e9 que inclui?<\/span><\/b><\/p>\n<ul style=\"margin-top: 0cm\" type=\"disc\">\n<li class=\"MsoNormal\" style=\"text-align: justify\"><span style=\"font-family: 'Arial',sans-serif\">Entra no Algar do Carv\u00e3o;<\/span><\/li>\n<li class=\"MsoNormal\" style=\"text-align: justify\"><span style=\"font-family: 'Arial',sans-serif\">Entra na Gruta do Natal;<\/span><\/li>\n<li class=\"MsoNormal\" style=\"text-align: justify\"><span style=\"font-family: 'Arial',sans-serif\">Condutor\/guia profissional certificado;<\/span><\/li>\n<li class=\"MsoNormal\" style=\"text-align: justify\"><span style=\"font-family: 'Arial',sans-serif\">Seguro de responsabilidade civil;<\/span><\/li>\n<li class=\"MsoNormal\" style=\"text-align: justify\"><span style=\"font-family: 'Arial',sans-serif\">Seguro de acidentes pessoais;<\/span><\/li>\n<li class=\"MsoNormal\" style=\"text-align: justify\"><span lang=\"EN-US\" style=\"font-family: 'Arial',sans-serif\">*Recolha e entrega em hot\u00e9is e pens\u00f5es perto do centro de Angra do Hero\u00edsmo. Fora desta zona, \u00e9 poss\u00edvel, mas tem um custo adicional. <\/span><\/li>\n<\/ul>\n<p class=\"MsoNormal\" style=\"text-align: justify\"><b><span lang=\"EN-US\" style=\"font-size: 13.0pt;line-height: 115%;font-family: 'Arial',sans-serif\">O que deves ter em conta?<\/span><\/b><\/p>\n<ul style=\"margin-top: 0cm\" type=\"disc\">\n<li class=\"MsoNormal\" style=\"text-align: justify\"><span style=\"font-family: 'Arial',sans-serif\">M\u00ednimo 2 pessoas;<\/span><\/li>\n<li class=\"MsoNormal\" style=\"text-align: justify\"><span lang=\"EN-US\" style=\"font-family: 'Arial',sans-serif\">Crian\u00e7as dos 6 aos 10 anos com 50% de desconto;<\/span><\/li>\n<li class=\"MsoNormal\" style=\"text-align: justify\"><span lang=\"EN-US\" style=\"font-family: 'Arial',sans-serif\">Crian\u00e7as at\u00e9 aos 5 anos de idade n\u00e3o pagam;<\/span><\/li>\n<li class=\"MsoNormal\" style=\"text-align: justify\"><span style=\"font-family: 'Arial',sans-serif\">Cal\u00e7ado confort\u00e1vel;<\/span><\/li>\n<li class=\"MsoNormal\" style=\"text-align: justify\"><span lang=\"EN-US\" style=\"font-family: 'Arial',sans-serif\">Casaco leve de chuva ou corta-vento.<\/span><\/li>\n<li class=\"MsoNormal\" style=\"text-align: justify\"><b><span style=\"font-family: 'Arial',sans-serif\">**<\/span><\/b><span style=\"font-family: 'Arial',sans-serif\">O Algar do Carv\u00e3o est\u00e1 temporariamente encerrado.<\/span><\/li>\n<\/ul>\n<p class=\"MsoNormal\" style=\"text-align: justify\"><b><span style=\"font-size: 13.0pt;line-height: 115%;font-family: 'Arial',sans-serif\">Cancelamentos<\/span><\/b><\/p>\n<p class=\"MsoNormal\" style=\"text-align: justify\"><span lang=\"EN-US\" style=\"font-family: 'Arial',sans-serif\">Os clientes receber\u00e3o um reembolso total ou cr\u00e9dito se o cancelamento for efectuado at\u00e9 24 horas antes do in\u00edcio da atividade. Contacta-nos se tiveres alguma d\u00favida sobre as op\u00e7\u00f5es de cancelamento e reembolso. Em caso de n\u00e3o compar\u00eancia, ser-te-\u00e1 cobrado o montante total.  <\/span><\/p>\n<p class=\"MsoNormal\" style=\"text-align: justify\"><span lang=\"EN-US\" style=\"font-family: 'Segoe UI Emoji',sans-serif\"> <\/span><\/p>\n<p class=\"MsoNormal\"><span style=\"font-family: 'Segoe UI Emoji', sans-serif\"> <\/span><b style=\"text-align: justify\"><\/b><\/p>\n","protected":false},"excerpt":{"rendered":"<div class=\"text-base my-auto mx-auto pb-10 [--thread-content-margin:--spacing(4)] @[37rem]:[--thread-content-margin:--spacing(6)] @[72rem]:[--thread-content-margin:--spacing(16)] px-(--thread-content-margin)\">\n<div class=\"[--thread-content-max-width:32rem] @[34rem]:[--thread-content-max-width:40rem] @[64rem]:[--thread-content-max-width:48rem] mx-auto max-w-(--thread-content-max-width) flex-1 group\/turn-messages focus-visible:outline-hidden relative flex w-full min-w-0 flex-col agent-turn\">\n<div class=\"flex max-w-full flex-col grow\">\n<div class=\"min-h-8 text-message relative flex w-full flex-col items-end gap-2 text-start break-words whitespace-normal [.text-message+&amp;]:mt-5\" dir=\"auto\" data-message-author-role=\"assistant\" data-message-id=\"5933dbbe-0e8e-4dc6-a073-ac57525e492a\" data-message-model-slug=\"gpt-4o\">\n<div class=\"flex w-full flex-col gap-1 empty:hidden first:pt-[3px]\">\n<div class=\"markdown prose dark:prose-invert w-full break-words light markdown-new-styling\">\n<p data-start=\"0\" data-end=\"213\" data-is-last-node=\"\" data-is-only-node=\"\">Descobre a alma vulc\u00e2nica da Ilha Terceira! Percorre os tubos de lava, sente o vapor das Furnas do Enxofre e desce ao incr\u00edvel Algar do Carv\u00e3o*. Uma viagem pela natureza, pela geologia e pelas origens a\u00e7orianas.  <\/p>\n<p>*<b>O Algar<\/b>do Carv\u00e3o est\u00e1 temporariamente encerrado.<\/p>\n<\/div>\n<\/div>\n<\/div>\n<\/div>\n<\/div>\n<\/div>\n","protected":false},"featured_media":19605,"comment_status":"open","ping_status":"closed","template":"","meta":{"_acf_changed":false},"product_brand":[],"product_cat":[534,539,545,19279,556,555,547],"product_tag":[19321,19340],"class_list":{"0":"post-18236","1":"product","2":"type-product","3":"status-publish","4":"has-post-thumbnail","6":"product_cat-alimentos-e-bebidas","7":"product_cat-atividades-pt-pt","8":"product_cat-geotourism-pt-pt","9":"product_cat-terceira-pt-pt","10":"product_cat-todas-as-ilhas","11":"product_cat-vinhos-acorianos","12":"product_cat-visitas-guiadas","13":"product_tag-ilha-terceira","14":"product_tag-ilhaterceira","16":"first","17":"instock","18":"virtual","19":"sold-individually","20":"taxable","21":"purchasable","22":"product-type-phive_booking"},"acf":[],"_links":{"self":[{"href":"https:\/\/guidetotheazores.pt\/pt-pt\/wp-json\/wp\/v2\/product\/18236","targetHints":{"allow":["GET"]}}],"collection":[{"href":"https:\/\/guidetotheazores.pt\/pt-pt\/wp-json\/wp\/v2\/product"}],"about":[{"href":"https:\/\/guidetotheazores.pt\/pt-pt\/wp-json\/wp\/v2\/types\/product"}],"replies":[{"embeddable":true,"href":"https:\/\/guidetotheazores.pt\/pt-pt\/wp-json\/wp\/v2\/comments?post=18236"}],"wp:featuredmedia":[{"embeddable":true,"href":"https:\/\/guidetotheazores.pt\/pt-pt\/wp-json\/wp\/v2\/media\/19605"}],"wp:attachment":[{"href":"https:\/\/guidetotheazores.pt\/pt-pt\/wp-json\/wp\/v2\/media?parent=18236"}],"wp:term":[{"taxonomy":"product_brand","embeddable":true,"href":"https:\/\/guidetotheazores.pt\/pt-pt\/wp-json\/wp\/v2\/product_brand?post=18236"},{"taxonomy":"product_cat","embeddable":true,"href":"https:\/\/guidetotheazores.pt\/pt-pt\/wp-json\/wp\/v2\/product_cat?post=18236"},{"taxonomy":"product_tag","embeddable":true,"href":"https:\/\/guidetotheazores.pt\/pt-pt\/wp-json\/wp\/v2\/product_tag?post=18236"}],"curies":[{"name":"wp","href":"https:\/\/api.w.org\/{rel}","templated":true}]}}